{"id":2861,"date":"2020-04-20T21:03:49","date_gmt":"2020-04-20T19:03:49","guid":{"rendered":"http:\/\/cajovnajasminka.sk\/?post_type=product&#038;p=2861"},"modified":"2020-04-20T21:10:55","modified_gmt":"2020-04-20T19:10:55","slug":"yogi","status":"publish","type":"product","link":"http:\/\/cajovnajasminka.sk\/?product=yogi","title":{"rendered":"Yogi"},"content":{"rendered":"<article class=\"product boxRow\">\n<div class=\"detailLong clear\">\n<div class=\"userHTMLContent productDescritionLong\">\n<p><strong>Yogi<\/strong> je najzn\u00e1mej\u0161ia ajurv\u00e9dska zmes vhodn\u00e1 na kombinovanie s \u010diernym \u010dajom a mliekom. V\u00fdvar je v\u00fdborn\u00fd na prehriatie organizmu, m\u00e1 antibakteri\u00e1lne \u00fa\u010dinky, posil\u0148uje imunitu, pom\u00e1ha pri nachladnut\u00ed, ka\u0161\u013eu, z\u00e1paloch a bolestiach krku, \u00fanave, bolestiach hlavy a podporuje mozgov\u00fa \u010dinnos\u0165. Zmes korenia podporuje tr\u00e1venie a vylu\u010dovanie, \u010dist\u00ed krv. Vo\u0148av\u00fd a sladk\u00fd Yogi \u010daj uvo\u013e\u0148uje myse\u013e k relax\u00e1cii a p\u00f4sob\u00ed ako jemn\u00e9 afrodiziakum.<\/p>\n<p><strong>Pr\u00edprava:\u00a0<\/strong>1 \u010dajov\u00fa ly\u017ei\u010dku Ajurv\u00e9dskeho \u010daju povar\u00edme v 5 dcl vody 5 min\u00fat a potom l\u00fahujeme 10 min\u00fat. Po preceden\u00ed pod\u00e1vame.<\/p>\n<\/div>\n<\/div>\n<\/article>\n<p><strong>Zlo\u017eenie:\u00a0<\/strong>\u0161korica, z\u00e1zvor, klin\u010deky, \u010dierne korenie, kardamom &#8211; v\u0161etko organic kultiv\u00e1cia<br \/>\nkorenist\u00fd \u010daj v\u00fdborn\u00fd s mliekom<\/p>\n<p><strong>Obsah balenia :\u00a0<\/strong>vyberte mno\u017estvo<\/p>\n","protected":false},"excerpt":{"rendered":"<p><strong>Cena je uveden\u00e1 za 50 g \u010daju\u00a0<\/strong><\/p>\n<p><strong>Hrejiv\u00fd afrodiziak\u00e1lny \u010daj<\/strong><\/p>\n<p>&nbsp;<\/p>\n","protected":false},"featured_media":2866,"comment_status":"open","ping_status":"closed","template":"","meta":[],"_links":{"self":[{"href":"http:\/\/cajovnajasminka.sk\/index.php?rest_route=\/wp\/v2\/product\/2861"}],"collection":[{"href":"http:\/\/cajovnajasminka.sk\/index.php?rest_route=\/wp\/v2\/product"}],"about":[{"href":"http:\/\/cajovnajasminka.sk\/index.php?rest_route=\/wp\/v2\/types\/product"}],"replies":[{"embeddable":true,"href":"http:\/\/cajovnajasminka.sk\/index.php?rest_route=%2Fwp%2Fv2%2Fcomments&post=2861"}],"wp:featuredmedia":[{"embeddable":true,"href":"http:\/\/cajovnajasminka.sk\/index.php?rest_route=\/wp\/v2\/media\/2866"}],"wp:attachment":[{"href":"http:\/\/cajovnajasminka.sk\/index.php?rest_route=%2Fwp%2Fv2%2Fmedia&parent=2861"}],"curies":[{"name":"wp","href":"https:\/\/api.w.org\/{rel}","templated":true}]}}