{"id":2849,"date":"2020-04-20T20:49:06","date_gmt":"2020-04-20T18:49:06","guid":{"rendered":"http:\/\/cajovnajasminka.sk\/?post_type=product&#038;p=2849"},"modified":"2020-04-20T20:52:56","modified_gmt":"2020-04-20T18:52:56","slug":"pu-erh-yunnan-spalovac-tukov","status":"publish","type":"product","link":"http:\/\/cajovnajasminka.sk\/?product=pu-erh-yunnan-spalovac-tukov","title":{"rendered":"Pu-erh Yunnan- spa\u013eova\u010d tukov"},"content":{"rendered":"<p>Pu erh Superior je vy\u0161\u0161ia trieda tohto vynikaj\u00faceho \u010daju z \u010d\u00ednskej provincie Yunnan. Pu Erh je po celom svete zn\u00e1my svojimi mimoriadnymi zdravotn\u00fdmi \u00fa\u010dinkami. Pod\u013ea \u010d\u00ednskej trad\u00edcie je \u010daj Pu Erh vysloven\u00fdm v\u0161eliekom. V\u00fdborne pom\u00e1ha pri poruch\u00e1ch tr\u00e1venia. Niektor\u00e9 lek\u00e1rske v\u00fdskumy poukazuj\u00fa na jeho schopnos\u0165 v\u00fdrazne zni\u017eova\u0165 hladinu cholesterolu v krvi.<\/p>\n<p>N\u00e1lev\u00a0hnedooran\u017eovej a\u017e hnedo\u010diernej farby pohlad\u00ed na\u0161e chu\u0165ov\u00e9 poh\u00e1riky jemnou sladkastou chu\u0165ou s t\u00f3nmi su\u0161en\u00e9ho ovocia podfarben\u00fdch typickou\u00a0zemitos\u0165ou a\u017e ra\u0161elinovitos\u0165ou, ktor\u00e9 k tomuto \u010daju neodmyslite\u013ene patria.<\/p>\n<p><strong>Pr\u00edprava:<\/strong>\u00a0\u010caj je mo\u017en\u00e9 pripravova\u0165 rovnako ako \u010daj \u010dierny, 1 \u010dajov\u00fa ly\u017ei\u010dku na 1 \u0161\u00e1lku zalia\u0165 vriacou vodou,\u00a0vyl\u00fahohova\u0165 3-5 min. \u010caj je viacn\u00e1levov\u00fd.<\/p>\n<p><strong>Krajina p\u00f4vodu:<\/strong>\u00a0\u010c\u00edna<\/p>\n<p><strong>Obsah balenia :\u00a0<\/strong>vyberte mno\u017estvo<\/p>\n","protected":false},"excerpt":{"rendered":"<p><strong>Cena je uveden\u00e1 za 50 g \u010daju\u00a0<\/strong><\/p>\n<p><strong>Pu-erh Yunnan\u00a0Superior postfermentovan\u00fd sypan\u00fd \u010daj vy\u0161\u0161ej triedy &#8211; spa\u013eova\u010d tukov<\/strong><\/p>\n<p>&nbsp;<\/p>\n","protected":false},"featured_media":2854,"comment_status":"open","ping_status":"closed","template":"","meta":[],"_links":{"self":[{"href":"http:\/\/cajovnajasminka.sk\/index.php?rest_route=\/wp\/v2\/product\/2849"}],"collection":[{"href":"http:\/\/cajovnajasminka.sk\/index.php?rest_route=\/wp\/v2\/product"}],"about":[{"href":"http:\/\/cajovnajasminka.sk\/index.php?rest_route=\/wp\/v2\/types\/product"}],"replies":[{"embeddable":true,"href":"http:\/\/cajovnajasminka.sk\/index.php?rest_route=%2Fwp%2Fv2%2Fcomments&post=2849"}],"wp:featuredmedia":[{"embeddable":true,"href":"http:\/\/cajovnajasminka.sk\/index.php?rest_route=\/wp\/v2\/media\/2854"}],"wp:attachment":[{"href":"http:\/\/cajovnajasminka.sk\/index.php?rest_route=%2Fwp%2Fv2%2Fmedia&parent=2849"}],"curies":[{"name":"wp","href":"https:\/\/api.w.org\/{rel}","templated":true}]}}