{"id":2843,"date":"2020-04-20T20:40:55","date_gmt":"2020-04-20T18:40:55","guid":{"rendered":"http:\/\/cajovnajasminka.sk\/?post_type=product&#038;p=2843"},"modified":"2020-04-20T20:47:24","modified_gmt":"2020-04-20T18:47:24","slug":"pu-erh","status":"publish","type":"product","link":"http:\/\/cajovnajasminka.sk\/?product=pu-erh","title":{"rendered":"Pu-erh"},"content":{"rendered":"<p>Ve\u013ekolist\u00fd Pu-erh Cha z provincie Yunnan. Surovinou pre tmav\u00fd Pu-erh\u00a0je ve\u013ek\u00fd list Yunnansk\u00e9ho \u010dajovn\u00edka, ktor\u00fd u\u017e pre\u0161iel procesom zvinutia a\u00a0vysu\u0161enia. \u010caj sa uklad\u00e1 do dlh\u00fdch radov a zalieva sa vodou, \u010do vyvol\u00e1va dodato\u010dn\u00fa\u00a0ferment\u00e1ciu (oxid\u00e1ciu)\u00a0pri zvl\u00e1\u0161tnom re\u017eime tepl\u00f4t. Such\u00e9 listy s\u00fa ve\u013emi tvrd\u00e9,\u00a0tmavo-olejovo hned\u00e9. N\u00e1lev je tmavo \u010dervenohned\u00fd. Chu\u0165 tohoto \u010daju je v\u00fdrazn\u00e1, siln\u00e1 a pr\u00edjemne sladkast\u00e1.\u00a0Pre Pu-erhy je pr\u00edzna\u010dn\u00e1 zvl\u00e1\u0161tna siln\u00e1, v\u00fdrazn\u00e1 v\u00f4\u0148a, ktor\u00e1 v\u0161ak\u00a0nesmie by\u0165 nepr\u00edjemn\u00e1. Je to ovocno pr\u00edjemn\u00e1, svie\u017ea.<\/p>\n<p><strong>Pr\u00edprava:<\/strong>\u00a0\u00a01 \u010dajov\u00fa ly\u017ei\u010dku zalejeme\u00a0vriacou vodou, nech\u00e1me 3-4 min\u00faty l\u00fahova\u0165.\u00a0Po preceden\u00ed pod\u00e1vame.<\/p>\n<p><strong>Krajina p\u00f4vodu:<\/strong>\u00a0\u010c\u00edna<\/p>\n<p><strong>Obsah balenia :\u00a0<\/strong>vyberte mno\u017estvo<\/p>\n","protected":false},"excerpt":{"rendered":"<p><strong>Cena je uveden\u00e1 za 50 g \u010daju\u00a0<\/strong><\/p>\n<p><strong>Pu-erh Klasik\u00a0<\/strong><\/p>\n<p>&nbsp;<\/p>\n","protected":false},"featured_media":2848,"comment_status":"open","ping_status":"closed","template":"","meta":[],"_links":{"self":[{"href":"http:\/\/cajovnajasminka.sk\/index.php?rest_route=\/wp\/v2\/product\/2843"}],"collection":[{"href":"http:\/\/cajovnajasminka.sk\/index.php?rest_route=\/wp\/v2\/product"}],"about":[{"href":"http:\/\/cajovnajasminka.sk\/index.php?rest_route=\/wp\/v2\/types\/product"}],"replies":[{"embeddable":true,"href":"http:\/\/cajovnajasminka.sk\/index.php?rest_route=%2Fwp%2Fv2%2Fcomments&post=2843"}],"wp:featuredmedia":[{"embeddable":true,"href":"http:\/\/cajovnajasminka.sk\/index.php?rest_route=\/wp\/v2\/media\/2848"}],"wp:attachment":[{"href":"http:\/\/cajovnajasminka.sk\/index.php?rest_route=%2Fwp%2Fv2%2Fmedia&parent=2843"}],"curies":[{"name":"wp","href":"https:\/\/api.w.org\/{rel}","templated":true}]}}