{"id":2841,"date":"2020-04-18T22:49:22","date_gmt":"2020-04-18T20:49:22","guid":{"rendered":"http:\/\/cajovnajasminka.sk\/?post_type=product&#038;p=2841"},"modified":"2020-04-18T22:51:57","modified_gmt":"2020-04-18T20:51:57","slug":"panna-cerveny-jaspis","status":"publish","type":"product","link":"http:\/\/cajovnajasminka.sk\/?product=panna-cerveny-jaspis","title":{"rendered":"Panna &#8211; \u010cerven\u00fd Jaspis"},"content":{"rendered":"<p><strong>Kame\u0148 ochrany<\/strong><\/p>\n<ul>\n<li>Pod\u013ea star\u00fdch prame\u0148ov b\u00fdva \u010dasto ozna\u010dovan\u00fd za &#8222;Matku v\u0161etk\u00fdch kame\u0148ov&#8220;<\/li>\n<li>Neust\u00e1le vy\u017earuje o\u017eivuj\u00facu o\u010distn\u00fa a ochrann\u00fa energiu<\/li>\n<li>U\u010d\u00ed n\u00e1s nezi\u0161tnosti a skromnosti, daruje n\u00e1m s\u00facit, trpezlivos\u0165 a posil\u0148uje na\u0161u dobr\u00fa v\u00f4\u013eu<\/li>\n<li>Dod\u00e1va telu energiu<\/li>\n<\/ul>\n<p><strong><u>Lie\u010debn\u00e9 vyu\u017eitie:<\/u><\/strong><\/p>\n<ul>\n<li>Pom\u00e1ha pri lie\u010den\u00ed leuk\u00e9mie, zhubn\u00fdch n\u00e1dorov a ako prevencia proti nim<\/li>\n<li>Kladne ovplyv\u0148uje lie\u010dbu obli\u010diek a mo\u010dov\u00e9ho mech\u00fara, pom\u00e1ha pri lie\u010den\u00ed piesku a kame\u0148ov v obli\u010dk\u00e1ch<\/li>\n<li>V oblasti gynekologickej je \u00fa\u010dinn\u00fd pri chorob\u00e1ch vaje\u010dn\u00edkov a vajcovodov, pri prekon\u00e1van\u00ed nevo\u013enosti v priebehu tehotenstva a p\u00f4rodu<\/li>\n<li>Posil\u0148uje pe\u010de\u0148 a srdce<\/li>\n<\/ul>\n<p><strong><u>Astrologick\u00e9 priradenie:<\/u><\/strong> V\u00e1hy, Panna\u00a0<strong>\u010cerven\u00fd a\u00a0brekciov\u00fd jaspis<\/strong>( Baran, Lev a\u00a0\u0160korpi\u00f3n, Ryby)<\/p>\n<p>\u010cerven\u00fd Jaspis je ochrann\u00fdm kame\u0148om, odr\u00e1\u017ea negativitu sp\u00e4\u0165 p\u00f4vodcovi, upokojuje rozb\u00faren\u00e9 city, uzem\u0148uje energiu, napr\u00e1va nepriazniv\u00e9 situ\u00e1cie, pozdvihuje kr\u00e1su a p\u00f4vab, prin\u00e1\u0161a zdravie a silu, podnecuje z\u00e1kladn\u00fa \u010dakru, zni\u017euje hor\u00fa\u010dky, \u010dist\u00ed obehov\u00fd syst\u00e9m, pe\u010de\u0148, cievy, krv, odstra\u0148uje bloky<\/p>\n<p><strong><u>\u010cistenie<\/u>:<\/strong> pod te\u010d\u00facou vodou, nab\u00edja sa mesa\u010dnou energiou a tie\u017e na nepriamom slnku<\/p>\n<p><strong>Upozornenie:<\/strong>\u00a0Sfarbenie a \u0161trukt\u00fara kame\u0148ov sa\u00a0m\u00f4\u017ee v skuto\u010dnosti od uveden\u00fdch fotografi\u00ed\u00a0produktu mierne odli\u0161ova\u0165<\/p>\n","protected":false},"excerpt":{"rendered":"<p><strong>Karti\u010dka pod\u013ea znamenia<\/strong><br \/>\n<strong>Karti\u010dka ve\u013ekosti 8&#215;6 cm, na ktorej je nalepen\u00fd pr\u00edvesok ve\u013ekosti cca 1,5 cm<\/strong><br \/>\n<strong>Na zadnej strane n\u00e1jdete popis znamenia, popis polodrahokamu, jeho lokalitu a pod.<\/strong><\/p>\n<p><strong>PANNA (22.8 \u2013 22.9) \u2013 \u017eivel Zem<\/strong><\/p>\n","protected":false},"featured_media":2842,"comment_status":"closed","ping_status":"closed","template":"","meta":[],"_links":{"self":[{"href":"http:\/\/cajovnajasminka.sk\/index.php?rest_route=\/wp\/v2\/product\/2841"}],"collection":[{"href":"http:\/\/cajovnajasminka.sk\/index.php?rest_route=\/wp\/v2\/product"}],"about":[{"href":"http:\/\/cajovnajasminka.sk\/index.php?rest_route=\/wp\/v2\/types\/product"}],"replies":[{"embeddable":true,"href":"http:\/\/cajovnajasminka.sk\/index.php?rest_route=%2Fwp%2Fv2%2Fcomments&post=2841"}],"wp:featuredmedia":[{"embeddable":true,"href":"http:\/\/cajovnajasminka.sk\/index.php?rest_route=\/wp\/v2\/media\/2842"}],"wp:attachment":[{"href":"http:\/\/cajovnajasminka.sk\/index.php?rest_route=%2Fwp%2Fv2%2Fmedia&parent=2841"}],"curies":[{"name":"wp","href":"https:\/\/api.w.org\/{rel}","templated":true}]}}