{"id":283,"date":"2017-05-02T19:22:17","date_gmt":"2017-05-02T17:22:17","guid":{"rendered":"http:\/\/cajovnajasminka.sk\/?product=nimba-pokozka"},"modified":"2023-01-19T11:00:18","modified_gmt":"2023-01-19T10:00:18","slug":"nimba-pokozka","status":"publish","type":"product","link":"http:\/\/cajovnajasminka.sk\/?product=nimba-pokozka","title":{"rendered":"Nimba-Poko\u017eka"},"content":{"rendered":"<p>Himal\u00e1jske byliny sa u\u017e po cel\u00e9 st\u00e1ro\u010dia pou\u017e\u00edvaj\u00fa k optimaliz\u00e1cii du\u0161evn\u00fdch a telesn\u00fdch funkci\u00ed organizmu. S\u00fa z\u00e1kladom tradi\u010dn\u00e9ho ajurv\u00e9dsk\u00e9ho lek\u00e1rstva, ktor\u00e9 ich pou\u017e\u00edva v mnoh\u00fdch najr\u00f4znej\u0161\u00edch kombin\u00e1ci\u00e1ch.<\/p>\n<p><strong>\u010caj Nimba pom\u00e1ha udr\u017eiava\u0165 dobr\u00fd vzh\u013ead poko\u017eky<br \/>\nP\u00f4sob\u00ed protiz\u00e1palovo a optimalizuje \u010dinnos\u0165 pe\u010dene<br \/>\nPriaznivo p\u00f4sob\u00ed na krvn\u00fd obeh a \u010distotu pleti<br \/>\nPrispieva k udr\u017eiavaniu bezprobl\u00e9movej a pohodovej poko\u017eky<br \/>\nPodporuje revitaliz\u00e1ciu ko\u017en\u00e9ho tkaniva<br \/>\n<\/strong><\/p>\n<p><strong>Zlo\u017eenie :\u00a0<\/strong><\/p>\n<p>Marena farbiarska (Rubia tinctorum), zederah indick\u00fd (Pterocarpus marsupium), kurkumovn\u00edk dlh\u00fd (Curcuma longa), citr\u00f3nov\u00e1 tr\u00e1va (Cymbopogon citratus), sladovka hladkoplod\u00e1 &#8211; sladk\u00e9 drievko (Glycyrrhiza glabra), chebula srd\u010dit\u00e1 \u2013 Guduchi (Tinospora cordifolia), embilika lek\u00e1rska &#8211; Amalaki (Emblica officinalis), Vibhitaka (Terminalia bellirica), Haritaki (Terminalia chebula), bazalka sv\u00e4t\u00e1 (Ocimum tenuiflorum).<\/p>\n<p><strong>Hmotnos\u0165 :<\/strong>\u00a0100 g<\/p>\n","protected":false},"excerpt":{"rendered":"<p>Himal\u00e1jske byliny sa u\u017e po cel\u00e9 st\u00e1ro\u010dia pou\u017e\u00edvaj\u00fa k optimaliz\u00e1cii du\u0161evn\u00fdch a telesn\u00fdch funkci\u00ed organizmu. S\u00fa z\u00e1kladom tradi\u010dn\u00e9ho ajurv\u00e9dsk\u00e9ho lek\u00e1rstva, ktor\u00e9 ich pou\u017e\u00edva v mnoh\u00fdch najr\u00f4znej\u0161\u00edch kombin\u00e1ci\u00e1ch. \u010caj Nimba pom\u00e1ha udr\u017eiava\u0165 dobr\u00fd vzh\u013ead poko\u017eky P\u00f4sob\u00ed protiz\u00e1palovo a optimalizuje \u010dinnos\u0165 pe\u010dene Priaznivo p\u00f4sob\u00ed na krvn\u00fd obeh a \u010distotu pleti Prispieva k udr\u017eiavaniu bezprobl\u00e9movej a pohodovej poko\u017eky<\/p>\n","protected":false},"featured_media":284,"comment_status":"open","ping_status":"closed","template":"","meta":[],"_links":{"self":[{"href":"http:\/\/cajovnajasminka.sk\/index.php?rest_route=\/wp\/v2\/product\/283"}],"collection":[{"href":"http:\/\/cajovnajasminka.sk\/index.php?rest_route=\/wp\/v2\/product"}],"about":[{"href":"http:\/\/cajovnajasminka.sk\/index.php?rest_route=\/wp\/v2\/types\/product"}],"replies":[{"embeddable":true,"href":"http:\/\/cajovnajasminka.sk\/index.php?rest_route=%2Fwp%2Fv2%2Fcomments&post=283"}],"wp:featuredmedia":[{"embeddable":true,"href":"http:\/\/cajovnajasminka.sk\/index.php?rest_route=\/wp\/v2\/media\/284"}],"wp:attachment":[{"href":"http:\/\/cajovnajasminka.sk\/index.php?rest_route=%2Fwp%2Fv2%2Fmedia&parent=283"}],"curies":[{"name":"wp","href":"https:\/\/api.w.org\/{rel}","templated":true}]}}