{"id":2819,"date":"2020-04-14T11:32:32","date_gmt":"2020-04-14T09:32:32","guid":{"rendered":"http:\/\/cajovnajasminka.sk\/?post_type=product&#038;p=2819"},"modified":"2020-04-14T11:32:32","modified_gmt":"2020-04-14T09:32:32","slug":"silna-dezinfekcia","status":"publish","type":"product","link":"http:\/\/cajovnajasminka.sk\/?product=silna-dezinfekcia","title":{"rendered":"Siln\u00e1 Dezinfekcia"},"content":{"rendered":"<p>Dezinfekcia na ruky a predmety. Vhodn\u00e1 na ka\u017edodenn\u00e9 pou\u017eitie.<\/p>\n<p>V\u010faka glycer\u00ednu nevysu\u0161uje poko\u017eku.\u00a0 Balenie obsauje a\u017e <strong>1 Liter<\/strong> roztoku.<\/p>\n<p><strong>Zlo\u017eenie:\u00a0<\/strong><\/p>\n<ul>\n<li>Alkohol 80%<\/li>\n<li>Peroxid vod\u00edka<\/li>\n<li>Glycer\u00edn<\/li>\n<\/ul>\n","protected":false},"excerpt":{"rendered":"<p>Dezinfekcia na ruky a predmety. Vhodn\u00e1 na ka\u017edodenn\u00e9 pou\u017eitie.<\/p>\n<p>V\u010faka glycer\u00ednu nevysu\u0161uje poko\u017eku.\u00a0 Balenie obsauje a\u017e <strong>1 Liter<\/strong> roztoku.<\/p>\n<p><strong>Zlo\u017eenie:\u00a0<\/strong><\/p>\n<ul>\n<li>Alkohol 80%<\/li>\n<li>Peroxid vod\u00edka<\/li>\n<li>Glycer\u00edn<\/li>\n<\/ul>\n","protected":false},"featured_media":2820,"comment_status":"open","ping_status":"closed","template":"","meta":[],"_links":{"self":[{"href":"http:\/\/cajovnajasminka.sk\/index.php?rest_route=\/wp\/v2\/product\/2819"}],"collection":[{"href":"http:\/\/cajovnajasminka.sk\/index.php?rest_route=\/wp\/v2\/product"}],"about":[{"href":"http:\/\/cajovnajasminka.sk\/index.php?rest_route=\/wp\/v2\/types\/product"}],"replies":[{"embeddable":true,"href":"http:\/\/cajovnajasminka.sk\/index.php?rest_route=%2Fwp%2Fv2%2Fcomments&post=2819"}],"wp:featuredmedia":[{"embeddable":true,"href":"http:\/\/cajovnajasminka.sk\/index.php?rest_route=\/wp\/v2\/media\/2820"}],"wp:attachment":[{"href":"http:\/\/cajovnajasminka.sk\/index.php?rest_route=%2Fwp%2Fv2%2Fmedia&parent=2819"}],"curies":[{"name":"wp","href":"https:\/\/api.w.org\/{rel}","templated":true}]}}