{"id":2806,"date":"2020-04-08T21:17:32","date_gmt":"2020-04-08T19:17:32","guid":{"rendered":"http:\/\/cajovnajasminka.sk\/?post_type=product&#038;p=2806"},"modified":"2020-04-08T21:30:03","modified_gmt":"2020-04-08T19:30:03","slug":"karkade-ibistek","status":"publish","type":"product","link":"http:\/\/cajovnajasminka.sk\/?product=karkade-ibistek","title":{"rendered":"Karkade &#8211; Ibi\u0161tek"},"content":{"rendered":"<p>Ibi\u0161tek sud\u00e1nsky (Hibiscus sabdariffa L.) sa vyu\u017e\u00edva ako s\u00fa\u010das\u0165 ovocn\u00fdch \u010dajov. V Egypte je pova\u017eovan\u00fd za n\u00e1rodn\u00fd n\u00e1poj zvan\u00fd &#8222;karkad\u00e9&#8220;. Je ob\u013e\u00faben\u00fd v severnej a strednej Afrike, v Strednej Amerike, Strednej \u00c1zii, Thajsku. \u010caj z ibi\u0161teka je temne \u010derven\u00fd, s kyslastou chu\u0165ou. Bohat\u00fd na vitam\u00edny, miner\u00e1ly.<\/p>\n<p>P\u00f4sob\u00ed na Tonus \/ Vitalitu, Norm\u00e1lne funkcie \u010drevn\u00e9ho traktu, osvie\u017eenie tela, vylu\u010dovanie vody z organizmu, \u0165a\u017ek\u00e9 nohy<\/p>\n<p><strong>Zlo\u017eenie:<\/strong> \u010caj obsahuje rezan\u00e9 (mal\u00e9 k\u00fasky) okvetia ibi\u0161teka,\u00a0Ibi\u0161tek (Hibiscus sabdariffa)<\/p>\n<p><strong>Pr\u00edprava:<\/strong> Pln\u00e1 hrs\u0165 su\u0161en\u00fdch kvetov ibi\u0161teku na 0,5 l vody.\u00a0Nasypte do vriacej vody a kr\u00e1tko povarte. Zlejte. Nechajte vychladi\u0165 v chladni\u010dke. M\u00f4\u017eete dochuti\u0165 medom a doplni\u0165 kockami \u013eadu.<\/p>\n<p>Pijeme 2 &#8211; 3 \u0161\u00e1lky denne. Pop\u00edjame do 17. hod., Zmes je mo\u010dopudn\u00e1<\/p>\n<p><strong>Krajina p\u00f4vodu:<\/strong>\u00a0Sud\u00e1n<\/p>\n<p><strong>Obsah balenia :\u00a0<\/strong>vyberte mno\u017estvo<\/p>\n","protected":false},"excerpt":{"rendered":"<p><strong>Cena je uveden\u00e1 za 50 g \u010daju\u00a0<\/strong><\/p>\n<p><strong>Drobnej\u0161\u00ed \u010daj z du\u017einat\u00fdch kvetn\u00fdch kalichov ibi\u0161teka<\/strong><\/p>\n<p>&nbsp;<\/p>\n","protected":false},"featured_media":2811,"comment_status":"open","ping_status":"closed","template":"","meta":[],"_links":{"self":[{"href":"http:\/\/cajovnajasminka.sk\/index.php?rest_route=\/wp\/v2\/product\/2806"}],"collection":[{"href":"http:\/\/cajovnajasminka.sk\/index.php?rest_route=\/wp\/v2\/product"}],"about":[{"href":"http:\/\/cajovnajasminka.sk\/index.php?rest_route=\/wp\/v2\/types\/product"}],"replies":[{"embeddable":true,"href":"http:\/\/cajovnajasminka.sk\/index.php?rest_route=%2Fwp%2Fv2%2Fcomments&post=2806"}],"wp:featuredmedia":[{"embeddable":true,"href":"http:\/\/cajovnajasminka.sk\/index.php?rest_route=\/wp\/v2\/media\/2811"}],"wp:attachment":[{"href":"http:\/\/cajovnajasminka.sk\/index.php?rest_route=%2Fwp%2Fv2%2Fmedia&parent=2806"}],"curies":[{"name":"wp","href":"https:\/\/api.w.org\/{rel}","templated":true}]}}