{"id":2794,"date":"2020-04-08T21:02:34","date_gmt":"2020-04-08T19:02:34","guid":{"rendered":"http:\/\/cajovnajasminka.sk\/?post_type=product&#038;p=2794"},"modified":"2020-04-08T21:06:21","modified_gmt":"2020-04-08T19:06:21","slug":"duhovy-punc-priatelstva","status":"publish","type":"product","link":"http:\/\/cajovnajasminka.sk\/?product=duhovy-punc-priatelstva","title":{"rendered":"D\u00fahov\u00fd pun\u010d priate\u013estva"},"content":{"rendered":"<p>\u010caj D\u00fahov\u00fd pun\u010d obsahuje mnoho miner\u00e1lov, vitam\u00ednov, stopov\u00fdch prvkov d\u00f4le\u017eit\u00fdch pre spr\u00e1vne fungovanie a obranyschopnos\u0165 organizmu. Je to chutn\u00fd ovocn\u00fd \u010daj,v\u00fdborn\u00fd na dlh\u00e9 zimn\u00e9 ve\u010dery.\u00a0V\u00fdborn\u00fd \u010daj pre deti i pre dospel\u00fdch na cel\u00fa zimu i na skor\u00fa jar, kedy zabra\u0148uje jarnej \u00fanave.<\/p>\n<p><strong>Zlo\u017eenie:<\/strong> Ibi\u0161tek krvav\u00fd (Hibiscus sabdarifa), jab\u013a\u010dka, baza, \u0161korica, hrozienka, jahody, maliny, r\u00edbezle, lupienky kokosu, papaya, anan\u00e1s, pomaran\u010d, mrkva a \u010dervena repa<\/p>\n<p><strong>Pr\u00edprava:<\/strong> Dve \u010dajov\u00e9 ly\u017ei\u010dky ovocn\u00e9ho \u010daju zalejeme vodou teplou\u00a0<strong>70-75\u00b0C<\/strong>, ktor\u00e1 pre\u0161la varom o objeme\u00a0<strong>2,5 \u2013 3,5 Dl<\/strong>\u00a0a nech\u00e1me l\u00fahova\u0165\u00a0<strong>6-10 min\u00fat<\/strong>. Tak sa zachov\u00e1 vysok\u00fd obsah\u00a0<strong>vitam\u00ednu C<\/strong>. N\u00e1lev zlejeme, m\u00f4\u017eeme prisladi\u0165 medom.<br \/>\nOvocn\u00e9 \u010daje s\u00fa v\u00fdborn\u00e9 tepl\u00e9 i vychladen\u00e9.<\/p>\n<p><strong>Krajina p\u00f4vodu:<\/strong>\u00a0EU<\/p>\n<p><strong>Obsah balenia :\u00a0<\/strong>vyberte mno\u017estvo<\/p>\n","protected":false},"excerpt":{"rendered":"<p><strong>Cena je uveden\u00e1 za 50g \u010daju\u00a0<\/strong><\/p>\n<p><strong>Je v\u00fdborn\u00fd na hrejiv\u00fd sl\u00e1vnostn\u00fd pun\u010d. \u0160\u00e1lka s priate\u013emi preh\u013abi vz\u00e1jomn\u00fa n\u00e1klonnos\u0165 a spolupatri\u010dnos\u0165<\/strong><\/p>\n","protected":false},"featured_media":2799,"comment_status":"open","ping_status":"closed","template":"","meta":[],"_links":{"self":[{"href":"http:\/\/cajovnajasminka.sk\/index.php?rest_route=\/wp\/v2\/product\/2794"}],"collection":[{"href":"http:\/\/cajovnajasminka.sk\/index.php?rest_route=\/wp\/v2\/product"}],"about":[{"href":"http:\/\/cajovnajasminka.sk\/index.php?rest_route=\/wp\/v2\/types\/product"}],"replies":[{"embeddable":true,"href":"http:\/\/cajovnajasminka.sk\/index.php?rest_route=%2Fwp%2Fv2%2Fcomments&post=2794"}],"wp:featuredmedia":[{"embeddable":true,"href":"http:\/\/cajovnajasminka.sk\/index.php?rest_route=\/wp\/v2\/media\/2799"}],"wp:attachment":[{"href":"http:\/\/cajovnajasminka.sk\/index.php?rest_route=%2Fwp%2Fv2%2Fmedia&parent=2794"}],"curies":[{"name":"wp","href":"https:\/\/api.w.org\/{rel}","templated":true}]}}