{"id":279,"date":"2017-05-02T19:09:45","date_gmt":"2017-05-02T17:09:45","guid":{"rendered":"http:\/\/cajovnajasminka.sk\/?product=ranjaka-krv-a-metabolizmus-zeleza"},"modified":"2023-01-19T11:00:50","modified_gmt":"2023-01-19T10:00:50","slug":"ranjaka-krv-a-metabolizmus-zeleza","status":"publish","type":"product","link":"http:\/\/cajovnajasminka.sk\/?product=ranjaka-krv-a-metabolizmus-zeleza","title":{"rendered":"Ranjaka-krv a metabolizmus \u017eeleza"},"content":{"rendered":"<p>Himal\u00e1jske byliny sa u\u017e po cel\u00e9 st\u00e1ro\u010dia pou\u017e\u00edvaj\u00fa k optimaliz\u00e1cii du\u0161evn\u00fdch a telesn\u00fdch funkci\u00ed organizmu. S\u00fa z\u00e1kladom tradi\u010dn\u00e9ho ajurv\u00e9dsk\u00e9ho lek\u00e1rstva, ktor\u00e9 ich pou\u017e\u00edva v mnoh\u00fdch najr\u00f4znej\u0161\u00edch kombin\u00e1ci\u00e1ch.<\/p>\n<p><strong>\u010caj\u00a0Ranjaka optimalizuje \u010dinnos\u0165 pe\u010dene a ich metabolick\u00e9 procesy<br \/>\nPrispieva ku krvotvornej funk\u010dnosti pe\u010dene<br \/>\nPriaznivo p\u00f4sob\u00ed na pe\u010de\u0148ov\u00fa recykl\u00e1ciu \u017eeleza v krvnom obehu<br \/>\nPriaznivo p\u00f4sob\u00ed na \u010dinnos\u0165 kardiovaskul\u00e1rneho syst\u00e9mu<br \/>\nPrispieva k zn\u00ed\u017eeniu vy\u010derpania a \u00fanavy<br \/>\nPovzbudzuje imunitn\u00fd syst\u00e9m a srdcov\u00fa \u010dinnos\u0165<br \/>\n<\/strong><\/p>\n<p><strong>Zlo\u017eenie :\u00a0<\/strong><\/p>\n<p>Valeri\u00e1na Wallichova (Valeriana wallichii), \u0161koricovn\u00edk tamala (Cinnamomum tamala) listy, klin\u010dekovec vo\u0148av\u00fd (Syzygium aromaticum), kuskus (Vetiveria zizanioides), z\u00e1zvorovn\u00edk lek\u00e1rsky &#8211; z\u00e1zvor (Zingiber origgicinalis), Nagakeshara (Mesua ferrea), kardamovn\u00edk \u0161\u00edpov\u00fd (Amomum subulatum)<\/p>\n<p><strong>Hmotnos\u0165 :<\/strong>\u00a0100 g<\/p>\n","protected":false},"excerpt":{"rendered":"<p>Himal\u00e1jske byliny sa u\u017e po cel\u00e9 st\u00e1ro\u010dia pou\u017e\u00edvaj\u00fa k optimaliz\u00e1cii du\u0161evn\u00fdch a telesn\u00fdch funkci\u00ed organizmu. S\u00fa z\u00e1kladom tradi\u010dn\u00e9ho ajurv\u00e9dsk\u00e9ho lek\u00e1rstva, ktor\u00e9 ich pou\u017e\u00edva v mnoh\u00fdch najr\u00f4znej\u0161\u00edch kombin\u00e1ci\u00e1ch. \u010caj\u00a0Ranjaka optimalizuje \u010dinnos\u0165 pe\u010dene a ich metabolick\u00e9 procesy Prispieva ku krvotvornej funk\u010dnosti pe\u010dene Priaznivo p\u00f4sob\u00ed na pe\u010de\u0148ov\u00fa recykl\u00e1ciu \u017eeleza v krvnom obehu Priaznivo p\u00f4sob\u00ed na \u010dinnos\u0165 kardiovaskul\u00e1rneho syst\u00e9mu<\/p>\n","protected":false},"featured_media":280,"comment_status":"open","ping_status":"closed","template":"","meta":[],"_links":{"self":[{"href":"http:\/\/cajovnajasminka.sk\/index.php?rest_route=\/wp\/v2\/product\/279"}],"collection":[{"href":"http:\/\/cajovnajasminka.sk\/index.php?rest_route=\/wp\/v2\/product"}],"about":[{"href":"http:\/\/cajovnajasminka.sk\/index.php?rest_route=\/wp\/v2\/types\/product"}],"replies":[{"embeddable":true,"href":"http:\/\/cajovnajasminka.sk\/index.php?rest_route=%2Fwp%2Fv2%2Fcomments&post=279"}],"wp:featuredmedia":[{"embeddable":true,"href":"http:\/\/cajovnajasminka.sk\/index.php?rest_route=\/wp\/v2\/media\/280"}],"wp:attachment":[{"href":"http:\/\/cajovnajasminka.sk\/index.php?rest_route=%2Fwp%2Fv2%2Fmedia&parent=279"}],"curies":[{"name":"wp","href":"https:\/\/api.w.org\/{rel}","templated":true}]}}