{"id":2787,"date":"2020-04-08T20:50:29","date_gmt":"2020-04-08T18:50:29","guid":{"rendered":"http:\/\/cajovnajasminka.sk\/?post_type=product&#038;p=2787"},"modified":"2020-04-08T21:00:16","modified_gmt":"2020-04-08T19:00:16","slug":"elixir-krasnych-zien","status":"publish","type":"product","link":"http:\/\/cajovnajasminka.sk\/?product=elixir-krasnych-zien","title":{"rendered":"Elix\u00edr kr\u00e1snych \u017eien"},"content":{"rendered":"<p><strong>Elix\u00edr kr\u00e1snych \u017eien<\/strong>\u00a0je v\u00fdborn\u00fd a ve\u013emi chutn\u00fd ovocn\u00fd \u010daj s plnou chu\u0165ou a fascinuj\u00facou teplou v\u00f4\u0148ou. Obsahuje mno\u017estvo\u00a0<strong>anthokyanov,<\/strong>\u00a0\u010derven\u00e9ho rastlinn\u00e9ho farbiva, ktor\u00e9 prospieva predov\u0161etk\u00fdm\u00a0<strong>dobrej kvalite krvi, imunite a sile organizmu<\/strong>.\u00a0<strong>prospieva predov\u0161etk\u00fdm \u017eensk\u00e9mu organizmu<\/strong>,\u00a0<strong>spoma\u013euje starnutie a zachov\u00e1va pevn\u00fa a zdrav\u00fa ple\u0165 a vlasy<\/strong>. \u010caj\u00a0<strong>posil\u0148uje imunitu<\/strong>\u00a0a je pln\u00fd vz\u00e1cnych\u00a0<strong>vitam\u00ednov<\/strong>.<\/p>\n<p>Ide\u00e1lny\u00a0<strong>\u010daj na pr\u00edjemn\u00fd ve\u010der<\/strong>\u00a0a ak si ho jemne prislad\u00edte medom, z\u00edskate\u00a0<strong>skvel\u00fd Viano\u010dn\u00fd pun\u010d &#8211; zdrav\u00fd a chutn\u00fd aj pre deti.<\/strong><\/p>\n<p><strong>S rumom a \u010derven\u00fdm v\u00ednom ako sl\u00e1vnostn\u00fd pun\u010d nem\u00e1 konkurenciu.<\/strong><\/p>\n<p>Ovocie a koreniny v \u010daji mu d\u00e1vaj\u00fa sl\u00e1vnostn\u00fd charakter a<strong>\u00a0p\u00f4sobia pozit\u00edvne aj na omladenie poko\u017eky a harmoniz\u00e1ciu organizmu<\/strong>.<\/p>\n<p>Odpor\u00fa\u010dame ako sl\u00e1vnostn\u00fd \u0160tedrove\u010dern\u00fd \u010daj.<\/p>\n<p><strong>Zlo\u017eenie:<\/strong> Ibi\u0161tek krvav\u00fd, jab\u013a\u010dka, hrozienka, pomaran\u010dov\u00e1 k\u00f4ra, \u0161\u00edpky, kandizovan\u00fd anan\u00e1s a papaya (v cukre), \u010dierne r\u00edbezle, v\u00f4\u0148a, mandlov\u00e9 lupienky, \u0161korica 1%<\/p>\n<p><strong>Pr\u00edprava:<\/strong> Dve \u010dajov\u00e9 ly\u017ei\u010dky ovocn\u00e9ho \u010daju zalejeme vodou teplou\u00a0<strong>70-75\u00b0C<\/strong>, ktor\u00e1 pre\u0161la varom o objeme\u00a0<strong>2,5 \u2013 3,5 Dl<\/strong>\u00a0a nech\u00e1me l\u00fahova\u0165\u00a0<strong>6-10 min\u00fat<\/strong>. Tak sa zachov\u00e1 vysok\u00fd obsah\u00a0<strong>vitam\u00ednu C<\/strong>. N\u00e1lev zlejeme, m\u00f4\u017eeme prisladi\u0165 medom.<br \/>\nOvocn\u00e9 \u010daje s\u00fa v\u00fdborn\u00e9 tepl\u00e9 i vychladen\u00e9.<\/p>\n<p><strong>Krajina p\u00f4vodu:<\/strong>\u00a0EU<\/p>\n<p><strong>Obsah balenia :\u00a0<\/strong>vyberte mno\u017estvo<\/p>\n","protected":false},"excerpt":{"rendered":"<p><strong>Cena je uveden\u00e1 za 50g \u010daju\u00a0<\/strong><\/p>\n<p><strong>Hrejiv\u00fd \u010dajov\u00fd pun\u010d na kr\u00e1su \u017eien a l\u00e1sku ich mu\u017eov. V\u00fdborn\u00fd sl\u00e1vnostn\u00fd \u010daj<\/strong><\/p>\n","protected":false},"featured_media":2792,"comment_status":"open","ping_status":"closed","template":"","meta":[],"_links":{"self":[{"href":"http:\/\/cajovnajasminka.sk\/index.php?rest_route=\/wp\/v2\/product\/2787"}],"collection":[{"href":"http:\/\/cajovnajasminka.sk\/index.php?rest_route=\/wp\/v2\/product"}],"about":[{"href":"http:\/\/cajovnajasminka.sk\/index.php?rest_route=\/wp\/v2\/types\/product"}],"replies":[{"embeddable":true,"href":"http:\/\/cajovnajasminka.sk\/index.php?rest_route=%2Fwp%2Fv2%2Fcomments&post=2787"}],"wp:featuredmedia":[{"embeddable":true,"href":"http:\/\/cajovnajasminka.sk\/index.php?rest_route=\/wp\/v2\/media\/2792"}],"wp:attachment":[{"href":"http:\/\/cajovnajasminka.sk\/index.php?rest_route=%2Fwp%2Fv2%2Fmedia&parent=2787"}],"curies":[{"name":"wp","href":"https:\/\/api.w.org\/{rel}","templated":true}]}}