{"id":2776,"date":"2020-04-08T20:20:48","date_gmt":"2020-04-08T18:20:48","guid":{"rendered":"http:\/\/cajovnajasminka.sk\/?post_type=product&#038;p=2776"},"modified":"2020-04-08T20:26:30","modified_gmt":"2020-04-08T18:26:30","slug":"lesny-liker","status":"publish","type":"product","link":"http:\/\/cajovnajasminka.sk\/?product=lesny-liker","title":{"rendered":"Lesn\u00fd lik\u00e9r"},"content":{"rendered":"<p>Aromatizovan\u00fd ovocn\u00fd \u010daj s rumovou (pun\u010dovou) chu\u0165ou.<\/p>\n<p><strong>Zlo\u017eenie:<\/strong>\u00a0ibi\u0161tek, hrozienka \/hrozienka, rstlinn\u00fd olej, oxid siri\u010dit\u00fd\/, plod bazy \u010diernej, \u010dierna jarabina, malina, jahoda, \u0161\u00edpky, ar\u00f3ma.<\/p>\n<p><strong>Kedy pi\u0165:<\/strong>\u00a0po cel\u00fd de\u0148<\/p>\n<p><strong>Pr\u00edprava:<\/strong>\u00a01-2 \u010dajov\u00e9\u00a0ly\u017ei\u010dky\u00a0zalejeme 2,5 dl vriacej vody, nech\u00e1me 8-10\u00a0min\u00fat\u00a0l\u00fahova\u0165, po preceden\u00ed pod\u00e1vame.<\/p>\n<p><strong>Obsah balenia :\u00a0<\/strong>vyberte mno\u017estvo<\/p>\n","protected":false},"excerpt":{"rendered":"<p><strong>Cena je uveden\u00e1 za 100g \u010daju\u00a0<\/strong><\/p>\n","protected":false},"featured_media":2780,"comment_status":"open","ping_status":"closed","template":"","meta":[],"_links":{"self":[{"href":"http:\/\/cajovnajasminka.sk\/index.php?rest_route=\/wp\/v2\/product\/2776"}],"collection":[{"href":"http:\/\/cajovnajasminka.sk\/index.php?rest_route=\/wp\/v2\/product"}],"about":[{"href":"http:\/\/cajovnajasminka.sk\/index.php?rest_route=\/wp\/v2\/types\/product"}],"replies":[{"embeddable":true,"href":"http:\/\/cajovnajasminka.sk\/index.php?rest_route=%2Fwp%2Fv2%2Fcomments&post=2776"}],"wp:featuredmedia":[{"embeddable":true,"href":"http:\/\/cajovnajasminka.sk\/index.php?rest_route=\/wp\/v2\/media\/2780"}],"wp:attachment":[{"href":"http:\/\/cajovnajasminka.sk\/index.php?rest_route=%2Fwp%2Fv2%2Fmedia&parent=2776"}],"curies":[{"name":"wp","href":"https:\/\/api.w.org\/{rel}","templated":true}]}}