{"id":277,"date":"2017-05-02T14:16:22","date_gmt":"2017-05-02T12:16:22","guid":{"rendered":"http:\/\/cajovnajasminka.sk\/?product=maricha-nizky-krvny-tlak"},"modified":"2023-01-19T11:01:03","modified_gmt":"2023-01-19T10:01:03","slug":"maricha-nizky-krvny-tlak","status":"publish","type":"product","link":"http:\/\/cajovnajasminka.sk\/?product=maricha-nizky-krvny-tlak","title":{"rendered":"Maricha-n\u00edzky krvn\u00fd tlak"},"content":{"rendered":"<p>Himal\u00e1jske byliny sa u\u017e po cel\u00e9 st\u00e1ro\u010dia pou\u017e\u00edvaj\u00fa k optimaliz\u00e1cii du\u0161evn\u00fdch a telesn\u00fdch funkci\u00ed organizmu. S\u00fa z\u00e1kladom tradi\u010dn\u00e9ho ajurv\u00e9dsk\u00e9ho lek\u00e1rstva, ktor\u00e9 ich pou\u017e\u00edva v mnoh\u00fdch najr\u00f4znej\u0161\u00edch kombin\u00e1ci\u00e1ch.<\/p>\n<p><strong>\u010caj\u00a0Maricha prispieva k udr\u017eaniu norm\u00e1lnych hodn\u00f4\u0165 krvn\u00e9ho tlaku<br \/>\nPodporuje srdcov\u00fa \u010dinnos\u0165 a vitalitu organizmu<br \/>\nPovzbudzuje organizmus pri \u00fanave a slabosti<br \/>\nP\u00f4sob\u00ed priaznivo na \u010dinnos\u0165 tr\u00e1viaceho \u00fastrojenstva<br \/>\nPom\u00e1ha udr\u017eiava\u0165 du\u0161evn\u00fa rovnov\u00e1hu pri nervovom nap\u00e4t\u00ed a strese<br \/>\n<\/strong><\/p>\n<p><strong>Zlo\u017eenie :\u00a0<\/strong><\/p>\n<p>Bazalka sv\u00e4t\u00e1 (Ocimum tenuiflorum), vit\u00e1nia spav\u00e1 &#8211; A\u0161vagandha (Withania somnifera), \u0161koricovn\u00edk cejl\u00f3nsky (Cinnamomum zeylanicum), kurkumovn\u00edk dlh\u00fd (Curcuma longa), z\u00e1zvorovn\u00edk lek\u00e1rsky &#8211; z\u00e1zvor (Zingiber origgicinalis), chebula srd\u010dit\u00e1 \u2013 Guduchi (Tinospora cordifolia), \u010dierne korenie &#8211; Maricha (Piper nigrum L.), nardovn\u00edk jatamansk\u00fd (Nardostachys jatamansi), kardamom oby\u010dajn\u00fd (Elettaria cardamomum)<\/p>\n<p><strong>Hmotnos\u0165 :<\/strong>\u00a0100 g<\/p>\n","protected":false},"excerpt":{"rendered":"<p>Himal\u00e1jske byliny sa u\u017e po cel\u00e9 st\u00e1ro\u010dia pou\u017e\u00edvaj\u00fa k optimaliz\u00e1cii du\u0161evn\u00fdch a telesn\u00fdch funkci\u00ed organizmu. S\u00fa z\u00e1kladom tradi\u010dn\u00e9ho ajurv\u00e9dsk\u00e9ho lek\u00e1rstva, ktor\u00e9 ich pou\u017e\u00edva v mnoh\u00fdch najr\u00f4znej\u0161\u00edch kombin\u00e1ci\u00e1ch. \u010caj\u00a0Maricha prispieva k udr\u017eaniu norm\u00e1lnych hodn\u00f4\u0165 krvn\u00e9ho tlaku Podporuje srdcov\u00fa \u010dinnos\u0165 a vitalitu organizmu Povzbudzuje organizmus pri \u00fanave a slabosti P\u00f4sob\u00ed priaznivo na \u010dinnos\u0165 tr\u00e1viaceho \u00fastrojenstva Pom\u00e1ha udr\u017eiava\u0165<\/p>\n","protected":false},"featured_media":278,"comment_status":"open","ping_status":"closed","template":"","meta":[],"_links":{"self":[{"href":"http:\/\/cajovnajasminka.sk\/index.php?rest_route=\/wp\/v2\/product\/277"}],"collection":[{"href":"http:\/\/cajovnajasminka.sk\/index.php?rest_route=\/wp\/v2\/product"}],"about":[{"href":"http:\/\/cajovnajasminka.sk\/index.php?rest_route=\/wp\/v2\/types\/product"}],"replies":[{"embeddable":true,"href":"http:\/\/cajovnajasminka.sk\/index.php?rest_route=%2Fwp%2Fv2%2Fcomments&post=277"}],"wp:featuredmedia":[{"embeddable":true,"href":"http:\/\/cajovnajasminka.sk\/index.php?rest_route=\/wp\/v2\/media\/278"}],"wp:attachment":[{"href":"http:\/\/cajovnajasminka.sk\/index.php?rest_route=%2Fwp%2Fv2%2Fmedia&parent=277"}],"curies":[{"name":"wp","href":"https:\/\/api.w.org\/{rel}","templated":true}]}}