{"id":2752,"date":"2020-04-08T19:36:59","date_gmt":"2020-04-08T17:36:59","guid":{"rendered":"http:\/\/cajovnajasminka.sk\/?post_type=product&#038;p=2752"},"modified":"2021-02-08T10:03:44","modified_gmt":"2021-02-08T09:03:44","slug":"zaparovaci-hrncek-05-l-2","status":"publish","type":"product","link":"http:\/\/cajovnajasminka.sk\/?product=zaparovaci-hrncek-05-l-2","title":{"rendered":"Zaparovac\u00ed hrn\u010dek biely 0,5 l"},"content":{"rendered":"<p>V\u00fdrobky vyr\u00e1ban\u00e9 ru\u010dne, to\u010den\u00edm na hrn\u010diarskom kruhu a ma\u013eovan\u00edm. Doplnkov\u00e1 technika obtisk.<\/p>\n<p><strong>Materi\u00e1l :\u00a0<\/strong>Keramika<\/p>\n<p><strong>Objem :<\/strong> 0,5 l<\/p>\n<p>&nbsp;<\/p>\n","protected":false},"excerpt":{"rendered":"<p><strong>Objem : <\/strong>0,5\u00a0l<\/p>\n","protected":false},"featured_media":2753,"comment_status":"closed","ping_status":"closed","template":"","meta":[],"_links":{"self":[{"href":"http:\/\/cajovnajasminka.sk\/index.php?rest_route=\/wp\/v2\/product\/2752"}],"collection":[{"href":"http:\/\/cajovnajasminka.sk\/index.php?rest_route=\/wp\/v2\/product"}],"about":[{"href":"http:\/\/cajovnajasminka.sk\/index.php?rest_route=\/wp\/v2\/types\/product"}],"replies":[{"embeddable":true,"href":"http:\/\/cajovnajasminka.sk\/index.php?rest_route=%2Fwp%2Fv2%2Fcomments&post=2752"}],"wp:featuredmedia":[{"embeddable":true,"href":"http:\/\/cajovnajasminka.sk\/index.php?rest_route=\/wp\/v2\/media\/2753"}],"wp:attachment":[{"href":"http:\/\/cajovnajasminka.sk\/index.php?rest_route=%2Fwp%2Fv2%2Fmedia&parent=2752"}],"curies":[{"name":"wp","href":"https:\/\/api.w.org\/{rel}","templated":true}]}}