{"id":2745,"date":"2020-04-08T19:17:00","date_gmt":"2020-04-08T17:17:00","guid":{"rendered":"http:\/\/cajovnajasminka.sk\/?post_type=product&#038;p=2745"},"modified":"2021-02-22T11:09:21","modified_gmt":"2021-02-22T10:09:21","slug":"medovnicka-vcielka-palicka-na-med","status":"publish","type":"product","link":"http:\/\/cajovnajasminka.sk\/?product=medovnicka-vcielka-palicka-na-med","title":{"rendered":"Medovni\u010dka v\u010dielka + pali\u010dka na med"},"content":{"rendered":"<p>V\u00fdrobky vyr\u00e1ban\u00e9 ru\u010dne, to\u010den\u00edm na hrn\u010diarskom kruhu a ma\u013eovan\u00edm. Doplnkov\u00e1 technika obtisk.<\/p>\n<p><strong>Materi\u00e1l :\u00a0<\/strong>Keramika<\/p>\n<p><strong>Objem :<\/strong> 3 dcl<\/p>\n<p>&nbsp;<\/p>\n","protected":false},"excerpt":{"rendered":"<p><strong>Objem : <\/strong>3 dcl<\/p>\n","protected":false},"featured_media":2747,"comment_status":"closed","ping_status":"closed","template":"","meta":[],"_links":{"self":[{"href":"http:\/\/cajovnajasminka.sk\/index.php?rest_route=\/wp\/v2\/product\/2745"}],"collection":[{"href":"http:\/\/cajovnajasminka.sk\/index.php?rest_route=\/wp\/v2\/product"}],"about":[{"href":"http:\/\/cajovnajasminka.sk\/index.php?rest_route=\/wp\/v2\/types\/product"}],"replies":[{"embeddable":true,"href":"http:\/\/cajovnajasminka.sk\/index.php?rest_route=%2Fwp%2Fv2%2Fcomments&post=2745"}],"wp:featuredmedia":[{"embeddable":true,"href":"http:\/\/cajovnajasminka.sk\/index.php?rest_route=\/wp\/v2\/media\/2747"}],"wp:attachment":[{"href":"http:\/\/cajovnajasminka.sk\/index.php?rest_route=%2Fwp%2Fv2%2Fmedia&parent=2745"}],"curies":[{"name":"wp","href":"https:\/\/api.w.org\/{rel}","templated":true}]}}