{"id":2744,"date":"2020-04-08T19:13:55","date_gmt":"2020-04-08T17:13:55","guid":{"rendered":"http:\/\/cajovnajasminka.sk\/?post_type=product&#038;p=2744"},"modified":"2021-02-08T10:05:54","modified_gmt":"2021-02-08T09:05:54","slug":"cajnik-kvietkovany-so-sitkom-1-l","status":"publish","type":"product","link":"http:\/\/cajovnajasminka.sk\/?product=cajnik-kvietkovany-so-sitkom-1-l","title":{"rendered":"\u010cajn\u00edk kvietkovan\u00fd so sitkom 1 l"},"content":{"rendered":"<p>V\u00fdrobky vyr\u00e1ban\u00e9 ru\u010dne, to\u010den\u00edm na hrn\u010diarskom kruhu a ma\u013eovan\u00edm. Doplnkov\u00e1 technika obtisk.<\/p>\n<p><strong>Objem : <\/strong>1,5 l<br \/>\n<strong>Materi\u00e1l :\u00a0<\/strong>Keramika<\/p>\n","protected":false},"excerpt":{"rendered":"<p>Objem : 1 l<\/p>\n","protected":false},"featured_media":2743,"comment_status":"closed","ping_status":"closed","template":"","meta":[],"_links":{"self":[{"href":"http:\/\/cajovnajasminka.sk\/index.php?rest_route=\/wp\/v2\/product\/2744"}],"collection":[{"href":"http:\/\/cajovnajasminka.sk\/index.php?rest_route=\/wp\/v2\/product"}],"about":[{"href":"http:\/\/cajovnajasminka.sk\/index.php?rest_route=\/wp\/v2\/types\/product"}],"replies":[{"embeddable":true,"href":"http:\/\/cajovnajasminka.sk\/index.php?rest_route=%2Fwp%2Fv2%2Fcomments&post=2744"}],"wp:featuredmedia":[{"embeddable":true,"href":"http:\/\/cajovnajasminka.sk\/index.php?rest_route=\/wp\/v2\/media\/2743"}],"wp:attachment":[{"href":"http:\/\/cajovnajasminka.sk\/index.php?rest_route=%2Fwp%2Fv2%2Fmedia&parent=2744"}],"curies":[{"name":"wp","href":"https:\/\/api.w.org\/{rel}","templated":true}]}}