{"id":273,"date":"2017-05-02T14:04:38","date_gmt":"2017-05-02T12:04:38","guid":{"rendered":"http:\/\/cajovnajasminka.sk\/?product=abhaya-krvny-obeh-a-pruznost-ciev"},"modified":"2023-01-19T11:01:30","modified_gmt":"2023-01-19T10:01:30","slug":"abhaya-krvny-obeh-a-pruznost-ciev","status":"publish","type":"product","link":"http:\/\/cajovnajasminka.sk\/?product=abhaya-krvny-obeh-a-pruznost-ciev","title":{"rendered":"Abhaya-krvn\u00fd obeh a pru\u017enos\u0165 ciev"},"content":{"rendered":"<p>Himal\u00e1jske byliny sa u\u017e po cel\u00e9 st\u00e1ro\u010dia pou\u017e\u00edvaj\u00fa k optimaliz\u00e1cii du\u0161evn\u00fdch a telesn\u00fdch funkci\u00ed organizmu. S\u00fa z\u00e1kladom tradi\u010dn\u00e9ho ajurv\u00e9dsk\u00e9ho lek\u00e1rstva, ktor\u00e9 ich pou\u017e\u00edva v mnoh\u00fdch najr\u00f4znej\u0161\u00edch kombin\u00e1ci\u00e1ch.<\/p>\n<p><strong>\u010caj\u00a0Abhaya pom\u00e1ha udr\u017eiava\u0165 norm\u00e1lny obeh krvi v \u017eil\u00e1ch<br \/>\nPriaznivo p\u00f4sob\u00ed pri syndr\u00f3me &#8222;\u0165a\u017ek\u00fdch n\u00f4h&#8220;<br \/>\nPodporuje \u010dinnos\u0165 ciev a optimalizuje ich pru\u017enos\u0165<br \/>\nPozit\u00edvne ovplyv\u0148uje stav krvn\u00e9ho tlaku<br \/>\nNormalizuje hladinu cholesterolu v krvi<br \/>\nPrispieva ku kardiovaskul\u00e1rnemu zdraviu<br \/>\n<\/strong><\/p>\n<p><strong>Zlo\u017eenie :\u00a0<\/strong><\/p>\n<p>Pupo\u010dn\u00edk \u00e1zijsk\u00fd &#8211; GotuKola (Centella asiatica), embilika lek\u00e1rska &#8211; Amalaki (Emblica officinalis), Haritaki (terminalia chebula), Vibhitaka (terminalia bellirica), Arjuna (terminalia arjuna), gran\u00e1tov\u00e9 jablko (Punica granatum), valeri\u00e1na lek\u00e1rska (Valeriana officinalis), pr\u00e1venka latnat\u00e1 (Andrographis paniculata).<\/p>\n<p><strong>Hmotnos\u0165 :<\/strong>\u00a0100 g<\/p>\n","protected":false},"excerpt":{"rendered":"<p>Himal\u00e1jske byliny sa u\u017e po cel\u00e9 st\u00e1ro\u010dia pou\u017e\u00edvaj\u00fa k optimaliz\u00e1cii du\u0161evn\u00fdch a telesn\u00fdch funkci\u00ed organizmu. S\u00fa z\u00e1kladom tradi\u010dn\u00e9ho ajurv\u00e9dsk\u00e9ho lek\u00e1rstva, ktor\u00e9 ich pou\u017e\u00edva v mnoh\u00fdch najr\u00f4znej\u0161\u00edch kombin\u00e1ci\u00e1ch. \u010caj\u00a0Abhaya pom\u00e1ha udr\u017eiava\u0165 norm\u00e1lny obeh krvi v \u017eil\u00e1ch Priaznivo p\u00f4sob\u00ed pri syndr\u00f3me &#8222;\u0165a\u017ek\u00fdch n\u00f4h&#8220; Podporuje \u010dinnos\u0165 ciev a optimalizuje ich pru\u017enos\u0165 Pozit\u00edvne ovplyv\u0148uje stav krvn\u00e9ho tlaku Normalizuje hladinu<\/p>\n","protected":false},"featured_media":274,"comment_status":"open","ping_status":"closed","template":"","meta":[],"_links":{"self":[{"href":"http:\/\/cajovnajasminka.sk\/index.php?rest_route=\/wp\/v2\/product\/273"}],"collection":[{"href":"http:\/\/cajovnajasminka.sk\/index.php?rest_route=\/wp\/v2\/product"}],"about":[{"href":"http:\/\/cajovnajasminka.sk\/index.php?rest_route=\/wp\/v2\/types\/product"}],"replies":[{"embeddable":true,"href":"http:\/\/cajovnajasminka.sk\/index.php?rest_route=%2Fwp%2Fv2%2Fcomments&post=273"}],"wp:featuredmedia":[{"embeddable":true,"href":"http:\/\/cajovnajasminka.sk\/index.php?rest_route=\/wp\/v2\/media\/274"}],"wp:attachment":[{"href":"http:\/\/cajovnajasminka.sk\/index.php?rest_route=%2Fwp%2Fv2%2Fmedia&parent=273"}],"curies":[{"name":"wp","href":"https:\/\/api.w.org\/{rel}","templated":true}]}}