{"id":2722,"date":"2020-04-07T21:23:30","date_gmt":"2020-04-07T19:23:30","guid":{"rendered":"http:\/\/cajovnajasminka.sk\/?post_type=product&#038;p=2722"},"modified":"2020-04-07T21:27:20","modified_gmt":"2020-04-07T19:27:20","slug":"agathas-bester-filtre-na-caj-s-objemom-2l","status":"publish","type":"product","link":"http:\/\/cajovnajasminka.sk\/?product=agathas-bester-filtre-na-caj-s-objemom-2l","title":{"rendered":"Agatha\u00b4s Bester filtre na \u010daj s objemom 2l"},"content":{"rendered":"<p><strong>Agatha\u00b4s Bester filtre na \u010daj s objemom \u0161\u00e1lok cca 2 l (v z\u00e1vislosti od druhu \u010daju), biele, nechl\u00f3rovan\u00e9, bal. 100 ks\u00a0<\/strong><\/p>\n<p>Praktick\u00e9 filtre na sypan\u00fd \u010daj pre t\u00fdch, ktor\u00ed nemaj\u00fa vhodn\u00e9 podmienky na pr\u00edpravu \u010daju \u010di u\u017e v pr\u00e1ci, na cest\u00e1ch a pod.,<br \/>\nno neodopr\u00fa si svoj ob\u013e\u00faben\u00fd kvalitn\u00fd sypan\u00fd \u010daj. Tieto praktick\u00e9 filtre pr\u00edpravu sypan\u00e9ho \u010daju maxim\u00e1lne u\u013eah\u010dia a prines\u00fa tak \u010dajov\u00fd p\u00f4\u017eitok aj na V\u00e1\u0161 pracovn\u00fd st\u00f4l. Toto praktick\u00e9 balenie obsahuje 100 kusov filtrov na \u010daj<\/p>\n","protected":false},"excerpt":{"rendered":"<p><strong>Agatha\u00b4s Bester filtre na \u010daj s objemom \u0161\u00e1lok cca 2 l, biele, nechl\u00f3rovan\u00e9, bal. 100 ks\u00a0<\/strong><\/p>\n","protected":false},"featured_media":2723,"comment_status":"closed","ping_status":"closed","template":"","meta":[],"_links":{"self":[{"href":"http:\/\/cajovnajasminka.sk\/index.php?rest_route=\/wp\/v2\/product\/2722"}],"collection":[{"href":"http:\/\/cajovnajasminka.sk\/index.php?rest_route=\/wp\/v2\/product"}],"about":[{"href":"http:\/\/cajovnajasminka.sk\/index.php?rest_route=\/wp\/v2\/types\/product"}],"replies":[{"embeddable":true,"href":"http:\/\/cajovnajasminka.sk\/index.php?rest_route=%2Fwp%2Fv2%2Fcomments&post=2722"}],"wp:featuredmedia":[{"embeddable":true,"href":"http:\/\/cajovnajasminka.sk\/index.php?rest_route=\/wp\/v2\/media\/2723"}],"wp:attachment":[{"href":"http:\/\/cajovnajasminka.sk\/index.php?rest_route=%2Fwp%2Fv2%2Fmedia&parent=2722"}],"curies":[{"name":"wp","href":"https:\/\/api.w.org\/{rel}","templated":true}]}}