{"id":2705,"date":"2020-04-06T22:40:35","date_gmt":"2020-04-06T20:40:35","guid":{"rendered":"http:\/\/cajovnajasminka.sk\/?post_type=product&#038;p=2705"},"modified":"2020-04-06T22:44:44","modified_gmt":"2020-04-06T20:44:44","slug":"kalcit-nausnice-gulicky","status":"publish","type":"product","link":"http:\/\/cajovnajasminka.sk\/?product=kalcit-nausnice-gulicky","title":{"rendered":"Kalcit &#8211; n\u00e1u\u0161nice guli\u010dky"},"content":{"rendered":"<p><strong>Kame\u0148 pokoja<\/strong><\/p>\n<p><strong>KALCIT<\/strong>\u00a0<strong>\u017elt\u00fd<\/strong>\u00a0&#8211; je\u00a0<strong>\u00fa\u010dinn\u00fd zosi\u013e\u0148ova\u010d a \u010disti\u010d energie.<\/strong>\u00a0<strong>Ak m\u00e1te kalcit v miestnosti, pom\u00f4\u017ee v\u00e1m udr\u017ea\u0165 energiu v rovnov\u00e1h<\/strong>e &#8211; aby sa negat\u00edvna energia odviedla, premenila a pritom sa zv\u00fd\u0161ila va\u0161a vlastn\u00e1 energia. Odstra\u0148uje z tela ne\u010dist\u00fa energiu. Kalcit ur\u00fdch\u013euje v\u00fdvoj a rast. Je to duchovn\u00fd kame\u0148, sp\u00e1ja n\u00e1s s vy\u0161\u0161\u00edm vedom\u00edm. Napom\u00e1ha k pr\u00edstupu k vy\u0161\u0161ej m\u00fadrosti a rozvoju parapsychologick\u00fdch schopnost\u00ed, jasnovidectva, cestovania mimo telo. Je vhodn\u00fd pri medit\u00e1cii, nako\u013eko otv\u00e1ra nov\u00e9 obzory a prin\u00e1\u0161a pokoj mysle. Z\u00e1rove\u0148 povzbudzuje ku kreativite a tvorivosti,\u00a0<strong>prin\u00e1\u0161a rados\u0165, \u013eahkos\u0165, uvo\u013enenie<\/strong>. Je ve\u013emi n\u00e1pomocn\u00fd, ke\u010f str\u00e1came motiv\u00e1ciu a ovl\u00e1dne n\u00e1s lenivos\u0165. Dod\u00e1va energiu a nad\u0161enie na v\u0161etk\u00fdch \u00farovniach. Upokojuje myse\u013e, pom\u00e1ha rozv\u00edja\u0165 zdrav\u00fd \u00fasudok, schopnos\u0165 analyzova\u0165, povzbudzuje pam\u00e4\u0165. Otv\u00e1ra n\u00e1s \u017eivotu a podporuje ochotu nadv\u00e4zova\u0165 kontakty.<strong>\u00a0<\/strong>Priv\u00e1dza do rovnov\u00e1hy citov\u00e9 nap\u00e4tie, nahr\u00e1dza ho pokojom a vyrovnanos\u0165ou. Zvy\u0161uje sebad\u00f4veru a posi\u013e\u0148uje schopnos\u0165 prekon\u00e1va\u0165 ne\u00faspechy. Na vy\u0161\u0161e duchovnej \u00farovni pre\u010dis\u0165uje v\u0161etky \u010dakry, udr\u017euje ich v rovnov\u00e1he a dod\u00e1va energiu.<\/p>\n<p><strong><u>Lie\u010debn\u00e9 \u00fa\u010dinky:<\/u><\/strong><\/p>\n<ul>\n<li>pom\u00e1ha pri osteorop\u00f3ze<\/li>\n<\/ul>\n<p><strong>Nab\u00edjanie :\u00a0<\/strong>o\u010disten\u00fd kame\u0148 polo\u017ete na \u010dist\u00fd biely papier, ktor\u00fd dajte na parapetn\u00fa dosku okna (najlep\u0161ie zvonka, ale ak sa ned\u00e1, posta\u010d\u00ed aj zn\u00fatra). Na \u0148om nechajte nabi\u0165 n\u00e1ramok cel\u00fa noc pri mesa\u010dnom svetle (najsilnej\u0161ie nabitie je pri splne mesiaca, ale \u00fa\u010dinn\u00e9 s\u00fa v\u0161etky jeho f\u00e1zy). Niektor\u00e9 kamene m\u00f4\u017eeme takto nab\u00edja\u0165 aj pri slne\u010dnom svetle, ale mnoh\u00e9 z nich s\u00fa citliv\u00e9 na slnko a mohli by na \u0148om zmeni\u0165 svoje zafarbenie. Nab\u00edjanie pri mesa\u010dnom svetle je univerz\u00e1lne pre v\u0161etky druhy kame\u0148ov<\/p>\n<p><strong>Upozornenie:<\/strong>\u00a0Sfarbenie a \u0161trukt\u00fara kame\u0148ov sa\u00a0m\u00f4\u017ee v skuto\u010dnosti od uveden\u00fdch fotografi\u00ed\u00a0produktu mierne odli\u0161ova\u0165<\/p>\n","protected":false},"excerpt":{"rendered":"<p><strong>Guli\u010dkov\u00e9 nau\u0161nice, zap\u00ednanie postriebren\u00fd tombak<\/strong><br \/>\n<strong>Ve\u013ekos\u0165 : 8 mm<\/strong><\/p>\n","protected":false},"featured_media":2706,"comment_status":"closed","ping_status":"closed","template":"","meta":[],"_links":{"self":[{"href":"http:\/\/cajovnajasminka.sk\/index.php?rest_route=\/wp\/v2\/product\/2705"}],"collection":[{"href":"http:\/\/cajovnajasminka.sk\/index.php?rest_route=\/wp\/v2\/product"}],"about":[{"href":"http:\/\/cajovnajasminka.sk\/index.php?rest_route=\/wp\/v2\/types\/product"}],"replies":[{"embeddable":true,"href":"http:\/\/cajovnajasminka.sk\/index.php?rest_route=%2Fwp%2Fv2%2Fcomments&post=2705"}],"wp:featuredmedia":[{"embeddable":true,"href":"http:\/\/cajovnajasminka.sk\/index.php?rest_route=\/wp\/v2\/media\/2706"}],"wp:attachment":[{"href":"http:\/\/cajovnajasminka.sk\/index.php?rest_route=%2Fwp%2Fv2%2Fmedia&parent=2705"}],"curies":[{"name":"wp","href":"https:\/\/api.w.org\/{rel}","templated":true}]}}