{"id":2703,"date":"2020-04-06T22:35:28","date_gmt":"2020-04-06T20:35:28","guid":{"rendered":"http:\/\/cajovnajasminka.sk\/?post_type=product&#038;p=2703"},"modified":"2020-04-06T22:40:06","modified_gmt":"2020-04-06T20:40:06","slug":"avanturin-zlaty-nausnice-gulicky","status":"publish","type":"product","link":"http:\/\/cajovnajasminka.sk\/?product=avanturin-zlaty-nausnice-gulicky","title":{"rendered":"Avantur\u00edn zlat\u00fd &#8211; n\u00e1u\u0161nice guli\u010dky"},"content":{"rendered":"<p><strong>Avantur\u00edn zlat\u00fd\u00a0<\/strong>je v\u00fdborn\u00fd kame\u0148 na zahnanie ob\u00e1v a f\u00f3bi\u00ed ka\u017ed\u00e9ho druhu. Prin\u00e1\u0161a \u0161\u0165astie a hojnos\u0165 a transformuje negat\u00edvnu energiu a psychick\u00fd \u00fatok na pozit\u00edvne energie.\u00a0<strong>D\u00e1va n\u00e1m rados\u0165 zo \u017eivota.<\/strong>\u00a0Zbavuje n\u00e1s strachu zo \u201czl\u00e9ho ve\u013ek\u00e9ho sveta\u201d,\u00a0<strong>zvy\u0161uje n\u00e1\u0161 pocit sebahodnoty<\/strong>\u00a0a d\u00f4veru v seba sam\u00e9ho. Pom\u00e1ha naplni\u0165 na\u0161e poslanie na tejto Zemi a vzbudzuje odvahu. Zvy\u0161uje osobn\u00fa moc a silu v\u00f4le a dod\u00e1va \u017eivotn\u00fa silu tomu, kto ho nos\u00ed. Pom\u00e1ha n\u00e1m odhali\u0165 a \u017ei\u0165 svoj prirodzen\u00fd sp\u00f4sob \u017eivota.\u00a0<strong>Slne\u010dn\u00fd kame\u0148 zni\u017euje stres a p\u00f4sob\u00ed proti depresii.<\/strong>\u00a0Ak sa nos\u00ed ako pr\u00edvesok alebo vo vrecku, z\u00e1sobuje telo energiou v \u010dasoch choroby alebo stresu.\u00a0<strong>Omladzuje ducha.<\/strong><\/p>\n<p><strong>Lie\u010debn\u00e9 \u00fa\u010dinky:<\/strong><\/p>\n<ul>\n<li>Vhodn\u00fd pre celkov\u00fa podporu zdravia a zv\u00fd\u0161enie fyzickej energie<\/li>\n<li>Pri sexu\u00e1lnych dysfunkci\u00e1ch\u00a0zvy\u0161uje sexu\u00e1lnu energiu a preto sa sp\u00e1ja s druhou sakr\u00e1lnou \u010dakrou \u2013 odstra\u0148uje z nej blok\u00e1dy<\/li>\n<li>Pou\u017e\u00edva sa na zmiernenie opuchov, hlavne na k\u013aboch, ale aj opuchov hrdla<\/li>\n<li>Zni\u017euje nap\u00e4tie v \u017eal\u00fado\u010dnej oblasti, podporuje \u010dinnos\u0165 pe\u010dene a obli\u010diek a pom\u00e1ha \u010disti\u0165 organizmus od tox\u00ednov<\/li>\n<li>Pom\u00e1ha pri n\u00e1doroch a vredoch<\/li>\n<li>Zmier\u0148uje reumu a bolesti k\u013abov a chrbtice<\/li>\n<li>Pom\u00e1ha pri prejedan\u00ed sa, pri obezite, bul\u00edmii a anorexii<\/li>\n<li>Hovori sa, \u017ee kto ho m\u00e1 pri sebe, v\u00fdrazne mu napom\u00e1ha\u00a0zharmonizova\u0165 stravovacie n\u00e1vyky<\/li>\n<\/ul>\n<p><strong>Priraden\u00e9 astrologick\u00e9 znamenie:<\/strong> V\u00e1hy, Lev<\/p>\n<p><strong>Upozornenie:<\/strong>\u00a0Sfarbenie a \u0161trukt\u00fara kame\u0148ov sa\u00a0m\u00f4\u017ee v skuto\u010dnosti od uveden\u00fdch fotografi\u00ed\u00a0produktu mierne odli\u0161ova\u0165<\/p>\n","protected":false},"excerpt":{"rendered":"<p><strong>Guli\u010dkov\u00e9 nau\u0161nice, zap\u00ednanie postriebren\u00fd tombak<\/strong><br \/>\n<strong>Ve\u013ekos\u0165 : 8 mm<\/strong><\/p>\n","protected":false},"featured_media":2704,"comment_status":"closed","ping_status":"closed","template":"","meta":[],"_links":{"self":[{"href":"http:\/\/cajovnajasminka.sk\/index.php?rest_route=\/wp\/v2\/product\/2703"}],"collection":[{"href":"http:\/\/cajovnajasminka.sk\/index.php?rest_route=\/wp\/v2\/product"}],"about":[{"href":"http:\/\/cajovnajasminka.sk\/index.php?rest_route=\/wp\/v2\/types\/product"}],"replies":[{"embeddable":true,"href":"http:\/\/cajovnajasminka.sk\/index.php?rest_route=%2Fwp%2Fv2%2Fcomments&post=2703"}],"wp:featuredmedia":[{"embeddable":true,"href":"http:\/\/cajovnajasminka.sk\/index.php?rest_route=\/wp\/v2\/media\/2704"}],"wp:attachment":[{"href":"http:\/\/cajovnajasminka.sk\/index.php?rest_route=%2Fwp%2Fv2%2Fmedia&parent=2703"}],"curies":[{"name":"wp","href":"https:\/\/api.w.org\/{rel}","templated":true}]}}