{"id":2691,"date":"2020-04-06T22:13:37","date_gmt":"2020-04-06T20:13:37","guid":{"rendered":"http:\/\/cajovnajasminka.sk\/?post_type=product&#038;p=2691"},"modified":"2020-04-07T20:03:15","modified_gmt":"2020-04-07T18:03:15","slug":"opalit-srdiecko","status":"publish","type":"product","link":"http:\/\/cajovnajasminka.sk\/?product=opalit-srdiecko","title":{"rendered":"Opalit &#8211; srdie\u010dko"},"content":{"rendered":"<p><strong>Kame\u0148 emocion\u00e1lnej rovnov\u00e1hy<\/strong><\/p>\n<p>Pom\u00e1ha vyrovna\u0165 sa so zmenami na v\u0161etk\u00fdch \u00farovniach.\u00a0<strong>Je z\u00e1rove\u0148 kame\u0148om prian\u00ed a n\u00e1deje.<\/strong>\u00a0Prin\u00e1\u0161a v\u0161etko, \u010do potrebujeme (pozor \u2013 nie v\u0161etko, \u010do si \u017eel\u00e1me). Pou\u017e\u00edva sa ako ochrana pri dlh\u00fdch cest\u00e1ch. Dobr\u00fd kame\u0148 pre \u013eud\u00ed, ktor\u00ed pracuj\u00fa v po\u013enohospod\u00e1rstve. Vytv\u00e1ra v nich cit pre mesa\u010dn\u00e9 f\u00e1zy a ich p\u00f4sobenie na v\u0161etko \u017eiv\u00e9. Opalit je ve\u013emi vhodn\u00fd pre \u017eeny: zmier\u0148uje stres, emocion\u00e1lne nap\u00e4tie a emocion\u00e1lne v\u00fdkyvy. Podporuje c\u00edtenie, intu\u00edciu a emocionalitu, nie racionalitu. V\u00fdrazne zlep\u0161uje na\u0161u vn\u00edmavos\u0165. Pom\u00e1ha n\u00e1m dosta\u0165 pod kontrolu n\u00e1hle a prudk\u00e9 citov\u00e9 v\u00fdkyvy. Aktivuje jasnozriv\u00e9 schopnosti.<br \/>\n<strong>Ve\u013emi vhodn\u00fd kame\u0148 na rozhodovanie a rie\u0161enie probl\u00e9mov.<\/strong>\u00a0Sta\u010d\u00ed ho dr\u017ea\u0165 v recept\u00edvnej ruke alebo si ho da\u0165 na noc pod vank\u00fa\u0161 \u2013 odpovede sa dostavia.\u00a0<strong>\u010cist\u00ed od negat\u00edvnej energie.<\/strong>\u00a0Posil\u0148uje \u201c\u017eensk\u00fa\u201d str\u00e1nku \u2013 akcept\u00e1ciu, prisp\u00f4sobivos\u0165, dosahovanie cez postupn\u00e9 usmer\u0148ovanie. Nasto\u013euje pokoj mysle, vyrovnanos\u0165 a harm\u00f3niu a podporuje telepatiu.\u00a0.<\/p>\n<p><strong><u>Lie\u010debn\u00e9 \u00fa\u010dinky:<\/u><\/strong><\/p>\n<ul>\n<li>\u00a0Vyrovn\u00e1va hormon\u00e1lne nerovnov\u00e1hy a zmier\u0148uje men\u0161trua\u010dn\u00e9 probl\u00e9my<\/li>\n<li>Pou\u017e\u00edva sa na ochorenia spojen\u00e9 s vodou, napr. na opuchy.\u00a0 Redukuje nadbyto\u010dn\u00fa vodu v organizme<\/li>\n<li>Opalit pozit\u00edvne vpl\u00fdva na tr\u00e1viaci a reproduk\u010dn\u00fd syst\u00e9m, pom\u00e1ha vstreb\u00e1va\u0165 \u017eiviny, vylu\u010dova\u0165 z tela jedovat\u00e9 l\u00e1tky a zadr\u017eova\u0165 tekutiny<\/li>\n<li>Prin\u00e1\u0161a \u00fa\u013eavu pri degenerativn\u00fdch zmen\u00e1ch ko\u017ee, vlasov, o\u010d\u00ed a niektor\u00fdch org\u00e1nov, ako je napr\u00edklad pe\u010de\u0148 a slinivka bru\u0161n\u00e1<\/li>\n<li>\u00a0M\u00e1 v\u00fdborn\u00fd vplyv na po\u010datie, tehotenstvo, p\u00f4rod a aj na kojenie<\/li>\n<\/ul>\n<p><strong><u>Astrologick\u00e9 priradenie:<\/u><\/strong> Rak, Strelec, Ryby, \u0160korpi\u00f3n<\/p>\n<p><strong><u>\u010cistenie: <\/u><\/strong>Pod vla\u017enou vodou a\u00a0nab\u00edja\u0165 pri mesa\u010dnom svite<\/p>\n<p><strong>Upozornenie:<\/strong>\u00a0Sfarbenie a \u0161trukt\u00fara kame\u0148ov sa\u00a0m\u00f4\u017ee v skuto\u010dnosti od uveden\u00fdch fotografi\u00ed\u00a0produktu mierne odli\u0161ova\u0165<\/p>\n","protected":false},"excerpt":{"rendered":"<p><strong>Br\u00fasen\u00e9, le\u0161ten\u00e9 srdie\u010dka pravideln\u00fdch tvarov<\/strong><br \/>\n<strong>Z\u00e1ves striebren\u00fd tombak<\/strong><br \/>\n<strong>Ve\u013ekos\u0165 : 15 mm<\/strong><\/p>\n","protected":false},"featured_media":2692,"comment_status":"closed","ping_status":"closed","template":"","meta":[],"_links":{"self":[{"href":"http:\/\/cajovnajasminka.sk\/index.php?rest_route=\/wp\/v2\/product\/2691"}],"collection":[{"href":"http:\/\/cajovnajasminka.sk\/index.php?rest_route=\/wp\/v2\/product"}],"about":[{"href":"http:\/\/cajovnajasminka.sk\/index.php?rest_route=\/wp\/v2\/types\/product"}],"replies":[{"embeddable":true,"href":"http:\/\/cajovnajasminka.sk\/index.php?rest_route=%2Fwp%2Fv2%2Fcomments&post=2691"}],"wp:featuredmedia":[{"embeddable":true,"href":"http:\/\/cajovnajasminka.sk\/index.php?rest_route=\/wp\/v2\/media\/2692"}],"wp:attachment":[{"href":"http:\/\/cajovnajasminka.sk\/index.php?rest_route=%2Fwp%2Fv2%2Fmedia&parent=2691"}],"curies":[{"name":"wp","href":"https:\/\/api.w.org\/{rel}","templated":true}]}}