{"id":269,"date":"2017-05-02T13:56:00","date_gmt":"2017-05-02T11:56:00","guid":{"rendered":"http:\/\/cajovnajasminka.sk\/?product=vyana-podpora-perifernej-cirkulacie"},"modified":"2023-01-19T11:01:55","modified_gmt":"2023-01-19T10:01:55","slug":"vyana-podpora-perifernej-cirkulacie","status":"publish","type":"product","link":"http:\/\/cajovnajasminka.sk\/?product=vyana-podpora-perifernej-cirkulacie","title":{"rendered":"Vyana-podpora perif\u00e9rnej cirkul\u00e1cie"},"content":{"rendered":"<p>Himal\u00e1jske byliny sa u\u017e po cel\u00e9 st\u00e1ro\u010dia pou\u017e\u00edvaj\u00fa k optimaliz\u00e1cii du\u0161evn\u00fdch a telesn\u00fdch funkci\u00ed organizmu. S\u00fa z\u00e1kladom tradi\u010dn\u00e9ho ajurv\u00e9dsk\u00e9ho lek\u00e1rstva, ktor\u00e9 ich pou\u017e\u00edva v mnoh\u00fdch najr\u00f4znej\u0161\u00edch kombin\u00e1ci\u00e1ch.<\/p>\n<p><strong>\u010caj\u00a0Vyana\u00a0pom\u00e1ha udr\u017eiava\u0165 norm\u00e1lny krvn\u00fd obeh a podporuje perif\u00e9rnu cirkul\u00e1ciu<br \/>\nPrispieva k harmoniz\u00e1cii kardiovaskul\u00e1rneho syst\u00e9mu a jeho funkci\u00ed<br \/>\nPodporuje krvn\u00fd obeh a optimalizuje priechodnos\u0165 ciev<br \/>\nAntioxida\u010dn\u00e9 l\u00e1tky z gran\u00e1tov\u00e9ho jablka pozit\u00edvne p\u00f4sobia na ochranu buniek a \u010dinnos\u0165 srdcovo-cievnych funkci\u00ed<br \/>\n<\/strong><\/p>\n<p><strong>Zlo\u017eenie :\u00a0<\/strong><\/p>\n<p>Kaiphala (Myrica nagi), sladovka hladkoplod\u00e1 &#8211; sladk\u00e9 drievko (Glycyrrhiza glabra), gran\u00e1tov\u00e9 jablko (Punica granatum), pupo\u010dn\u00edk \u00e1zijsk\u00fd &#8211; GotuKola (Centella asiatica).<\/p>\n<p><strong>Hmotnos\u0165 :<\/strong>\u00a0100 g<\/p>\n","protected":false},"excerpt":{"rendered":"<p>Himal\u00e1jske byliny sa u\u017e po cel\u00e9 st\u00e1ro\u010dia pou\u017e\u00edvaj\u00fa k optimaliz\u00e1cii du\u0161evn\u00fdch a telesn\u00fdch funkci\u00ed organizmu. S\u00fa z\u00e1kladom tradi\u010dn\u00e9ho ajurv\u00e9dsk\u00e9ho lek\u00e1rstva, ktor\u00e9 ich pou\u017e\u00edva v mnoh\u00fdch najr\u00f4znej\u0161\u00edch kombin\u00e1ci\u00e1ch. \u010caj\u00a0Vyana\u00a0pom\u00e1ha udr\u017eiava\u0165 norm\u00e1lny krvn\u00fd obeh a podporuje perif\u00e9rnu cirkul\u00e1ciu Prispieva k harmoniz\u00e1cii kardiovaskul\u00e1rneho syst\u00e9mu a jeho funkci\u00ed Podporuje krvn\u00fd obeh a optimalizuje priechodnos\u0165 ciev Antioxida\u010dn\u00e9 l\u00e1tky z gran\u00e1tov\u00e9ho<\/p>\n","protected":false},"featured_media":270,"comment_status":"open","ping_status":"closed","template":"","meta":[],"_links":{"self":[{"href":"http:\/\/cajovnajasminka.sk\/index.php?rest_route=\/wp\/v2\/product\/269"}],"collection":[{"href":"http:\/\/cajovnajasminka.sk\/index.php?rest_route=\/wp\/v2\/product"}],"about":[{"href":"http:\/\/cajovnajasminka.sk\/index.php?rest_route=\/wp\/v2\/types\/product"}],"replies":[{"embeddable":true,"href":"http:\/\/cajovnajasminka.sk\/index.php?rest_route=%2Fwp%2Fv2%2Fcomments&post=269"}],"wp:featuredmedia":[{"embeddable":true,"href":"http:\/\/cajovnajasminka.sk\/index.php?rest_route=\/wp\/v2\/media\/270"}],"wp:attachment":[{"href":"http:\/\/cajovnajasminka.sk\/index.php?rest_route=%2Fwp%2Fv2%2Fmedia&parent=269"}],"curies":[{"name":"wp","href":"https:\/\/api.w.org\/{rel}","templated":true}]}}