{"id":2655,"date":"2020-04-06T20:46:19","date_gmt":"2020-04-06T18:46:19","guid":{"rendered":"http:\/\/cajovnajasminka.sk\/?post_type=product&#038;p=2655"},"modified":"2020-04-07T20:06:24","modified_gmt":"2020-04-07T18:06:24","slug":"tyrkenit-srdiecko","status":"publish","type":"product","link":"http:\/\/cajovnajasminka.sk\/?product=tyrkenit-srdiecko","title":{"rendered":"Tyrkenit &#8211; srdie\u010dko"},"content":{"rendered":"<p>Tyrkenit &#8211; Magnezit je kame\u0148 vhodn\u00fd pre meditovanie, prin\u00e1\u0161a potrebn\u00fd pokoj a s\u00fastredenie, oslobodenie od nepodstan\u00fdch my\u0161lienok. Pom\u00e1ha rozvoju mozgu a kon\u0161trukt\u00edvnemu mysleniu, je vhodn\u00fd pre \u0161t\u00fadium a sebazdokona\u013eovanie. Svojho majite\u013ea zbavuje stresu, podporuje asertivitu. Je vhodn\u00fd na r\u00f4zne rokovania, pom\u00e1ha nen\u00e1silne presadi\u0165 vlastn\u00e9 my\u0161lienky, prin\u00e1\u0161a na jazyk tie spr\u00e1vne argumenty. Pom\u00e1ha de\u0165om zbavi\u0165 sa strachu z tmy a prin\u00e1\u0161a hlbok\u00fd a pokojn\u00fd sp\u00e1nok.<\/p>\n<p><strong><u>Lie\u010debn\u00e9 vyu\u017eitie:<\/u><\/strong><\/p>\n<ul>\n<li>mozog, pam\u00e4\u0165, kosti, zuby, nechty, vlasy, vstreb\u00e1vanie hor\u010d\u00edka, nervy, depresie, vysok\u00fd cholesterol, trombof\u00fdlia<\/li>\n<\/ul>\n<p><strong><u>Astrologick\u00e9 priradenie:<\/u><\/strong> Panna<\/p>\n<p><strong><u>\u010cistenie: <\/u><\/strong>Pod pr\u00fadom vla\u017enej vody. <strong>Dob\u00edjame :<\/strong> pri mesa\u010dnom svite<\/p>\n<p><strong>Upozornenie:<\/strong>\u00a0Sfarbenie a \u0161trukt\u00fara kame\u0148ov sa\u00a0m\u00f4\u017ee v skuto\u010dnosti od uveden\u00fdch fotografi\u00ed\u00a0produktu mierne odli\u0161ova\u0165<\/p>\n","protected":false},"excerpt":{"rendered":"<p><strong>Br\u00fasen\u00e9, le\u0161ten\u00e9 srdie\u010dka pravideln\u00fdch tvarov<\/strong><br \/>\n<strong>Z\u00e1ves striebren\u00fd tombak<\/strong><br \/>\n<strong>Ve\u013ekos\u0165 : 15 mm<\/strong><\/p>\n","protected":false},"featured_media":2688,"comment_status":"closed","ping_status":"closed","template":"","meta":[],"_links":{"self":[{"href":"http:\/\/cajovnajasminka.sk\/index.php?rest_route=\/wp\/v2\/product\/2655"}],"collection":[{"href":"http:\/\/cajovnajasminka.sk\/index.php?rest_route=\/wp\/v2\/product"}],"about":[{"href":"http:\/\/cajovnajasminka.sk\/index.php?rest_route=\/wp\/v2\/types\/product"}],"replies":[{"embeddable":true,"href":"http:\/\/cajovnajasminka.sk\/index.php?rest_route=%2Fwp%2Fv2%2Fcomments&post=2655"}],"wp:featuredmedia":[{"embeddable":true,"href":"http:\/\/cajovnajasminka.sk\/index.php?rest_route=\/wp\/v2\/media\/2688"}],"wp:attachment":[{"href":"http:\/\/cajovnajasminka.sk\/index.php?rest_route=%2Fwp%2Fv2%2Fmedia&parent=2655"}],"curies":[{"name":"wp","href":"https:\/\/api.w.org\/{rel}","templated":true}]}}