{"id":2650,"date":"2020-04-06T20:19:30","date_gmt":"2020-04-06T18:19:30","guid":{"rendered":"http:\/\/cajovnajasminka.sk\/?post_type=product&#038;p=2650"},"modified":"2020-04-07T20:06:49","modified_gmt":"2020-04-07T18:06:49","slug":"magnezit-srdiecko","status":"publish","type":"product","link":"http:\/\/cajovnajasminka.sk\/?product=magnezit-srdiecko","title":{"rendered":"Magnezit &#8211; srdie\u010dko"},"content":{"rendered":"<p>Magnezit uvo\u013e\u0148uje nap\u00e4tie a stres. Podporuje pozit\u00edvny pr\u00edstup k sebe sam\u00e9mu, trpezlivos\u0165 a oddanos\u0165 a schopnos\u0165 na\u010d\u00fava\u0165. Stimuluje nesebeck\u00fa, prec\u00edten\u00fa l\u00e1sku. Podporuje bunkov\u00fa o\u010distu a \u010dist\u00ed krv. Ur\u00fdch\u013euje hojenie kost\u00ed, zmier\u0148uje bolesti zubov a probl\u00e9my s pe\u010de\u0148ou, odstra\u0148uje k\u0155\u010de v l\u00fdtkach.<\/p>\n<p><strong>Lie\u010debn\u00e9 \u00fa\u010dinky:\u00a0<\/strong>posil\u0148uje krvn\u00fd obeh, zni\u017euje hladinu cholesterolu v krvi a reguluje tr\u00e1venie<\/p>\n<p><strong>Upozornenie:<\/strong>\u00a0Sfarbenie a \u0161trukt\u00fara kame\u0148ov sa\u00a0m\u00f4\u017ee v skuto\u010dnosti od uveden\u00fdch fotografi\u00ed\u00a0produktu mierne odli\u0161ova\u0165<\/p>\n","protected":false},"excerpt":{"rendered":"<p><strong>Br\u00fasen\u00e9, le\u0161ten\u00e9 srdie\u010dka pravideln\u00fdch tvarov<br \/>\nZ\u00e1ves striebren\u00fd tombak<br \/>\nVe\u013ekos\u0165 : 15 mm<\/strong><\/p>\n","protected":false},"featured_media":2665,"comment_status":"closed","ping_status":"closed","template":"","meta":[],"_links":{"self":[{"href":"http:\/\/cajovnajasminka.sk\/index.php?rest_route=\/wp\/v2\/product\/2650"}],"collection":[{"href":"http:\/\/cajovnajasminka.sk\/index.php?rest_route=\/wp\/v2\/product"}],"about":[{"href":"http:\/\/cajovnajasminka.sk\/index.php?rest_route=\/wp\/v2\/types\/product"}],"replies":[{"embeddable":true,"href":"http:\/\/cajovnajasminka.sk\/index.php?rest_route=%2Fwp%2Fv2%2Fcomments&post=2650"}],"wp:featuredmedia":[{"embeddable":true,"href":"http:\/\/cajovnajasminka.sk\/index.php?rest_route=\/wp\/v2\/media\/2665"}],"wp:attachment":[{"href":"http:\/\/cajovnajasminka.sk\/index.php?rest_route=%2Fwp%2Fv2%2Fmedia&parent=2650"}],"curies":[{"name":"wp","href":"https:\/\/api.w.org\/{rel}","templated":true}]}}