{"id":263,"date":"2017-05-02T13:41:39","date_gmt":"2017-05-02T11:41:39","guid":{"rendered":"http:\/\/cajovnajasminka.sk\/?product=tulsi-respiracny-system-a-krcna-oblast"},"modified":"2023-01-19T11:02:33","modified_gmt":"2023-01-19T10:02:33","slug":"tulsi-respiracny-system-a-krcna-oblast","status":"publish","type":"product","link":"http:\/\/cajovnajasminka.sk\/?product=tulsi-respiracny-system-a-krcna-oblast","title":{"rendered":"Tulsi-Respira\u010dn\u00fd syst\u00e9m a kr\u010dn\u00e1 oblas\u0165"},"content":{"rendered":"<p>Himal\u00e1jske byliny sa u\u017e po cel\u00e9 st\u00e1ro\u010dia pou\u017e\u00edvaj\u00fa k optimaliz\u00e1cii du\u0161evn\u00fdch a telesn\u00fdch funkci\u00ed organizmu. S\u00fa z\u00e1kladom tradi\u010dn\u00e9ho ajurv\u00e9dsk\u00e9ho lek\u00e1rstva, ktor\u00e9 ich pou\u017e\u00edva v mnoh\u00fdch najr\u00f4znej\u0161\u00edch kombin\u00e1ci\u00e1ch.<\/p>\n<p><strong>\u010caj Tulsi m\u00e1 priazniv\u00fd vplyv na respira\u010dn\u00fd syst\u00e9m a uvo\u013enenie d\u00fdchac\u00edch ciest<br \/>\nM\u00e1 upokojuj\u00faci vplyv na kr\u010dn\u00fa oblas\u0165<br \/>\nPom\u00e1ha udr\u017eiava\u0165 optim\u00e1lne fungovanie d\u00fdchacieho syst\u00e9mu<br \/>\nPodporuje spr\u00e1vnu \u010dinnos\u0165 d\u00fdchacej s\u00fastavy<br \/>\nPrispieva k prirodzenej obranyschopnosti organizmu<br \/>\n<\/strong><\/p>\n<p><strong>Zlo\u017eenie :\u00a0<\/strong><\/p>\n<p>Bazalka sv\u00e4t\u00e1 (Ocimum tenuiflorum), z\u00e1zvorovn\u00edk lek\u00e1rsky &#8211; z\u00e1zvor (Zingiber origgicinalis), sladovka hladkoplod\u00e1 &#8211; sladk\u00e9 drievko (Glycyrrhiza glabra), \u0161koricovn\u00edk tamala (Cinnamomum tamala), kardamom oby\u010dajn\u00fd (Elettaria cardamomum), klin\u010dekovec vo\u0148av\u00fd (Syzygium aromaticum).<\/p>\n<p><strong>Hmotnos\u0165 :<\/strong>\u00a0100 g<\/p>\n","protected":false},"excerpt":{"rendered":"<p>Himal\u00e1jske byliny sa u\u017e po cel\u00e9 st\u00e1ro\u010dia pou\u017e\u00edvaj\u00fa k optimaliz\u00e1cii du\u0161evn\u00fdch a telesn\u00fdch funkci\u00ed organizmu. S\u00fa z\u00e1kladom tradi\u010dn\u00e9ho ajurv\u00e9dsk\u00e9ho lek\u00e1rstva, ktor\u00e9 ich pou\u017e\u00edva v mnoh\u00fdch najr\u00f4znej\u0161\u00edch kombin\u00e1ci\u00e1ch. \u010caj Tulsi m\u00e1 priazniv\u00fd vplyv na respira\u010dn\u00fd syst\u00e9m a uvo\u013enenie d\u00fdchac\u00edch ciest M\u00e1 upokojuj\u00faci vplyv na kr\u010dn\u00fa oblas\u0165 Pom\u00e1ha udr\u017eiava\u0165 optim\u00e1lne fungovanie d\u00fdchacieho syst\u00e9mu Podporuje spr\u00e1vnu \u010dinnos\u0165 d\u00fdchacej<\/p>\n","protected":false},"featured_media":264,"comment_status":"open","ping_status":"closed","template":"","meta":[],"_links":{"self":[{"href":"http:\/\/cajovnajasminka.sk\/index.php?rest_route=\/wp\/v2\/product\/263"}],"collection":[{"href":"http:\/\/cajovnajasminka.sk\/index.php?rest_route=\/wp\/v2\/product"}],"about":[{"href":"http:\/\/cajovnajasminka.sk\/index.php?rest_route=\/wp\/v2\/types\/product"}],"replies":[{"embeddable":true,"href":"http:\/\/cajovnajasminka.sk\/index.php?rest_route=%2Fwp%2Fv2%2Fcomments&post=263"}],"wp:featuredmedia":[{"embeddable":true,"href":"http:\/\/cajovnajasminka.sk\/index.php?rest_route=\/wp\/v2\/media\/264"}],"wp:attachment":[{"href":"http:\/\/cajovnajasminka.sk\/index.php?rest_route=%2Fwp%2Fv2%2Fmedia&parent=263"}],"curies":[{"name":"wp","href":"https:\/\/api.w.org\/{rel}","templated":true}]}}