{"id":2624,"date":"2020-04-05T19:30:58","date_gmt":"2020-04-05T17:30:58","guid":{"rendered":"http:\/\/cajovnajasminka.sk\/?post_type=product&#038;p=2624"},"modified":"2020-04-05T19:52:51","modified_gmt":"2020-04-05T17:52:51","slug":"obsidian-vlockovy-donut","status":"publish","type":"product","link":"http:\/\/cajovnajasminka.sk\/?product=obsidian-vlockovy-donut","title":{"rendered":"Obsidi\u00e1n vlo\u010dkov\u00fd &#8211; donut"},"content":{"rendered":"<p><strong>Obsidi\u00e1n<\/strong>\u00a0je kame\u0148 bez obmedzen\u00ed a hran\u00edc. V\u010faka tomuto \u00fa\u010dinkuje ve\u013emi r\u00fdchlo a s obrovskou silou. Odha\u013euje pravdu, odr\u00e1\u017ea jednotliv\u00e9 \u013eudsk\u00e9 vlastnosti a nemilosrdne odha\u013euje trhliny, slabosti a blok\u00e1dy. Hovor\u00ed sa, \u017ee pred obsidi\u00e1nom sa ned\u00e1 ni\u010d utaji\u0165. Obsidi\u00e1n n\u00e1m pom\u00e1ha zbavi\u0165 sa v\u0161etk\u00fdch de\u0161trukt\u00edvnych a oslabuj\u00facich vlastnost\u00ed a t\u00fdm n\u00e1s podnecuje k \u010fa\u013e\u0161iemu rastu. A pritom po\u010das cel\u00e9ho procesu na\u0161ej premeny n\u00e1m poskytuje stabiln\u00fa podporu. Treba s n\u00edm v\u0161ak zaobch\u00e1dza\u0165 s opatrnos\u0165ou, najlep\u0161ie, ke\u010f ho pou\u017e\u00edvame pod veden\u00edm sk\u00fasen\u00e9ho lie\u010dite\u013ea (preto\u017ee obsidi\u00e1n dok\u00e1\u017ee vynies\u0165 na povrch negat\u00edvne em\u00f3cie a nepr\u00edjemn\u00e9 pravdy). Pod sk\u00fasen\u00fdm veden\u00edm s\u00fa tieto vlastnosti obsidi\u00e1nu takpovediac neocenite\u013en\u00e9. Takisto n\u00e1m pom\u00e1ha pri cest\u00e1ch do minul\u00fdch \u017eivotov, kde dok\u00e1\u017ee lie\u010di\u0165 frustruj\u00face em\u00f3cie a traumy, ktor\u00fdch vplyv pretrv\u00e1va a\u017e do s\u00fa\u010dasnosti.\u00a0<strong><br \/>\nObsidi\u00e1n<\/strong>\u00a0je siln\u00fd ochrann\u00fd kame\u0148, ktor\u00fd vytv\u00e1ra \u0161t\u00edt proti v\u0161etk\u00e9mu negat\u00edvnemu. Zais\u0165uje uzem\u0148uj\u00face lano, ktor\u00e9 vedie od z\u00e1kladnej \u010dakry a\u017e do stredu Zeme. Pohlcuje negat\u00edvne energie z okolit\u00e9ho prostredia a vo chv\u00edli, ke\u010f to potrebujeme n\u00e1s dok\u00e1\u017ee poskytn\u00fa\u0165 silu, oporu a ochranu.\u00a0<strong>Je nesmierne n\u00e1pomocn\u00fd vysoko citliv\u00fdm \u013eu\u010fom.\u00a0<\/strong>Dok\u00e1\u017ee zablkokova\u0165 du\u0161evn\u00e9 \u00fatoky a odstra\u0148uje negat\u00edvne duchovn\u00e9 vplyvy.<br \/>\n<strong>Obsidi\u00e1n<\/strong>\u00a0j<strong>e mimoriadne \u00fa\u010dinn\u00fdm pomocn\u00edkom pre terapeutov a poradcov<\/strong>, preto\u017ee je nielen iba n\u00e1strojom umo\u017e\u0148uj\u00facim prenikn\u00fa\u0165 k jadru probl\u00e9mov ale je aj kame\u0148om, ktor\u00fd je schopn\u00fd odobera\u0165 energie, ktor\u00e9 vznikli v d\u00f4sledku t\u00fdchto probl\u00e9mov. K tak\u00e9muto \u00fa\u010delu je najvhodnej\u0161\u00ed presne tak\u00fdto \u010dierny obsidi\u00e1n.<br \/>\n<strong>Lie\u010debn\u00e9 \u00fa\u010dinky<\/strong>: jeho najv\u00e4\u010d\u0161\u00edm darom je mo\u017enos\u0165 vh\u013eadu do pr\u00ed\u010din nerovnov\u00e1hy. Obsidi\u00e1n napom\u00e1ha str\u00e1vi\u0165 v\u0161etko, \u010do je \u0165a\u017eko prijate\u013en\u00e9. S\u00fa\u010dasne aj u\u013eah\u010duje tr\u00e1venie na fyzickej \u00farovni. Dok\u00e1\u017ee zbavi\u0165 organizmus toxick\u00fdch l\u00e1tok, odstra\u0148uje blok\u00e1dy, nap\u00e4tie vo fyzickom, ale aj v jemnohmotnom tele, pozit\u00edvne vpl\u00fdva na zkornatenie ciev. Zni\u017euje bolesti pri artrit\u00edde, probl\u00e9moch s k\u013abami, k\u0155\u010doch a zraneniach. Obsidi\u00e1nov\u00fd elex\u00edr p\u00f4sob\u00ed blahod\u00e1rne pri \u0161oku. Zah\u00e1\u0148a boles\u0165 a zastavuje krv\u00e1canie. M\u00e1 vynikaj\u00faci vplyv na krvn\u00fd obeh, zahrieva kon\u010datiny a d\u00e1 sa pou\u017ei\u0165 aj k zmierneniu stuhnutej prostaty.<\/p>\n<p><strong>Upozornenie:<\/strong>\u00a0Sfarbenie a \u0161trukt\u00fara kame\u0148ov sa\u00a0m\u00f4\u017ee v skuto\u010dnosti od uveden\u00fdch fotografi\u00ed\u00a0produktu mierne odli\u0161ova\u0165<\/p>\n","protected":false},"excerpt":{"rendered":"<p><strong>\u00a0Priemer cca 3cm s otvorom v strede cca 7 mm<\/strong><\/p>\n","protected":false},"featured_media":2638,"comment_status":"closed","ping_status":"closed","template":"","meta":[],"_links":{"self":[{"href":"http:\/\/cajovnajasminka.sk\/index.php?rest_route=\/wp\/v2\/product\/2624"}],"collection":[{"href":"http:\/\/cajovnajasminka.sk\/index.php?rest_route=\/wp\/v2\/product"}],"about":[{"href":"http:\/\/cajovnajasminka.sk\/index.php?rest_route=\/wp\/v2\/types\/product"}],"replies":[{"embeddable":true,"href":"http:\/\/cajovnajasminka.sk\/index.php?rest_route=%2Fwp%2Fv2%2Fcomments&post=2624"}],"wp:featuredmedia":[{"embeddable":true,"href":"http:\/\/cajovnajasminka.sk\/index.php?rest_route=\/wp\/v2\/media\/2638"}],"wp:attachment":[{"href":"http:\/\/cajovnajasminka.sk\/index.php?rest_route=%2Fwp%2Fv2%2Fmedia&parent=2624"}],"curies":[{"name":"wp","href":"https:\/\/api.w.org\/{rel}","templated":true}]}}