{"id":2611,"date":"2020-04-05T12:44:11","date_gmt":"2020-04-05T10:44:11","guid":{"rendered":"http:\/\/cajovnajasminka.sk\/?post_type=product&#038;p=2611"},"modified":"2020-04-05T12:47:02","modified_gmt":"2020-04-05T10:47:02","slug":"avanturin-slon","status":"publish","type":"product","link":"http:\/\/cajovnajasminka.sk\/?product=avanturin-slon","title":{"rendered":"Avantur\u00edn &#8211; slon"},"content":{"rendered":"<p><strong>Kame\u0148 \u0161\u0165astia<\/strong><\/p>\n<ul>\n<li>zmier\u0148uje nek\u013eud srdca a vysiela k nemu lie\u010div\u00e9 l\u00fa\u010de<\/li>\n<li>udr\u017euje v rovnov\u00e1he na\u0161e pocity rovnako ako n\u00e1\u0161 vn\u00fatorn\u00fd a vonkaj\u0161\u00ed k\u013eud<\/li>\n<li>pou\u017e\u00edva sa k ochrane domov a z\u00e1hrad pred GPZ, pohlcuje elektrosmog a chr\u00e1ni pred \u017eiaren\u00edm z mobiln\u00fdch telef\u00f3nov<\/li>\n<li>zvy\u0161uje vn\u00edmavos\u0165, vytrvalos\u0165, povzbudzuje kreativitu a pozdvihuje inteligenciu<\/li>\n<li>udr\u017euje rovnov\u00e1hu medzi mu\u017eskou a \u017eenskou energiou<\/li>\n<\/ul>\n<p><strong>Lie\u010debn\u00e9 \u00fa\u010dinky:<\/strong><\/p>\n<ul>\n<li>priaznivo \u00fa\u010dinkuje proti padaniu vlasov<\/li>\n<li>lie\u010di v\u0161etky poruchy fyzick\u00e9, citov\u00e9, psychick\u00e9, z\u00e1rove\u0148 pom\u00e1ha obnovi\u0165 lie\u010div\u00fa silu organizmu<\/li>\n<li>pou\u017e\u00edvame ho k podpore lie\u010dby ochoren\u00ed srdca sp\u00f4soben\u00fdch stresom alebo z\u00e1porn\u00fdmi pocitmi<\/li>\n<li>pou\u017e\u00edva sa k terapii ko\u017en\u00fdch chor\u00f4b. Vyr\u00e1\u017eky a ekz\u00e9my nervov\u00e9ho p\u00f4vodu sa daj\u00fa kr\u00e1sne zmierni\u0165 t\u00fdmto kame\u0148om<\/li>\n<\/ul>\n<p><strong>Priraden\u00e9 astrologick\u00e9 znamenie:<\/strong> Rak, Strelec, B\u00fdk<\/p>\n<p><strong>Upozornenie:<\/strong>\u00a0Sfarbenie a \u0161trukt\u00fara kame\u0148ov sa\u00a0m\u00f4\u017ee v skuto\u010dnosti od uveden\u00fdch fotografi\u00ed\u00a0produktu mierne odli\u0161ova\u0165<\/p>\n","protected":false},"excerpt":{"rendered":"<p><strong>Br\u00fasen\u00fd a grav\u00edrovan\u00fd slon\u00edk ve\u013ekosti v\/\u0161\/h &#8211; 5x3x2<\/strong><\/p>\n","protected":false},"featured_media":2613,"comment_status":"closed","ping_status":"closed","template":"","meta":[],"_links":{"self":[{"href":"http:\/\/cajovnajasminka.sk\/index.php?rest_route=\/wp\/v2\/product\/2611"}],"collection":[{"href":"http:\/\/cajovnajasminka.sk\/index.php?rest_route=\/wp\/v2\/product"}],"about":[{"href":"http:\/\/cajovnajasminka.sk\/index.php?rest_route=\/wp\/v2\/types\/product"}],"replies":[{"embeddable":true,"href":"http:\/\/cajovnajasminka.sk\/index.php?rest_route=%2Fwp%2Fv2%2Fcomments&post=2611"}],"wp:featuredmedia":[{"embeddable":true,"href":"http:\/\/cajovnajasminka.sk\/index.php?rest_route=\/wp\/v2\/media\/2613"}],"wp:attachment":[{"href":"http:\/\/cajovnajasminka.sk\/index.php?rest_route=%2Fwp%2Fv2%2Fmedia&parent=2611"}],"curies":[{"name":"wp","href":"https:\/\/api.w.org\/{rel}","templated":true}]}}