{"id":261,"date":"2017-05-02T13:34:59","date_gmt":"2017-05-02T11:34:59","guid":{"rendered":"http:\/\/cajovnajasminka.sk\/?product=pachaka-drazdive-potraviny-a-citlivy-trakt"},"modified":"2023-01-19T11:02:45","modified_gmt":"2023-01-19T10:02:45","slug":"pachaka-drazdive-potraviny-a-citlivy-trakt","status":"publish","type":"product","link":"http:\/\/cajovnajasminka.sk\/?product=pachaka-drazdive-potraviny-a-citlivy-trakt","title":{"rendered":"Karavi-Dr\u00e1\u017ediv\u00e9 potraviny a citliv\u00fd trakt"},"content":{"rendered":"<p>Himal\u00e1jske byliny sa u\u017e po cel\u00e9 st\u00e1ro\u010dia pou\u017e\u00edvaj\u00fa k optimaliz\u00e1cii du\u0161evn\u00fdch a telesn\u00fdch funkci\u00ed organizmu. S\u00fa z\u00e1kladom tradi\u010dn\u00e9ho ajurv\u00e9dsk\u00e9ho lek\u00e1rstva, ktor\u00e9 ich pou\u017e\u00edva v mnoh\u00fdch najr\u00f4znej\u0161\u00edch kombin\u00e1ci\u00e1ch.<\/p>\n<p><strong>\u010caj Karavi priaznivo p\u00f4sob\u00ed na optim\u00e1lne tr\u00e1venie\u00a0u citliv\u00fdch os\u00f4b<br \/>\nProspieva spr\u00e1vnej \u010dinnosti tr\u00e1viaceho traktu<br \/>\nPodporuje tr\u00e1venie\u00a0a prispieva k pre\u010disteniu<br \/>\nPriaznivo ovplyv\u0148uje \u017eal\u00fado\u010dno-\u010drevn\u00fa \u010dinnos\u0165<br \/>\nPozit\u00edvne ovplyv\u0148uje tr\u00e1venie a \u010drevn\u00fa peristaltiku<br \/>\nHarmonizuje \u010dinnos\u0165 tr\u00e1viacej s\u00fastavy<br \/>\n<\/strong><\/p>\n<p><strong>Zlo\u017eenie :\u00a0<\/strong><\/p>\n<p>Embilika lek\u00e1rska &#8211; Amalaki (Emblica officinalis), Haritaki (Terminalia chebula), Vibhitaka (Terminalia bellirica), \u0161parg\u013ea hroznovit\u00e1 (Asparagus racemosus), rasca l\u00fa\u010dna (Carum carvi L.), senovka gr\u00e9cka (Trigonella foenum-graecum), rasca r\u00edmska (Cuminum cuminum L.), bazalka sv\u00e4t\u00e1 (Ocimum tenuiflorum), sladovka hladkoplod\u00e1 &#8211; sladk\u00e9 drievko (Glycyrrhiza glabra), z\u00e1zvorovn\u00edk lek\u00e1rsky &#8211; z\u00e1zvor (Zingiber origgicinalis), marena farbiarska (Rubia tinctorum), kurkumovn\u00edk dlh\u00fd (Curcuma longa), Chitraka (Plumbago zeylanica).<\/p>\n<p><strong>Hmotnos\u0165 :<\/strong>\u00a0100 g<\/p>\n","protected":false},"excerpt":{"rendered":"<p>Himal\u00e1jske byliny sa u\u017e po cel\u00e9 st\u00e1ro\u010dia pou\u017e\u00edvaj\u00fa k optimaliz\u00e1cii du\u0161evn\u00fdch a telesn\u00fdch funkci\u00ed organizmu. S\u00fa z\u00e1kladom tradi\u010dn\u00e9ho ajurv\u00e9dsk\u00e9ho lek\u00e1rstva, ktor\u00e9 ich pou\u017e\u00edva v mnoh\u00fdch najr\u00f4znej\u0161\u00edch kombin\u00e1ci\u00e1ch. \u010caj Karavi priaznivo p\u00f4sob\u00ed na optim\u00e1lne tr\u00e1venie\u00a0u citliv\u00fdch os\u00f4b Prospieva spr\u00e1vnej \u010dinnosti tr\u00e1viaceho traktu Podporuje tr\u00e1venie\u00a0a prispieva k pre\u010disteniu Priaznivo ovplyv\u0148uje \u017eal\u00fado\u010dno-\u010drevn\u00fa \u010dinnos\u0165 Pozit\u00edvne ovplyv\u0148uje tr\u00e1venie a \u010drevn\u00fa<\/p>\n","protected":false},"featured_media":262,"comment_status":"open","ping_status":"closed","template":"","meta":[],"_links":{"self":[{"href":"http:\/\/cajovnajasminka.sk\/index.php?rest_route=\/wp\/v2\/product\/261"}],"collection":[{"href":"http:\/\/cajovnajasminka.sk\/index.php?rest_route=\/wp\/v2\/product"}],"about":[{"href":"http:\/\/cajovnajasminka.sk\/index.php?rest_route=\/wp\/v2\/types\/product"}],"replies":[{"embeddable":true,"href":"http:\/\/cajovnajasminka.sk\/index.php?rest_route=%2Fwp%2Fv2%2Fcomments&post=261"}],"wp:featuredmedia":[{"embeddable":true,"href":"http:\/\/cajovnajasminka.sk\/index.php?rest_route=\/wp\/v2\/media\/262"}],"wp:attachment":[{"href":"http:\/\/cajovnajasminka.sk\/index.php?rest_route=%2Fwp%2Fv2%2Fmedia&parent=261"}],"curies":[{"name":"wp","href":"https:\/\/api.w.org\/{rel}","templated":true}]}}