{"id":2565,"date":"2020-04-04T20:44:27","date_gmt":"2020-04-04T18:44:27","guid":{"rendered":"http:\/\/cajovnajasminka.sk\/?post_type=product&#038;p=2565"},"modified":"2023-01-19T11:35:09","modified_gmt":"2023-01-19T10:35:09","slug":"hruska-so-zazvorom","status":"publish","type":"product","link":"http:\/\/cajovnajasminka.sk\/?product=hruska-so-zazvorom","title":{"rendered":"Hru\u0161ka so z\u00e1zvorom"},"content":{"rendered":"<p>Pe\u010den\u00fd \u010daj od \u010desk\u00e9ho v\u00fdrobcu Nature NoTea je vyr\u00e1ban\u00fd z cel\u00e9ho ovocia tej najvy\u0161\u0161ej kvality. V\u010faka ru\u010dn\u00e9mu spracovaniu si zachov\u00e1vaj\u00fa tradi\u010dn\u00fd postup. V pe\u010den\u00fdch \u010dajoch nen\u00e1jdete chemick\u00e9 pr\u00edsady v podobe \u00c9\u010dok, farb\u00edv, ar\u00f3m \u010di konzervantov. Chu\u0165 skuto\u010dn\u00e9ho ovocia dop\u013a\u0148a vybran\u00e9 korenie, ktor\u00e9 dod\u00e1va e\u0161te lep\u0161\u00ed p\u00f4\u017eitok z pitia. \u010caje s\u00fa bezkofe\u00ednov\u00e9 a neobsahuj\u00fa te\u00edn, preto si ho m\u00f4\u017eete vychutna\u0165 aj s va\u0161imi ratoles\u0165ami po\u010das cel\u00e9ho d\u0148a.<\/p>\n<p>N\u00e1pojov\u00fd koncentr\u00e1t na pr\u00edpravu ovocn\u00e9ho n\u00e1poja s ve\u013ek\u00fdmi k\u00faskami ovocia.<\/p>\n<p>Hor\u00faci pe\u010den\u00fd \u010daj priprav\u00edme zaliat\u00edm 250ml vriacej vody. Studen\u00fd n\u00e1poj priprav\u00edme zaliat\u00edm 200ml vychladenej perlivej\u00a0vody a pridan\u00edm 3 kociek \u013eadu.<\/p>\n<p><strong>Nutri\u010dn\u00e9 hodnoty na 100ml:<\/strong> tuky 0,1g , sacharidy 28,6g , vl\u00e1knina 1,5g ,bielkoviny 0,3g , so\u013e 0g<\/p>\n<p>&nbsp;<\/p>\n","protected":false},"excerpt":{"rendered":"<p><strong>Pe\u010den\u00fd \u010daj origin\u00e1l.<br \/>\n<\/strong><strong style=\"font-size: 15px;\">Obsah balenia : 55 ml<\/strong><\/p>\n","protected":false},"featured_media":2568,"comment_status":"open","ping_status":"closed","template":"","meta":[],"_links":{"self":[{"href":"http:\/\/cajovnajasminka.sk\/index.php?rest_route=\/wp\/v2\/product\/2565"}],"collection":[{"href":"http:\/\/cajovnajasminka.sk\/index.php?rest_route=\/wp\/v2\/product"}],"about":[{"href":"http:\/\/cajovnajasminka.sk\/index.php?rest_route=\/wp\/v2\/types\/product"}],"replies":[{"embeddable":true,"href":"http:\/\/cajovnajasminka.sk\/index.php?rest_route=%2Fwp%2Fv2%2Fcomments&post=2565"}],"wp:featuredmedia":[{"embeddable":true,"href":"http:\/\/cajovnajasminka.sk\/index.php?rest_route=\/wp\/v2\/media\/2568"}],"wp:attachment":[{"href":"http:\/\/cajovnajasminka.sk\/index.php?rest_route=%2Fwp%2Fv2%2Fmedia&parent=2565"}],"curies":[{"name":"wp","href":"https:\/\/api.w.org\/{rel}","templated":true}]}}