{"id":252,"date":"2017-05-02T13:12:01","date_gmt":"2017-05-02T11:12:01","guid":{"rendered":"http:\/\/cajovnajasminka.sk\/?product=shunthi-zaludok-a-creva"},"modified":"2023-01-19T11:06:35","modified_gmt":"2023-01-19T10:06:35","slug":"shunthi-zaludok-a-creva","status":"publish","type":"product","link":"http:\/\/cajovnajasminka.sk\/?product=shunthi-zaludok-a-creva","title":{"rendered":"Shunthi-\u017eal\u00fadok a \u010drev\u00e1"},"content":{"rendered":"<p>Himal\u00e1jske byliny sa u\u017e po cel\u00e9 st\u00e1ro\u010dia pou\u017e\u00edvaj\u00fa k optimaliz\u00e1cii du\u0161evn\u00fdch a telesn\u00fdch funkci\u00ed organizmu. S\u00fa z\u00e1kladom tradi\u010dn\u00e9ho ajurv\u00e9dsk\u00e9ho lek\u00e1rstva, ktor\u00e9 ich pou\u017e\u00edva v mnoh\u00fdch najr\u00f4znej\u0161\u00edch kombin\u00e1ci\u00e1ch.<br \/>\n<strong><br \/>\n<\/strong><strong>\u010caj Shunthi optimalizuje funkcie \u017eal\u00fado\u010dno-\u010drevn\u00e9ho traktu<br \/>\nProspieva komplexnej imunite \u010drevnej fl\u00f3ry<br \/>\nPozit\u00edvne ovplyv\u0148uje tr\u00e1venie a \u010drevn\u00fa peristaltiku<br \/>\nPrispieva k norm\u00e1lnemu vypr\u00e1zd\u0148ovaniu<br \/>\nHarmonizuje \u010dinnos\u0165 tr\u00e1viacej s\u00fastavy<br \/>\nP\u00f4sob\u00ed ako antioxidant a podporuje dobr\u00e9 tr\u00e1venie<br \/>\n<\/strong><\/p>\n<p><strong>Zlo\u017eenie :\u00a0<\/strong><\/p>\n<p>Vidanga (Embelia ribes), chebula srd\u010dit\u00e1 \u2013 Guduchi (Tinospora cordifolia), citr\u00f3nov\u00e1 tr\u00e1va (Cymbopogon citratus), \u0161achor okr\u00fahly (Chlorocyperus eragrostis), z\u00e1zvorovn\u00edk lek\u00e1rsky &#8211; z\u00e1zvor (Zingiber origgicinalis), sladovka hladkoplod\u00e1 &#8211; sladk\u00e9 drievko (Glycyrrhiza glabra), embilika lek\u00e1rska &#8211; Amalaki (Emblica officinalis), Vibhitaka (Terminalia bellirica), Haritaki (Terminalia chebula), kardamovn\u00edk \u0161\u00edpov\u00fd (Amomum subulatum), \u0161koricovn\u00edk tamala (Cinnamomum tamala), klin\u010dekovec vo\u0148av\u00fd (Syzygium aromaticum).<\/p>\n<p><strong>Hmotnos\u0165 :<\/strong>\u00a0100 g<\/p>\n","protected":false},"excerpt":{"rendered":"<p>Himal\u00e1jske byliny sa u\u017e po cel\u00e9 st\u00e1ro\u010dia pou\u017e\u00edvaj\u00fa k optimaliz\u00e1cii du\u0161evn\u00fdch a telesn\u00fdch funkci\u00ed organizmu. S\u00fa z\u00e1kladom tradi\u010dn\u00e9ho ajurv\u00e9dsk\u00e9ho lek\u00e1rstva, ktor\u00e9 ich pou\u017e\u00edva v mnoh\u00fdch najr\u00f4znej\u0161\u00edch kombin\u00e1ci\u00e1ch. \u010caj Shunthi optimalizuje funkcie \u017eal\u00fado\u010dno-\u010drevn\u00e9ho traktu Prospieva komplexnej imunite \u010drevnej fl\u00f3ry Pozit\u00edvne ovplyv\u0148uje tr\u00e1venie a \u010drevn\u00fa peristaltiku Prispieva k norm\u00e1lnemu vypr\u00e1zd\u0148ovaniu Harmonizuje \u010dinnos\u0165 tr\u00e1viacej s\u00fastavy P\u00f4sob\u00ed ako antioxidant<\/p>\n","protected":false},"featured_media":253,"comment_status":"open","ping_status":"closed","template":"","meta":[],"_links":{"self":[{"href":"http:\/\/cajovnajasminka.sk\/index.php?rest_route=\/wp\/v2\/product\/252"}],"collection":[{"href":"http:\/\/cajovnajasminka.sk\/index.php?rest_route=\/wp\/v2\/product"}],"about":[{"href":"http:\/\/cajovnajasminka.sk\/index.php?rest_route=\/wp\/v2\/types\/product"}],"replies":[{"embeddable":true,"href":"http:\/\/cajovnajasminka.sk\/index.php?rest_route=%2Fwp%2Fv2%2Fcomments&post=252"}],"wp:featuredmedia":[{"embeddable":true,"href":"http:\/\/cajovnajasminka.sk\/index.php?rest_route=\/wp\/v2\/media\/253"}],"wp:attachment":[{"href":"http:\/\/cajovnajasminka.sk\/index.php?rest_route=%2Fwp%2Fv2%2Fmedia&parent=252"}],"curies":[{"name":"wp","href":"https:\/\/api.w.org\/{rel}","templated":true}]}}