{"id":2494,"date":"2020-04-02T23:27:19","date_gmt":"2020-04-02T21:27:19","guid":{"rendered":"http:\/\/cajovnajasminka.sk\/?post_type=product&#038;p=2494"},"modified":"2020-04-07T21:19:32","modified_gmt":"2020-04-07T19:19:32","slug":"kalabasa-classic","status":"publish","type":"product","link":"http:\/\/cajovnajasminka.sk\/?product=kalabasa-classic","title":{"rendered":"KALABASA Classic"},"content":{"rendered":"<p>Vyberte si pekn\u00fa kalabasu a vysk\u00fa\u0161ajte, ako sa tradi\u010dne pije mat\u00e9 v Argent\u00edne, Braz\u00edlii, Paraguaji a v ostatn\u00fdch juhoamerick\u00fdch krajin\u00e1ch, kde je ka\u017edodenn\u00fdm n\u00e1pojom patriacim u\u017e po storo\u010dia ku kult\u00fare a zdrav\u00e9mu \u017eivotn\u00e9mu \u0161t\u00fdlu temperamentn\u00fdch Juhoameri\u010danov<\/p>\n<p><strong>Ru\u010dn\u00e1 pr\u00e1ca<\/strong><\/p>\n<p><strong>Materi\u00e1l:<\/strong>\u00a0f\u013ea\u0161kovec oby\u010dajn\u00fd (Lagen\u00e1ria siceraria)<br \/>\n<strong>Krajina p\u00f4vodu:<\/strong>\u00a0Argent\u00edna<\/p>\n<p><strong>N\u00e1vod na pr\u00edpravu kalabasy pred prv\u00fdm pou\u017eit\u00edm :<br \/>\n<\/strong>1. Napl\u0148te kalabasu do jednej \u0161tvrtiny a\u017e dvoch tret\u00edn mat\u00e9.<br \/>\n2. Dopl\u0148te kalabasu a\u017e po okraj hor\u00facou vodou 80-90\u02daC.<br \/>\n3. Nechajte st\u00e1\u0165 jeden de\u0148, aby sa voda vstrebala. V\u00a0pr\u00edpade potreby hor\u00facu vodu dop\u013a\u0148ajte.<br \/>\n4. Vylejte vodu aj \u010daj a odstr\u00e1\u0148te zvy\u0161ky du\u017einy z\u00a0vn\u00fatornej strany kalabasy (napr. \u010dajovou ly\u017ei\u010dkou), aby bol povrch hladk\u00fd.<br \/>\n<span style=\"font-size: 15px;\">5. Kalabasu nechajte vyschn\u00fa\u0165 \u2013 napr. na radi\u00e1tore, na dobre vetranom mieste alebo na slnku.<\/span><\/p>\n<p>Objem : cca 3 dcl<\/p>\n<p>&nbsp;<\/p>\n<p>&nbsp;<\/p>\n","protected":false},"excerpt":{"rendered":"<p><strong>Kalabasa pr\u00edrodn\u00e1 hned\u00e1, tradi\u010dn\u00e1 n\u00e1doba na pitie \u010daju Mat\u00e9<\/strong><\/p>\n","protected":false},"featured_media":2495,"comment_status":"closed","ping_status":"closed","template":"","meta":[],"_links":{"self":[{"href":"http:\/\/cajovnajasminka.sk\/index.php?rest_route=\/wp\/v2\/product\/2494"}],"collection":[{"href":"http:\/\/cajovnajasminka.sk\/index.php?rest_route=\/wp\/v2\/product"}],"about":[{"href":"http:\/\/cajovnajasminka.sk\/index.php?rest_route=\/wp\/v2\/types\/product"}],"replies":[{"embeddable":true,"href":"http:\/\/cajovnajasminka.sk\/index.php?rest_route=%2Fwp%2Fv2%2Fcomments&post=2494"}],"wp:featuredmedia":[{"embeddable":true,"href":"http:\/\/cajovnajasminka.sk\/index.php?rest_route=\/wp\/v2\/media\/2495"}],"wp:attachment":[{"href":"http:\/\/cajovnajasminka.sk\/index.php?rest_route=%2Fwp%2Fv2%2Fmedia&parent=2494"}],"curies":[{"name":"wp","href":"https:\/\/api.w.org\/{rel}","templated":true}]}}