{"id":2491,"date":"2020-04-02T23:21:03","date_gmt":"2020-04-02T21:21:03","guid":{"rendered":"http:\/\/cajovnajasminka.sk\/?post_type=product&#038;p=2491"},"modified":"2020-04-02T23:25:07","modified_gmt":"2020-04-02T21:25:07","slug":"skleneny-gaiwan","status":"publish","type":"product","link":"http:\/\/cajovnajasminka.sk\/?product=skleneny-gaiwan","title":{"rendered":"Sklenen\u00fd Gaiwan"},"content":{"rendered":"<p>Kr\u00e1sny sklenen\u00fd gaiwanvynik\u00e1 profesion\u00e1lnym spracovan\u00edm a vysokou odolnos\u0165ou vo\u010di teplote. Je vhodn\u00fd na viacn\u00e1levov\u00fa pr\u00edpravu \u010dajov, na zalievanie \u010dajov s kr\u00e1snym listom a viazan\u00fdch umeleck\u00fdch \u010dajov, ktor\u00e9 sa po\u010das l\u00fahovania rozv\u00edjaj\u00fa do kr\u00e1snych tvarov.<\/p>\n<p><strong>Materi\u00e1l :<\/strong> Sklo<br \/>\n<strong>Objem :<\/strong> 135 ml<\/p>\n<p><strong>Sklad\u00e1 sa tradi\u010dne z 3 \u010dast\u00ed:<\/strong>\u00a0telo gaiwanu, vrchn\u00e1\u010dik a spodn\u00fd tanierik. Tieto \u010dasti charakterizuj\u00fa zem, \u010dloveka a nebo. Preto je najlep\u0161ie, aby sa gaiwan dr\u017eal pokope jednou rukou.<\/p>\n<p>Pr\u00edprava \u010daju v skle je modern\u00fdm trendom, pri ktorom sa kladie d\u00f4raz na \u010distotu \u010dajov\u00e9ho posedenia, na kr\u00e1su \u010dajov\u00e9ho listu a priezra\u010dnosti n\u00e1levu \u010daju. Pozorovanie rozv\u00edjaj\u00facich sa \u010dajov\u00fdch l\u00edstkov v hor\u00facej vode patr\u00ed k hlbok\u00fdm, pr\u00edjemn\u00fdm a upokojuj\u00facim z\u00e1\u017eitkom \u010dajov\u00e9ho umenia.<\/p>\n","protected":false},"excerpt":{"rendered":"<p><strong>Objem : 135 ml<\/strong><\/p>\n","protected":false},"featured_media":2493,"comment_status":"closed","ping_status":"closed","template":"","meta":[],"_links":{"self":[{"href":"http:\/\/cajovnajasminka.sk\/index.php?rest_route=\/wp\/v2\/product\/2491"}],"collection":[{"href":"http:\/\/cajovnajasminka.sk\/index.php?rest_route=\/wp\/v2\/product"}],"about":[{"href":"http:\/\/cajovnajasminka.sk\/index.php?rest_route=\/wp\/v2\/types\/product"}],"replies":[{"embeddable":true,"href":"http:\/\/cajovnajasminka.sk\/index.php?rest_route=%2Fwp%2Fv2%2Fcomments&post=2491"}],"wp:featuredmedia":[{"embeddable":true,"href":"http:\/\/cajovnajasminka.sk\/index.php?rest_route=\/wp\/v2\/media\/2493"}],"wp:attachment":[{"href":"http:\/\/cajovnajasminka.sk\/index.php?rest_route=%2Fwp%2Fv2%2Fmedia&parent=2491"}],"curies":[{"name":"wp","href":"https:\/\/api.w.org\/{rel}","templated":true}]}}