{"id":2488,"date":"2020-04-02T23:12:11","date_gmt":"2020-04-02T21:12:11","guid":{"rendered":"http:\/\/cajovnajasminka.sk\/?post_type=product&#038;p=2488"},"modified":"2020-04-02T23:19:04","modified_gmt":"2020-04-02T21:19:04","slug":"buddha-zo-slonoviny","status":"publish","type":"product","link":"http:\/\/cajovnajasminka.sk\/?product=buddha-zo-slonoviny","title":{"rendered":"Buddha zo slonoviny"},"content":{"rendered":"<p>So\u0161ky Budhov v r\u00f4znych podob\u00e1ch a stv\u00e1rnenia b\u00e1jnych post\u00e1v \u010d\u00ednskej mytol\u00f3gie prin\u00e1\u0161aj\u00fa dobr\u00fa energiu a ochranu<\/p>\n","protected":false},"excerpt":{"rendered":"<p>slonovina<\/p>\n","protected":false},"featured_media":2490,"comment_status":"closed","ping_status":"closed","template":"","meta":[],"_links":{"self":[{"href":"http:\/\/cajovnajasminka.sk\/index.php?rest_route=\/wp\/v2\/product\/2488"}],"collection":[{"href":"http:\/\/cajovnajasminka.sk\/index.php?rest_route=\/wp\/v2\/product"}],"about":[{"href":"http:\/\/cajovnajasminka.sk\/index.php?rest_route=\/wp\/v2\/types\/product"}],"replies":[{"embeddable":true,"href":"http:\/\/cajovnajasminka.sk\/index.php?rest_route=%2Fwp%2Fv2%2Fcomments&post=2488"}],"wp:featuredmedia":[{"embeddable":true,"href":"http:\/\/cajovnajasminka.sk\/index.php?rest_route=\/wp\/v2\/media\/2490"}],"wp:attachment":[{"href":"http:\/\/cajovnajasminka.sk\/index.php?rest_route=%2Fwp%2Fv2%2Fmedia&parent=2488"}],"curies":[{"name":"wp","href":"https:\/\/api.w.org\/{rel}","templated":true}]}}