{"id":2477,"date":"2020-04-02T21:16:46","date_gmt":"2020-04-02T19:16:46","guid":{"rendered":"http:\/\/cajovnajasminka.sk\/?post_type=product&#038;p=2477"},"modified":"2020-04-02T22:31:29","modified_gmt":"2020-04-02T20:31:29","slug":"promluvy-nikoho-marcelka-z-hor","status":"publish","type":"product","link":"http:\/\/cajovnajasminka.sk\/?product=promluvy-nikoho-marcelka-z-hor","title":{"rendered":"Promluvy nikoho &#8211; Marcelka z hor"},"content":{"rendered":"<p>Po tril\u00f3gi\u00ed Marcelka z h\u00f4r, ktor\u00fa sp\u00edsala, na z\u00e1klade inform\u00e1ci\u00ed od Marcelkay V\u011bra Keilov\u00e1, k n\u00e1m dorazila kniha p\u00edsan\u00e1 len rukou Marcelky.\u00a0\u00a0PROMLUVY NIKOHO pretkan\u00e9 pr\u00edbehy priate\u013eov Marcelky a Romka<\/p>\n<table class=\"bookDetails\" style=\"font-family: Lato, sans-serif; font-size: 15px; font-weight: 300;\">\n<tbody>\n<tr>\n<th>po\u010det str\u00e1n:<\/th>\n<td><span class=\"data\">184<\/span><\/td>\n<\/tr>\n<tr>\n<th>jazyk:<\/th>\n<td><span class=\"data\">\u010desk\u00fd<\/span><\/td>\n<\/tr>\n<tr>\n<th>v\u00e4zba:<\/th>\n<td><span class=\"data\">tvrd\u00e1<\/span><\/td>\n<\/tr>\n<tr>\n<th>form\u00e1t:<\/th>\n<td><span class=\"data\">130&#215;185<\/span><\/td>\n<\/tr>\n<\/tbody>\n<\/table>\n<p>&nbsp;<\/p>\n","protected":false},"excerpt":{"rendered":"<p>Po tril\u00f3gi\u00ed Marcelka z h\u00f4r, ktor\u00fa sp\u00edsala, na z\u00e1klade inform\u00e1ci\u00ed od Marcelkay V\u011bra Keilov\u00e1, k n\u00e1m dorazila kniha p\u00edsan\u00e1 len rukou Marcelky.\u00a0\u00a0PROMLUVY NIKOHO pretkan\u00e9 pr\u00edbehy priate\u013eov Marcelky a Romka po\u010det str\u00e1n: 184 jazyk: \u010desk\u00fd v\u00e4zba: tvrd\u00e1 form\u00e1t: 130&#215;185 &nbsp;<\/p>\n","protected":false},"featured_media":2479,"comment_status":"closed","ping_status":"closed","template":"","meta":[],"_links":{"self":[{"href":"http:\/\/cajovnajasminka.sk\/index.php?rest_route=\/wp\/v2\/product\/2477"}],"collection":[{"href":"http:\/\/cajovnajasminka.sk\/index.php?rest_route=\/wp\/v2\/product"}],"about":[{"href":"http:\/\/cajovnajasminka.sk\/index.php?rest_route=\/wp\/v2\/types\/product"}],"replies":[{"embeddable":true,"href":"http:\/\/cajovnajasminka.sk\/index.php?rest_route=%2Fwp%2Fv2%2Fcomments&post=2477"}],"wp:featuredmedia":[{"embeddable":true,"href":"http:\/\/cajovnajasminka.sk\/index.php?rest_route=\/wp\/v2\/media\/2479"}],"wp:attachment":[{"href":"http:\/\/cajovnajasminka.sk\/index.php?rest_route=%2Fwp%2Fv2%2Fmedia&parent=2477"}],"curies":[{"name":"wp","href":"https:\/\/api.w.org\/{rel}","templated":true}]}}