{"id":2429,"date":"2020-03-27T15:36:57","date_gmt":"2020-03-27T14:36:57","guid":{"rendered":"http:\/\/cajovnajasminka.sk\/?post_type=product&#038;p=2429"},"modified":"2023-07-19T09:42:17","modified_gmt":"2023-07-19T07:42:17","slug":"vonne-tycinky-omatsu-vona-borovicoveho-haja","status":"publish","type":"product","link":"http:\/\/cajovnajasminka.sk\/?product=vonne-tycinky-omatsu-vona-borovicoveho-haja","title":{"rendered":"Vonn\u00e9 ty\u010dinky Omatsu V\u00f4\u0148a borovicov\u00e9ho h\u00e1ja"},"content":{"rendered":"<p>Hikali Koh a Kenmei Do je rada vzne\u0161en\u00fdch v\u00f4n\u00ed, pripravovan\u00fdch pod\u013ea tradi\u010dn\u00fdch recept\u00far najlep\u0161\u00edch japonsk\u00fdch majstrov vonn\u00fdch zmes\u00ed, ktor\u00e9 n\u00e1s un\u00e1\u0161aj\u00fa do sveta umenia a po\u00e9zie, malebnej pr\u00edrody, prekr\u00e1snych z\u00e1hrad a chr\u00e1mov japonskej kult\u00fary a preb\u00fadza v n\u00e1s prirodzen\u00fd zmysel pre pokoru a vzne\u0161enos\u0165.<\/p>\n<p><strong>Svie\u017ea v\u00f4\u0148a pripom\u00ednaj\u00faca tich\u00fa a mierupln\u00fa atmosf\u00e9ru v tieni mohutn\u00fdch borov\u00edc. T\u00e1to v\u00f4\u0148a podporuje fant\u00edziu a intuit\u00edvne vn\u00edmanie<\/strong><\/p>\n<p><strong>Zlo\u017eenie :<\/strong> japonsk\u00e1 borovica, miazga, zlat\u00fd kop\u00e1l, vetiver a byliny<\/p>\n<p><strong>Pou\u017eitie :<\/strong>\u00a0Zap\u00e1\u013ete a nechajte tlie\u0165 na vhodnej podlo\u017eke<\/p>\n","protected":false},"excerpt":{"rendered":"<p><strong>Cena za jednu roli\u010dku, ktor\u00e1 obsahuje 28 ty\u010diniek s dobou horenia cca 30 min\u00fat<\/strong><\/p>\n","protected":false},"featured_media":2431,"comment_status":"closed","ping_status":"closed","template":"","meta":[],"_links":{"self":[{"href":"http:\/\/cajovnajasminka.sk\/index.php?rest_route=\/wp\/v2\/product\/2429"}],"collection":[{"href":"http:\/\/cajovnajasminka.sk\/index.php?rest_route=\/wp\/v2\/product"}],"about":[{"href":"http:\/\/cajovnajasminka.sk\/index.php?rest_route=\/wp\/v2\/types\/product"}],"replies":[{"embeddable":true,"href":"http:\/\/cajovnajasminka.sk\/index.php?rest_route=%2Fwp%2Fv2%2Fcomments&post=2429"}],"wp:featuredmedia":[{"embeddable":true,"href":"http:\/\/cajovnajasminka.sk\/index.php?rest_route=\/wp\/v2\/media\/2431"}],"wp:attachment":[{"href":"http:\/\/cajovnajasminka.sk\/index.php?rest_route=%2Fwp%2Fv2%2Fmedia&parent=2429"}],"curies":[{"name":"wp","href":"https:\/\/api.w.org\/{rel}","templated":true}]}}