{"id":2419,"date":"2020-03-26T22:07:19","date_gmt":"2020-03-26T21:07:19","guid":{"rendered":"http:\/\/cajovnajasminka.sk\/?post_type=product&#038;p=2419"},"modified":"2023-07-19T09:43:30","modified_gmt":"2023-07-19T07:43:30","slug":"vonne-tycinky-morikage-tien-lesa","status":"publish","type":"product","link":"http:\/\/cajovnajasminka.sk\/?product=vonne-tycinky-morikage-tien-lesa","title":{"rendered":"Vonn\u00e9 ty\u010dinky Morikage Tie\u0148 lesa"},"content":{"rendered":"<p>Hikali Koh a Kenmei Do je rada vzne\u0161en\u00fdch v\u00f4n\u00ed, pripravovan\u00fdch pod\u013ea tradi\u010dn\u00fdch recept\u00far najlep\u0161\u00edch japonsk\u00fdch majstrov vonn\u00fdch zmes\u00ed, ktor\u00e9 n\u00e1s un\u00e1\u0161aj\u00fa do sveta umenia a po\u00e9zie, malebnej pr\u00edrody, prekr\u00e1snych z\u00e1hrad a chr\u00e1mov japonskej kult\u00fary a preb\u00fadza v n\u00e1s prirodzen\u00fd zmysel pre pokoru a vzne\u0161enos\u0165.<\/p>\n<p><strong>D\u00f4vern\u00e1, v\u013e\u00fadna a chladiv\u00e1 v\u00f4\u0148a, ktor\u00fa m\u00f4\u017eeme n\u00e1js\u0165 v letnom hor\u00facom obdob\u00ed v tieni lesa. Pripom\u00edna n\u00e1ladu k\u013eudn\u00fdch chv\u00ed\u013e, odpo\u010dinku a uvo\u013enenia<\/strong><\/p>\n<p><strong>Zlo\u017eenie :<\/strong> lesn\u00e9 kvetiny, byliny, vonn\u00e1 miazga<\/p>\n<p><strong>Pou\u017eitie :<\/strong>\u00a0Zap\u00e1\u013ete a nechajte tlie\u0165 na vhodnej podlo\u017eke<\/p>\n","protected":false},"excerpt":{"rendered":"<p><strong>Cena za jednu roli\u010dku, ktor\u00e1 obsahuje 28 ty\u010diniek s dobou horenia cca 30 min\u00fat<\/strong><\/p>\n","protected":false},"featured_media":2420,"comment_status":"closed","ping_status":"closed","template":"","meta":[],"_links":{"self":[{"href":"http:\/\/cajovnajasminka.sk\/index.php?rest_route=\/wp\/v2\/product\/2419"}],"collection":[{"href":"http:\/\/cajovnajasminka.sk\/index.php?rest_route=\/wp\/v2\/product"}],"about":[{"href":"http:\/\/cajovnajasminka.sk\/index.php?rest_route=\/wp\/v2\/types\/product"}],"replies":[{"embeddable":true,"href":"http:\/\/cajovnajasminka.sk\/index.php?rest_route=%2Fwp%2Fv2%2Fcomments&post=2419"}],"wp:featuredmedia":[{"embeddable":true,"href":"http:\/\/cajovnajasminka.sk\/index.php?rest_route=\/wp\/v2\/media\/2420"}],"wp:attachment":[{"href":"http:\/\/cajovnajasminka.sk\/index.php?rest_route=%2Fwp%2Fv2%2Fmedia&parent=2419"}],"curies":[{"name":"wp","href":"https:\/\/api.w.org\/{rel}","templated":true}]}}