{"id":2411,"date":"2020-03-26T20:15:26","date_gmt":"2020-03-26T19:15:26","guid":{"rendered":"http:\/\/cajovnajasminka.sk\/?post_type=product&#038;p=2411"},"modified":"2023-07-19T09:44:49","modified_gmt":"2023-07-19T07:44:49","slug":"vonne-tycinky-kiseiki-kuzlo-lasky","status":"publish","type":"product","link":"http:\/\/cajovnajasminka.sk\/?product=vonne-tycinky-kiseiki-kuzlo-lasky","title":{"rendered":"Vonn\u00e9 ty\u010dinky Kiseiki K\u00fazlo l\u00e1sky"},"content":{"rendered":"<p>Hikali Koh a Kenmei Do je rada vzne\u0161en\u00fdch v\u00f4n\u00ed, pripravovan\u00fdch pod\u013ea tradi\u010dn\u00fdch recept\u00far najlep\u0161\u00edch japonsk\u00fdch majstrov vonn\u00fdch zmes\u00ed, ktor\u00e9 n\u00e1s un\u00e1\u0161aj\u00fa do sveta umenia a po\u00e9zie, malebnej pr\u00edrody, prekr\u00e1snych z\u00e1hrad a chr\u00e1mov japonskej kult\u00fary a preb\u00fadza v n\u00e1s prirodzen\u00fd zmysel pre pokoru a vzne\u0161enos\u0165.<\/p>\n<p><strong>Jemne sladk\u00e1 kvetinov\u00e1 v\u00f4\u0148a ru\u017e\u00ed a betgamotu. T\u00e1to v\u00f4\u0148a pom\u00e1ha pri objavovan\u00ed tajomn\u00fdch s\u00edl \u017eivota a k\u00fazla l\u00e1sky<\/strong><\/p>\n<p><strong>Zlo\u017eenie :<\/strong> bergamot, ru\u017ea<\/p>\n<p><strong>Pou\u017eitie :<\/strong>\u00a0Zap\u00e1\u013ete a nechajte tlie\u0165 na vhodnej podlo\u017eke<\/p>\n","protected":false},"excerpt":{"rendered":"<p><strong>Cena za jednu roli\u010dku, ktor\u00e1 obsahuje 28 ty\u010diniek s dobou horenia cca 30 min\u00fat<\/strong><\/p>\n","protected":false},"featured_media":2413,"comment_status":"closed","ping_status":"closed","template":"","meta":[],"_links":{"self":[{"href":"http:\/\/cajovnajasminka.sk\/index.php?rest_route=\/wp\/v2\/product\/2411"}],"collection":[{"href":"http:\/\/cajovnajasminka.sk\/index.php?rest_route=\/wp\/v2\/product"}],"about":[{"href":"http:\/\/cajovnajasminka.sk\/index.php?rest_route=\/wp\/v2\/types\/product"}],"replies":[{"embeddable":true,"href":"http:\/\/cajovnajasminka.sk\/index.php?rest_route=%2Fwp%2Fv2%2Fcomments&post=2411"}],"wp:featuredmedia":[{"embeddable":true,"href":"http:\/\/cajovnajasminka.sk\/index.php?rest_route=\/wp\/v2\/media\/2413"}],"wp:attachment":[{"href":"http:\/\/cajovnajasminka.sk\/index.php?rest_route=%2Fwp%2Fv2%2Fmedia&parent=2411"}],"curies":[{"name":"wp","href":"https:\/\/api.w.org\/{rel}","templated":true}]}}