{"id":2400,"date":"2020-03-26T19:56:55","date_gmt":"2020-03-26T18:56:55","guid":{"rendered":"http:\/\/cajovnajasminka.sk\/?post_type=product&#038;p=2400"},"modified":"2023-07-19T09:46:09","modified_gmt":"2023-07-19T07:46:09","slug":"vonne-tycinky-fuko-japonska-ruza","status":"publish","type":"product","link":"http:\/\/cajovnajasminka.sk\/?product=vonne-tycinky-fuko-japonska-ruza","title":{"rendered":"Vonn\u00e9 ty\u010dinky Fuko Japonsk\u00e1 ru\u017ea"},"content":{"rendered":"<p>Hikali Koh a Kenmei Do je rada vzne\u0161en\u00fdch v\u00f4n\u00ed, pripravovan\u00fdch pod\u013ea tradi\u010dn\u00fdch recept\u00far najlep\u0161\u00edch japonsk\u00fdch majstrov vonn\u00fdch zmes\u00ed, ktor\u00e9 n\u00e1s un\u00e1\u0161aj\u00fa do sveta umenia a po\u00e9zie, malebnej pr\u00edrody, prekr\u00e1snych z\u00e1hrad a chr\u00e1mov japonskej kult\u00fary a preb\u00fadza v n\u00e1s prirodzen\u00fd zmysel pre pokoru a vzne\u0161enos\u0165.<\/p>\n<p><strong>Tradi\u010dn\u00e1 starod\u00e1vna v\u00f4\u0148a pre st\u00ed\u0161enie nek\u013eudnej mysle. Podporuje schopnos\u0165 koncentr\u00e1cie a u\u010denia<\/strong><\/p>\n<p><strong>Zlo\u017eenie :<\/strong> kvety a listy japonskej ru\u017ee, kadidlo, listy stromu Ho, vonn\u00e9 byliny<\/p>\n<p><strong>Pou\u017eitie :<\/strong>\u00a0Zap\u00e1\u013ete a nechajte tlie\u0165 na vhodnej podlo\u017eke<\/p>\n","protected":false},"excerpt":{"rendered":"<p><strong>Cena za jednu roli\u010dku, ktor\u00e1 obsahuje 36 ty\u010diniek s dobou horenia cca 30 min\u00fat<\/strong><\/p>\n","protected":false},"featured_media":2401,"comment_status":"closed","ping_status":"closed","template":"","meta":[],"_links":{"self":[{"href":"http:\/\/cajovnajasminka.sk\/index.php?rest_route=\/wp\/v2\/product\/2400"}],"collection":[{"href":"http:\/\/cajovnajasminka.sk\/index.php?rest_route=\/wp\/v2\/product"}],"about":[{"href":"http:\/\/cajovnajasminka.sk\/index.php?rest_route=\/wp\/v2\/types\/product"}],"replies":[{"embeddable":true,"href":"http:\/\/cajovnajasminka.sk\/index.php?rest_route=%2Fwp%2Fv2%2Fcomments&post=2400"}],"wp:featuredmedia":[{"embeddable":true,"href":"http:\/\/cajovnajasminka.sk\/index.php?rest_route=\/wp\/v2\/media\/2401"}],"wp:attachment":[{"href":"http:\/\/cajovnajasminka.sk\/index.php?rest_route=%2Fwp%2Fv2%2Fmedia&parent=2400"}],"curies":[{"name":"wp","href":"https:\/\/api.w.org\/{rel}","templated":true}]}}