{"id":240,"date":"2017-05-02T12:42:02","date_gmt":"2017-05-02T10:42:02","guid":{"rendered":"http:\/\/cajovnajasminka.sk\/?product=nagara-lymfaticky-system"},"modified":"2023-01-19T11:07:31","modified_gmt":"2023-01-19T10:07:31","slug":"nagara-lymfaticky-system","status":"publish","type":"product","link":"http:\/\/cajovnajasminka.sk\/?product=nagara-lymfaticky-system","title":{"rendered":"Nagara-Lymfatick\u00fd syst\u00e9m"},"content":{"rendered":"<p>Himal\u00e1jske byliny sa u\u017e po cel\u00e9 st\u00e1ro\u010dia pou\u017e\u00edvaj\u00fa k optimaliz\u00e1cii du\u0161evn\u00fdch a telesn\u00fdch funkci\u00ed organizmu. S\u00fa z\u00e1kladom tradi\u010dn\u00e9ho ajurv\u00e9dsk\u00e9ho lek\u00e1rstva, ktor\u00e9 ich pou\u017e\u00edva v mnoh\u00fdch najr\u00f4znej\u0161\u00edch kombin\u00e1ci\u00e1ch.<br \/>\n<strong><br \/>\n<\/strong><strong>\u010caj Nagara\u00a0prispieva k norm\u00e1lnemu obehu lymfy<br \/>\nPodporuje \u010dinnos\u0165 obehovej a lymfatick\u00e9 s\u00fastavy<br \/>\nPovzbudzuje funkciu pe\u010dene a tvorbu protil\u00e1tok<br \/>\nAktivuje prirodzen\u00fa obranyschopnos\u0165 organizmu<br \/>\nPosil\u0148uje imunitn\u00fd syst\u00e9m<br \/>\nPrispieva k pre\u010disteniu a optim\u00e1lnej funkci\u00ed d\u00fdchac\u00edch ciest<br \/>\n<\/strong><\/p>\n<p><strong>Zlo\u017eenie :\u00a0<\/strong><\/p>\n<p>Chebula srd\u010dit\u00e1 \u2013 Guduchi (Tinospora cordifolia), sladovka hladkoplod\u00e1 &#8211; sladk\u00e9 drievko (Glycyrrhiza glabra), vit\u00e1nia spav\u00e1 &#8211; A\u0161vagandha (Withania somnifera), kurkumovn\u00edk dlh\u00fd (Curcuma longa), z\u00e1zvorovn\u00edk lek\u00e1rsky &#8211; z\u00e1zvor (Zingiber origgicinalis), fenikel oby\u010dajn\u00fd (Foeniculum vulgare), pr\u00e1venka latnat\u00e1 (Andrographis paniculata), kardamom oby\u010dajn\u00fd (Elettaria cardamomum).<\/p>\n<p><strong>Hmotnos\u0165 :<\/strong>\u00a0100 g<\/p>\n","protected":false},"excerpt":{"rendered":"<p>Himal\u00e1jske byliny sa u\u017e po cel\u00e9 st\u00e1ro\u010dia pou\u017e\u00edvaj\u00fa k optimaliz\u00e1cii du\u0161evn\u00fdch a telesn\u00fdch funkci\u00ed organizmu. S\u00fa z\u00e1kladom tradi\u010dn\u00e9ho ajurv\u00e9dsk\u00e9ho lek\u00e1rstva, ktor\u00e9 ich pou\u017e\u00edva v mnoh\u00fdch najr\u00f4znej\u0161\u00edch kombin\u00e1ci\u00e1ch. \u010caj Nagara\u00a0prispieva k norm\u00e1lnemu obehu lymfy Podporuje \u010dinnos\u0165 obehovej a lymfatick\u00e9 s\u00fastavy Povzbudzuje funkciu pe\u010dene a tvorbu protil\u00e1tok Aktivuje prirodzen\u00fa obranyschopnos\u0165 organizmu Posil\u0148uje imunitn\u00fd syst\u00e9m Prispieva k pre\u010disteniu<\/p>\n","protected":false},"featured_media":250,"comment_status":"open","ping_status":"closed","template":"","meta":[],"_links":{"self":[{"href":"http:\/\/cajovnajasminka.sk\/index.php?rest_route=\/wp\/v2\/product\/240"}],"collection":[{"href":"http:\/\/cajovnajasminka.sk\/index.php?rest_route=\/wp\/v2\/product"}],"about":[{"href":"http:\/\/cajovnajasminka.sk\/index.php?rest_route=\/wp\/v2\/types\/product"}],"replies":[{"embeddable":true,"href":"http:\/\/cajovnajasminka.sk\/index.php?rest_route=%2Fwp%2Fv2%2Fcomments&post=240"}],"wp:featuredmedia":[{"embeddable":true,"href":"http:\/\/cajovnajasminka.sk\/index.php?rest_route=\/wp\/v2\/media\/250"}],"wp:attachment":[{"href":"http:\/\/cajovnajasminka.sk\/index.php?rest_route=%2Fwp%2Fv2%2Fmedia&parent=240"}],"curies":[{"name":"wp","href":"https:\/\/api.w.org\/{rel}","templated":true}]}}