{"id":2399,"date":"2020-03-26T19:56:55","date_gmt":"2020-03-26T18:56:55","guid":{"rendered":"http:\/\/cajovnajasminka.sk\/?post_type=product&#038;p=2399"},"modified":"2023-07-19T09:46:59","modified_gmt":"2023-07-19T07:46:59","slug":"vonne-tycinky-kyori-domov","status":"publish","type":"product","link":"http:\/\/cajovnajasminka.sk\/?product=vonne-tycinky-kyori-domov","title":{"rendered":"Vonn\u00e9 ty\u010dinky Kyori Domov"},"content":{"rendered":"<p>Hikali Koh a Kenmei Do je rada vzne\u0161en\u00fdch v\u00f4n\u00ed, pripravovan\u00fdch pod\u013ea tradi\u010dn\u00fdch recept\u00far najlep\u0161\u00edch japonsk\u00fdch majstrov vonn\u00fdch zmes\u00ed, ktor\u00e9 n\u00e1s un\u00e1\u0161aj\u00fa do sveta umenia a po\u00e9zie, malebnej pr\u00edrody, prekr\u00e1snych z\u00e1hrad a chr\u00e1mov japonskej kult\u00fary a preb\u00fadza v n\u00e1s prirodzen\u00fd zmysel pre pokoru a vzne\u0161enos\u0165.<\/p>\n<p><strong>N\u00e1dhern\u00e1 sant\u00e1lov\u00e1 v\u00f4\u0148a z okvetn\u00fdch listov ru\u017ee, kvetov, vonn\u00e9ho dreva, v\u0155by a byl\u00edn. Pre spokojnos\u0165 a trvaj\u00facu l\u00e1sku<\/strong><\/p>\n<p><strong>Zlo\u017eenie :<\/strong> sant\u00e1lov\u00e9 drevo, okvetn\u00e9 l\u00edstky ru\u017ee, kvety, vonn\u00e9 drev\u00e1 v\u0155by a byliny<\/p>\n<p><strong>Pou\u017eitie :<\/strong>\u00a0Zap\u00e1\u013ete a nechajte tlie\u0165 na vhodnej podlo\u017eke<\/p>\n","protected":false},"excerpt":{"rendered":"<p><strong>Cena za jednu roli\u010dku, ktor\u00e1 obsahuje 36 ty\u010diniek s dobou horenia cca 30 min\u00fat<\/strong><\/p>\n","protected":false},"featured_media":2402,"comment_status":"closed","ping_status":"closed","template":"","meta":[],"_links":{"self":[{"href":"http:\/\/cajovnajasminka.sk\/index.php?rest_route=\/wp\/v2\/product\/2399"}],"collection":[{"href":"http:\/\/cajovnajasminka.sk\/index.php?rest_route=\/wp\/v2\/product"}],"about":[{"href":"http:\/\/cajovnajasminka.sk\/index.php?rest_route=\/wp\/v2\/types\/product"}],"replies":[{"embeddable":true,"href":"http:\/\/cajovnajasminka.sk\/index.php?rest_route=%2Fwp%2Fv2%2Fcomments&post=2399"}],"wp:featuredmedia":[{"embeddable":true,"href":"http:\/\/cajovnajasminka.sk\/index.php?rest_route=\/wp\/v2\/media\/2402"}],"wp:attachment":[{"href":"http:\/\/cajovnajasminka.sk\/index.php?rest_route=%2Fwp%2Fv2%2Fmedia&parent=2399"}],"curies":[{"name":"wp","href":"https:\/\/api.w.org\/{rel}","templated":true}]}}