{"id":2395,"date":"2020-03-26T19:50:30","date_gmt":"2020-03-26T18:50:30","guid":{"rendered":"http:\/\/cajovnajasminka.sk\/?post_type=product&#038;p=2395"},"modified":"2023-07-19T09:46:26","modified_gmt":"2023-07-19T07:46:26","slug":"vonne-tycinky-nobara-divoka-ruza","status":"publish","type":"product","link":"http:\/\/cajovnajasminka.sk\/?product=vonne-tycinky-nobara-divoka-ruza","title":{"rendered":"Vonn\u00e9 ty\u010dinky Nobara Divok\u00e1 ru\u017ea"},"content":{"rendered":"<p>Hikali Koh a Kenmei Do je rada vzne\u0161en\u00fdch v\u00f4n\u00ed, pripravovan\u00fdch pod\u013ea tradi\u010dn\u00fdch recept\u00far najlep\u0161\u00edch japonsk\u00fdch majstrov vonn\u00fdch zmes\u00ed, ktor\u00e9 n\u00e1s un\u00e1\u0161aj\u00fa do sveta umenia a po\u00e9zie, malebnej pr\u00edrody, prekr\u00e1snych z\u00e1hrad a chr\u00e1mov japonskej kult\u00fary a preb\u00fadza v n\u00e1s prirodzen\u00fd zmysel pre pokoru a vzne\u0161enos\u0165.<\/p>\n<p><strong>Ve\u013emi jemn\u00e1, \u013eahk\u00e1 a sladk\u00e1 v\u00f4\u0148a pripom\u00ednaj\u00faca rozkvitnut\u00e9 japonsk\u00e9 kvetinov\u00e9 z\u00e1hrady. T\u00e1to v\u00f4\u0148a uvo\u013e\u02c7uje pri strese a nap\u00e4t\u00ed, prin\u00e1\u0161a vn\u00fatorn\u00fa rados\u0165 a celkov\u00fd pocit \u013eahkosti \u013eudsk\u00e9ho bytia<\/strong><\/p>\n<p><strong>Zlo\u017eenie :<\/strong> kvety \u017eltej a bielej ru\u017ee, spikenard, sant\u00e1lov\u00e9 drevo<\/p>\n<p><strong>Pou\u017eitie :<\/strong>\u00a0Zap\u00e1\u013ete a nechajte tlie\u0165 na vhodnej podlo\u017eke<\/p>\n","protected":false},"excerpt":{"rendered":"<p><strong>Cena za jednu roli\u010dku, ktor\u00e1 obsahuje 36 ty\u010diniek s dobou horenia cca 30 min\u00fat<\/strong><\/p>\n","protected":false},"featured_media":2397,"comment_status":"closed","ping_status":"closed","template":"","meta":[],"_links":{"self":[{"href":"http:\/\/cajovnajasminka.sk\/index.php?rest_route=\/wp\/v2\/product\/2395"}],"collection":[{"href":"http:\/\/cajovnajasminka.sk\/index.php?rest_route=\/wp\/v2\/product"}],"about":[{"href":"http:\/\/cajovnajasminka.sk\/index.php?rest_route=\/wp\/v2\/types\/product"}],"replies":[{"embeddable":true,"href":"http:\/\/cajovnajasminka.sk\/index.php?rest_route=%2Fwp%2Fv2%2Fcomments&post=2395"}],"wp:featuredmedia":[{"embeddable":true,"href":"http:\/\/cajovnajasminka.sk\/index.php?rest_route=\/wp\/v2\/media\/2397"}],"wp:attachment":[{"href":"http:\/\/cajovnajasminka.sk\/index.php?rest_route=%2Fwp%2Fv2%2Fmedia&parent=2395"}],"curies":[{"name":"wp","href":"https:\/\/api.w.org\/{rel}","templated":true}]}}