{"id":238,"date":"2017-05-02T12:31:50","date_gmt":"2017-05-02T10:31:50","guid":{"rendered":"http:\/\/cajovnajasminka.sk\/?product=prana-vitalita-a-zivotna-energia-ajurvedsky-caj"},"modified":"2023-01-19T11:07:44","modified_gmt":"2023-01-19T10:07:44","slug":"prana-vitalita-a-zivotna-energia-ajurvedsky-caj","status":"publish","type":"product","link":"http:\/\/cajovnajasminka.sk\/?product=prana-vitalita-a-zivotna-energia-ajurvedsky-caj","title":{"rendered":"Prana-Vitalita a \u017eivotn\u00e1 energia"},"content":{"rendered":"<p>Himal\u00e1jske byliny sa u\u017e po cel\u00e9 st\u00e1ro\u010dia pou\u017e\u00edvaj\u00fa k optimaliz\u00e1cii du\u0161evn\u00fdch a telesn\u00fdch funkci\u00ed organizmu. S\u00fa z\u00e1kladom tradi\u010dn\u00e9ho ajurv\u00e9dsk\u00e9ho lek\u00e1rstva, ktor\u00e9 ich pou\u017e\u00edva v mnoh\u00fdch najr\u00f4znej\u0161\u00edch kombin\u00e1ci\u00e1ch.<br \/>\n<strong><br \/>\n<\/strong><strong>\u010caj Prana posil\u0148uje \u017eivotn\u00fa energiu a vitalitu organizmu<br \/>\nM\u00e1 upokojuj\u00faci vplyv na kr\u010dn\u00fa oblas\u0165 a respira\u010dn\u00fd syst\u00e9m<br \/>\nPrispieva k uvo\u013eneniu d\u00fdchac\u00edch ciest<br \/>\nPriaznivo p\u00f4sob\u00ed na odolnos\u0165 nervov\u00e9ho syst\u00e9mu<br \/>\nPodporuje krvn\u00fd obeh a \u010dinnos\u0165 cievnej s\u00fastavy<br \/>\n<\/strong><\/p>\n<p><strong>Zlo\u017eenie :\u00a0<\/strong><\/p>\n<p>Voskovn\u00edk (myrica rubra) plod, oman prav\u00fd (Inula helenium), z\u00e1zvorovn\u00edk lek\u00e1rsky &#8211; z\u00e1zvor (Zingiber origgicinalis), \u010dierne korenie (Piper nigrum L.).<\/p>\n<p><strong>Hmotnos\u0165 :<\/strong>\u00a0100 g<\/p>\n","protected":false},"excerpt":{"rendered":"<p>Himal\u00e1jske byliny sa u\u017e po cel\u00e9 st\u00e1ro\u010dia pou\u017e\u00edvaj\u00fa k optimaliz\u00e1cii du\u0161evn\u00fdch a telesn\u00fdch funkci\u00ed organizmu. S\u00fa z\u00e1kladom tradi\u010dn\u00e9ho ajurv\u00e9dsk\u00e9ho lek\u00e1rstva, ktor\u00e9 ich pou\u017e\u00edva v mnoh\u00fdch najr\u00f4znej\u0161\u00edch kombin\u00e1ci\u00e1ch. \u010caj Prana posil\u0148uje \u017eivotn\u00fa energiu a vitalitu organizmu M\u00e1 upokojuj\u00faci vplyv na kr\u010dn\u00fa oblas\u0165 a respira\u010dn\u00fd syst\u00e9m Prispieva k uvo\u013eneniu d\u00fdchac\u00edch ciest Priaznivo p\u00f4sob\u00ed na odolnos\u0165 nervov\u00e9ho syst\u00e9mu<\/p>\n","protected":false},"featured_media":249,"comment_status":"open","ping_status":"closed","template":"","meta":[],"_links":{"self":[{"href":"http:\/\/cajovnajasminka.sk\/index.php?rest_route=\/wp\/v2\/product\/238"}],"collection":[{"href":"http:\/\/cajovnajasminka.sk\/index.php?rest_route=\/wp\/v2\/product"}],"about":[{"href":"http:\/\/cajovnajasminka.sk\/index.php?rest_route=\/wp\/v2\/types\/product"}],"replies":[{"embeddable":true,"href":"http:\/\/cajovnajasminka.sk\/index.php?rest_route=%2Fwp%2Fv2%2Fcomments&post=238"}],"wp:featuredmedia":[{"embeddable":true,"href":"http:\/\/cajovnajasminka.sk\/index.php?rest_route=\/wp\/v2\/media\/249"}],"wp:attachment":[{"href":"http:\/\/cajovnajasminka.sk\/index.php?rest_route=%2Fwp%2Fv2%2Fmedia&parent=238"}],"curies":[{"name":"wp","href":"https:\/\/api.w.org\/{rel}","templated":true}]}}