{"id":2376,"date":"2020-03-25T21:35:33","date_gmt":"2020-03-25T20:35:33","guid":{"rendered":"http:\/\/cajovnajasminka.sk\/?post_type=product&#038;p=2376"},"modified":"2020-03-25T21:44:36","modified_gmt":"2020-03-25T20:44:36","slug":"amalaki-napoj-zazvor","status":"publish","type":"product","link":"http:\/\/cajovnajasminka.sk\/?product=amalaki-napoj-zazvor","title":{"rendered":"Amalaki n\u00e1poj Z\u00e1zvor"},"content":{"rendered":"<p><strong>Ajurv\u00e9dske hor\u00face n\u00e1poje<\/strong> s\u00fa pripraven\u00e9 z takzvan\u00fdch \u201esuperfoods\u201c, ktor\u00e9 s\u00fa v\u00fdnimo\u010dn\u00e9 pr\u00edrodn\u00e9 produkty s vysok\u00fdm obsahom \u017eiv\u00edn, vitam\u00ednov, miner\u00e1lov, enz\u00fdmov a antioxida\u010dn\u00fdch l\u00e1tok. Podporuj\u00fa imunitn\u00fd syst\u00e9m, detoxik\u00e1ciu organizmu, zni\u017eovanie cholesterolu a telesnej nadv\u00e1hy. Na z\u00e1klade svojich adaptog\u00e9nnych \u00fa\u010dinkov v\u00fdznamne prispievaj\u00fa k regener\u00e1cii, vitalite a dobr\u00e9mu telesn\u00e9mu i du\u0161evn\u00e9mu zdraviu. Obmedzuj\u00fa aktivitu vo\u013en\u00fdch radik\u00e1lov a proces starnutia telesn\u00fdch tkan\u00edv. Posil\u0148uj\u00fa ozdravn\u00e9 procesy v organizme a zvy\u0161uj\u00fa odolnos\u0165 vo\u010di stresov\u00fdm faktorom a nervov\u00e9mu vyp\u00e4tiu.<\/p>\n<ul>\n<li><em>Z\u00e1zvorovn\u00edk lek\u00e1rsky\u00a0<\/em>prispieva k zdrav\u00e9mu respira\u010dn\u00e9mu syst\u00e9mu a ochrane d\u00fdchac\u00edch ciest<\/li>\n<li>Povzbudzuje prirodzen\u00fa obranyschopnos\u0165 organizmu a \u010dinnos\u0165 imunitn\u00e9ho\u00a0syst\u00e9mu<\/li>\n<li>Podporuje zdrav\u00fa funkciu tr\u00e1viacej s\u00fastavy<\/li>\n<li><em>Embilika lek\u00e1rska (amalaki)\u00a0<\/em>priaznivo p\u00f4sob\u00ed na \u010dinnos\u0165 tr\u00e1viaceho \u00fastrojenstva<\/li>\n<li>Prospieva funkcii \u017eal\u00fadka a \u010drevn\u00e9ho traktu<\/li>\n<li><em>Vitam\u00edn C\u00a0<\/em>prispieva k energetick\u00e9mu metabolizmu<\/li>\n<li>Prispieva k energetick\u00e9mu metabolizmu<\/li>\n<li>Pom\u00e1ha ochra\u0148ova\u0165 bunky pred oxidat\u00edvnym stresom<\/li>\n<li>Zvy\u0161uje vstreb\u00e1vanie \u017eeleza<\/li>\n<li>Zni\u017euje mieru \u00fanavy a vy\u010derpania<\/li>\n<\/ul>\n<p><strong>Zlo\u017eenie : <\/strong>embilika lek\u00e1rska, z\u00e1zvorovn\u00edk lek\u00e1rsky<\/p>\n<p><strong>Doporu\u010den\u00e9 d\u00e1vkovanie :\u00a0<\/strong>2-3 \u0161\u00e1lky za de\u0148<\/p>\n<p><strong>Pr\u00edprava :<\/strong> Pre z\u00edskanie zdrav\u00e9ho a chutn\u00e9ho n\u00e1poja rozmie\u0161ajte 1 \u010dajov\u00fa ly\u017ei\u010dku (cca 2 g) jemne namletej zmesi v 250 ml teplej vody a pridajte med pod\u013ea chuti. Jedno 100g balenie poskytuje 50 \u0161\u00e1lok hor\u00faceho n\u00e1poja. Zmes mo\u017eno tie\u017e prida\u0165 do smoothies a \u010derstv\u00fdch \u0161tiav.<\/p>\n<p>&nbsp;<\/p>\n<p>&nbsp;<\/p>\n","protected":false},"excerpt":{"rendered":"<p><strong>Gram\u00e1\u017e :\u00a0100 g\u00a0<\/strong><\/p>\n<p><strong>Imunita, kr\u010dn\u00e1 oblas\u0165 a d\u00fdchacie cesty\u00a0<\/strong><\/p>\n","protected":false},"featured_media":2379,"comment_status":"closed","ping_status":"closed","template":"","meta":[],"_links":{"self":[{"href":"http:\/\/cajovnajasminka.sk\/index.php?rest_route=\/wp\/v2\/product\/2376"}],"collection":[{"href":"http:\/\/cajovnajasminka.sk\/index.php?rest_route=\/wp\/v2\/product"}],"about":[{"href":"http:\/\/cajovnajasminka.sk\/index.php?rest_route=\/wp\/v2\/types\/product"}],"replies":[{"embeddable":true,"href":"http:\/\/cajovnajasminka.sk\/index.php?rest_route=%2Fwp%2Fv2%2Fcomments&post=2376"}],"wp:featuredmedia":[{"embeddable":true,"href":"http:\/\/cajovnajasminka.sk\/index.php?rest_route=\/wp\/v2\/media\/2379"}],"wp:attachment":[{"href":"http:\/\/cajovnajasminka.sk\/index.php?rest_route=%2Fwp%2Fv2%2Fmedia&parent=2376"}],"curies":[{"name":"wp","href":"https:\/\/api.w.org\/{rel}","templated":true}]}}