{"id":2361,"date":"2020-03-25T20:02:54","date_gmt":"2020-03-25T19:02:54","guid":{"rendered":"http:\/\/cajovnajasminka.sk\/?post_type=product&#038;p=2361"},"modified":"2020-03-25T20:13:43","modified_gmt":"2020-03-25T19:13:43","slug":"lymfa-fit-telovy-a-masazny-olej","status":"publish","type":"product","link":"http:\/\/cajovnajasminka.sk\/?product=lymfa-fit-telovy-a-masazny-olej","title":{"rendered":"Lymfa fit &#8211; telov\u00fd a mas\u00e1\u017eny olej"},"content":{"rendered":"<p><strong>Telov\u00e9 a mas\u00e1\u017ene oleje zna\u010dky Saloos s\u00fa\u00a0osvie\u017euj\u00face oleje ur\u010den\u00e9 na ka\u017edodenn\u00e9 o\u0161etrenie poko\u017eky i k povzbudzuj\u00facej mas\u00e1\u017ei.\u00a0Rastlinn\u00e9 bio oleje poko\u017eku \u00a0vy\u017eivuj\u00fa a zvl\u00e1\u010d\u0148uj\u00fa<\/strong><\/p>\n<p>Intenz\u00edvne uvo\u013e\u0148uj\u00faci bio mas\u00e1\u017eny olej s obsahom jalovca (borievky) s priazniv\u00fdmi \u00fa\u010dinkami na lymfatick\u00fd syst\u00e9m. Pravide\u013en\u00e1 \u013eahk\u00e1 mas\u00e1\u017e poko\u017eky v lymfatick\u00fdch dr\u00e1hach pozit\u00edvne ovplyv\u0148uje spr\u00e1vnu funkciu ko\u017ee, podporuje pru\u017enos\u0165 poko\u017eky a je \u00fa\u010dinn\u00e1 pri celulit\u00edde. Maxim\u00e1lny \u00fa\u010dinok dosiahnete ka\u017edodenn\u00fdm pou\u017e\u00edvan\u00edm.<\/p>\n<ul>\n<li>Rozpr\u00fadi energiu v tele pri \u00fanave<\/li>\n<li>Na\u0161tartuje telo aj myse\u013e po n\u00e1ro\u010dnom \u00fanavnom dni<\/li>\n<li>Zvy\u0161uje obranischopnos\u0165 organizmu<\/li>\n<li>Aktivuje krvn\u00fd obeh<\/li>\n<li>Podporuje tok lymfy a odv\u00e1dza \u0161kodliv\u00e9 l\u00e1tky z tela<\/li>\n<li>Str\u00e1ca sa pocit \u0165a\u017ek\u00fdch n\u00f4h<\/li>\n<li>Ve\u013emi pravdepodobn\u00fd je aj \u00fabytok na v\u00e1he<\/li>\n<\/ul>\n<p>&nbsp;<\/p>\n<p>&nbsp;<\/p>\n<p>&nbsp;<\/p>\n","protected":false},"excerpt":{"rendered":"<p><strong>Obsah balenia :\u00a050 ml<\/strong><\/p>\n<p><strong>Pre spr\u00e1vnu funkciu lymfatick\u00e9ho syst\u00e9mu\u00a0<\/strong><\/p>\n","protected":false},"featured_media":2362,"comment_status":"closed","ping_status":"closed","template":"","meta":[],"_links":{"self":[{"href":"http:\/\/cajovnajasminka.sk\/index.php?rest_route=\/wp\/v2\/product\/2361"}],"collection":[{"href":"http:\/\/cajovnajasminka.sk\/index.php?rest_route=\/wp\/v2\/product"}],"about":[{"href":"http:\/\/cajovnajasminka.sk\/index.php?rest_route=\/wp\/v2\/types\/product"}],"replies":[{"embeddable":true,"href":"http:\/\/cajovnajasminka.sk\/index.php?rest_route=%2Fwp%2Fv2%2Fcomments&post=2361"}],"wp:featuredmedia":[{"embeddable":true,"href":"http:\/\/cajovnajasminka.sk\/index.php?rest_route=\/wp\/v2\/media\/2362"}],"wp:attachment":[{"href":"http:\/\/cajovnajasminka.sk\/index.php?rest_route=%2Fwp%2Fv2%2Fmedia&parent=2361"}],"curies":[{"name":"wp","href":"https:\/\/api.w.org\/{rel}","templated":true}]}}