{"id":2354,"date":"2020-03-25T18:53:06","date_gmt":"2020-03-25T17:53:06","guid":{"rendered":"http:\/\/cajovnajasminka.sk\/?post_type=product&#038;p=2354"},"modified":"2020-03-25T19:03:03","modified_gmt":"2020-03-25T18:03:03","slug":"letny-caj-bylinny-caj-sypany","status":"publish","type":"product","link":"http:\/\/cajovnajasminka.sk\/?product=letny-caj-bylinny-caj-sypany","title":{"rendered":"Letn\u00fd \u010daj &#8211; bylinn\u00fd \u010daj sypan\u00fd"},"content":{"rendered":"<p><strong>\u00a0\u0160peci\u00e1lny kvalitn\u00fd sypan\u00fd bylinn\u00fd \u010daj\u00a0zostaven\u00fd pod\u013ea origin\u00e1lnej recept\u00fary, chr\u00e1nenej ochrannou zn\u00e1mkou<\/strong><\/p>\n<p class=\"zvyraznenyText3\">Sypan\u00fd bylinn\u00fd \u010daj ur\u010den\u00fd\u00a0 k be\u017en\u00e9mu pitiu vodpovedan\u00facom ro\u010dnom obdob\u00ed<\/p>\n<p class=\"zvyraznenyText3\"><strong>Zlo\u017eenie:<\/strong><\/p>\n<p class=\"zvyraznenyText3\"><strong>Jahoda oby\u010dajn\u00e1 list\u00a0<\/strong>\u00a0&#8211; pom\u00f4\u017ee regener\u00e1ci\u00ed va\u0161eho tela po letn\u00fdch \u0161portov\u00fdch\u00a0aktivit\u00e1ch<br \/>\n<strong>Rooibos<\/strong>\u00a0&#8211; z\u00e1zra\u010dn\u00fd \u010derven\u00fd \u010daj, ktor\u00fd dopln\u00ed miner\u00e1ly a chr\u00e1ni telo\u00a0proti prehriatiu<br \/>\n<strong>Malina plod su\u0161en\u00fd<\/strong>\u00a0&#8211; dod\u00e1 \u010daju v\u00fdborn\u00fa malinov\u00fa chu\u0165 a zlep\u0161\u00ed v\u00e1m n\u00e1ladu<br \/>\n<strong>Pomaran\u010d k\u00f4ra<\/strong>\u00a0&#8211; osvie\u017ei v letnom\u00a0teple a podpor\u00ed obli\u010dky<br \/>\n<strong>Pr\u00edrodn\u00e1 \u00a0ar\u00f3ma lesn\u00e9 plody<\/strong><\/p>\n<p>Pr\u00edprava jednej d\u00e1vky:\u00a0jednu k\u00e1vov\u00fa ly\u017ei\u010dku zmesi zalejeme 0,25 litrom vriacej vody a nech\u00e1me 7 min\u00fat vyl\u00fahova\u0165, potom sced\u00edme. \u010caj m\u00f4\u017eeme pi\u0165 aj studen\u00fd<\/p>\n<p>&nbsp;<\/p>\n","protected":false},"excerpt":{"rendered":"<p><strong>Gram\u00e1\u017e : 50 g\u00a0<\/strong><\/p>\n","protected":false},"featured_media":2357,"comment_status":"open","ping_status":"closed","template":"","meta":[],"_links":{"self":[{"href":"http:\/\/cajovnajasminka.sk\/index.php?rest_route=\/wp\/v2\/product\/2354"}],"collection":[{"href":"http:\/\/cajovnajasminka.sk\/index.php?rest_route=\/wp\/v2\/product"}],"about":[{"href":"http:\/\/cajovnajasminka.sk\/index.php?rest_route=\/wp\/v2\/types\/product"}],"replies":[{"embeddable":true,"href":"http:\/\/cajovnajasminka.sk\/index.php?rest_route=%2Fwp%2Fv2%2Fcomments&post=2354"}],"wp:featuredmedia":[{"embeddable":true,"href":"http:\/\/cajovnajasminka.sk\/index.php?rest_route=\/wp\/v2\/media\/2357"}],"wp:attachment":[{"href":"http:\/\/cajovnajasminka.sk\/index.php?rest_route=%2Fwp%2Fv2%2Fmedia&parent=2354"}],"curies":[{"name":"wp","href":"https:\/\/api.w.org\/{rel}","templated":true}]}}