{"id":2353,"date":"2020-03-25T18:53:06","date_gmt":"2020-03-25T17:53:06","guid":{"rendered":"http:\/\/cajovnajasminka.sk\/?post_type=product&#038;p=2353"},"modified":"2020-03-25T19:08:01","modified_gmt":"2020-03-25T18:08:01","slug":"zimny-caj-bylinny-caj-sypany","status":"publish","type":"product","link":"http:\/\/cajovnajasminka.sk\/?product=zimny-caj-bylinny-caj-sypany","title":{"rendered":"Zimn\u00fd \u010daj &#8211; bylinn\u00fd \u010daj sypan\u00fd"},"content":{"rendered":"<p><strong>\u00a0\u0160peci\u00e1lny kvalitn\u00fd sypan\u00fd bylinn\u00fd \u010daj\u00a0zostaven\u00fd pod\u013ea origin\u00e1lnej recept\u00fary, chr\u00e1nenej ochrannou zn\u00e1mkou<\/strong><\/p>\n<p class=\"zvyraznenyText3\">Sypan\u00fd bylinn\u00fd \u010daj ur\u010den\u00fd\u00a0 k be\u017en\u00e9mu pitiu vodpovedan\u00facom ro\u010dnom obdob\u00ed<\/p>\n<p><strong>Zlo\u017eenie:<\/strong><\/p>\n<p><strong>\u010cierny \u010daj Assam v BIO kvalite<\/strong>\u2013 dod\u00e1 silu a energiu na ka\u017ed\u00fd nov\u00fd de\u0148<br \/>\n<strong>Z\u00e1zvor kore\u0148<\/strong>\u2013 zahreje a odo\u017eenie\u00a0n\u00e1dchu i ka\u0161e\u013e<br \/>\n<strong>Rakytn\u00edk plod<\/strong> \u2013 obsahuje pr\u00edrodn\u00e9 vitam\u00edny najm\u00e4 r\u00e1d B, C,E,A<br \/>\n<strong>\u0160\u00edpka plod<\/strong>\u2013 obsiahnut\u00fd vitam\u00edn C na podporu imunity a prekrvenia organizmu<br \/>\n<strong>An\u00fdz plod<\/strong> &#8211; pohlad\u00ed bru\u0161ko aj nos<br \/>\n<strong>Lipa kvet<\/strong> &#8211; pom\u00f4\u017ee telu aj du\u0161i<br \/>\n<strong>pr\u00edrodn\u00e1 ar\u00f3ma varen\u00e9ho v\u00edna s pomaran\u010dom\u00a0<\/strong><\/p>\n<p>&nbsp;<\/p>\n<p>&nbsp;<\/p>\n","protected":false},"excerpt":{"rendered":"<p><strong>Gram\u00e1\u017e : 50 g\u00a0<\/strong><\/p>\n","protected":false},"featured_media":2358,"comment_status":"open","ping_status":"closed","template":"","meta":[],"_links":{"self":[{"href":"http:\/\/cajovnajasminka.sk\/index.php?rest_route=\/wp\/v2\/product\/2353"}],"collection":[{"href":"http:\/\/cajovnajasminka.sk\/index.php?rest_route=\/wp\/v2\/product"}],"about":[{"href":"http:\/\/cajovnajasminka.sk\/index.php?rest_route=\/wp\/v2\/types\/product"}],"replies":[{"embeddable":true,"href":"http:\/\/cajovnajasminka.sk\/index.php?rest_route=%2Fwp%2Fv2%2Fcomments&post=2353"}],"wp:featuredmedia":[{"embeddable":true,"href":"http:\/\/cajovnajasminka.sk\/index.php?rest_route=\/wp\/v2\/media\/2358"}],"wp:attachment":[{"href":"http:\/\/cajovnajasminka.sk\/index.php?rest_route=%2Fwp%2Fv2%2Fmedia&parent=2353"}],"curies":[{"name":"wp","href":"https:\/\/api.w.org\/{rel}","templated":true}]}}