{"id":2350,"date":"2020-03-25T18:47:43","date_gmt":"2020-03-25T17:47:43","guid":{"rendered":"http:\/\/cajovnajasminka.sk\/?post_type=product&#038;p=2350"},"modified":"2020-03-25T18:52:30","modified_gmt":"2020-03-25T17:52:30","slug":"jarny-caj-bylinny-caj-sypany","status":"publish","type":"product","link":"http:\/\/cajovnajasminka.sk\/?product=jarny-caj-bylinny-caj-sypany","title":{"rendered":"Jarn\u00fd \u010daj &#8211; bylinn\u00fd \u010daj sypan\u00fd"},"content":{"rendered":"<p><strong>\u00a0\u0160peci\u00e1lny kvalitn\u00fd sypan\u00fd bylinn\u00fd \u010daj\u00a0zostaven\u00fd pod\u013ea origin\u00e1lnej recept\u00fary, chr\u00e1nenej ochrannou zn\u00e1mkou<\/strong><\/p>\n<p class=\"zvyraznenyText3\">Sypan\u00fd bylinn\u00fd \u010daj ur\u010den\u00fd\u00a0 k be\u017en\u00e9mu pitiu vodpovedan\u00facom ro\u010dnom obdob\u00ed<\/p>\n<p><strong>Zlo\u017eenie:<\/strong><\/p>\n<p class=\"zvyraznenyText2\"><strong>Rooibos<\/strong>\u00a0\u2013 z\u00e1zra\u010dn\u00fd \u010derven\u00fd \u010daj, kter\u00fd v\u00fdborne chut\u00ed dospel\u00fdm aj\u00a0de\u0165om<br \/>\n<strong>Sedmokr\u00e1ska oby\u010dajn\u00e1 &#8211; kvet<\/strong>\u00a0\u2013 skor\u00e1 jarn\u00e1 bylinky, ktor\u00e1 vie vyk\u00fazli\u0165 kr\u00e1su va\u0161ej pleti<br \/>\n<strong>Divozel ve\u013ekolkvet\u00fd &#8211;\u00a0kvet<\/strong>\u00a0\u2013 pom\u00f4\u017ee v\u00e1m nad\u00fdchnu\u0165 sa svie\u017eeho jarn\u00e9ho vzduchu<br \/>\n<strong>Nev\u00e4dza po\u013en\u00e1 &#8211; kvet-<\/strong>\u00a0podpor\u00ed va\u0161e o\u010di, aby lep\u0161ie videli kr\u00e1su jarnej pr\u00edrody<\/p>\n<p><strong>Pr\u00edprava:<\/strong>\u00a0jednu k\u00e1vov\u00fa ly\u017ei\u010dku zmesi zalejeme 0,25 litrom vriacej vody a nech\u00e1me 7 min\u00fat vyl\u00fahova\u0165, potom sced\u00edme. \u010caj m\u00f4\u017eeme pi\u0165 aj studen\u00fd<\/p>\n<p>&nbsp;<\/p>\n","protected":false},"excerpt":{"rendered":"<p><strong>Gram\u00e1\u017e : 50 g\u00a0<\/strong><\/p>\n","protected":false},"featured_media":2351,"comment_status":"open","ping_status":"closed","template":"","meta":[],"_links":{"self":[{"href":"http:\/\/cajovnajasminka.sk\/index.php?rest_route=\/wp\/v2\/product\/2350"}],"collection":[{"href":"http:\/\/cajovnajasminka.sk\/index.php?rest_route=\/wp\/v2\/product"}],"about":[{"href":"http:\/\/cajovnajasminka.sk\/index.php?rest_route=\/wp\/v2\/types\/product"}],"replies":[{"embeddable":true,"href":"http:\/\/cajovnajasminka.sk\/index.php?rest_route=%2Fwp%2Fv2%2Fcomments&post=2350"}],"wp:featuredmedia":[{"embeddable":true,"href":"http:\/\/cajovnajasminka.sk\/index.php?rest_route=\/wp\/v2\/media\/2351"}],"wp:attachment":[{"href":"http:\/\/cajovnajasminka.sk\/index.php?rest_route=%2Fwp%2Fv2%2Fmedia&parent=2350"}],"curies":[{"name":"wp","href":"https:\/\/api.w.org\/{rel}","templated":true}]}}