{"id":2347,"date":"2020-03-25T18:41:53","date_gmt":"2020-03-25T17:41:53","guid":{"rendered":"http:\/\/cajovnajasminka.sk\/?post_type=product&#038;p=2347"},"modified":"2020-03-25T18:52:58","modified_gmt":"2020-03-25T17:52:58","slug":"serafinkov-detsky-sirup","status":"publish","type":"product","link":"http:\/\/cajovnajasminka.sk\/?product=serafinkov-detsky-sirup","title":{"rendered":"Seraf\u00ednkov detsk\u00fd sirup"},"content":{"rendered":"<article class=\"product boxRow\">\n<div class=\"detailLong clear\">\n<div class=\"userHTMLContent productDescritionLong\">\n<p><strong>Exkl\u00fazivny pr\u00edpravok s\u00a0vysokou \u00fa\u010dinnos\u0165ou ur\u010den\u00fd na podporu detsk\u00e9ho\u00a0imunitn\u00e9ho syst\u00e9mu,\u00a0d\u00fdchacieho\u00a0traktu a prirodzen\u00fdch funkci\u00ed tela prostredn\u00edctvom ve\u013emi \u00fa\u010dinn\u00fdch byl\u00edn a l\u00e1tok z\u00a0medicin\u00e1lnych h\u00fab. \u00a0DAR\u010cEK\u00a0&#8211;\u00a0DETSK\u00c9 TETOVANIE\u00a0vn\u00fatri balenia<\/strong><\/p>\n<p><strong>Skorocel kopijovit\u00fd v BIO\u00a0kvalite<\/strong>\u00a0-podporuje prirodzen\u00fa imunitu, funkcie tr\u00e1viaceho traktu, \u010driev, \u017eal\u00fadka a prirodzen\u00fa \u010drevn\u00fa mikrofl\u00f3ru. Podporuje funkcie\u00a0pe\u010dene a d\u00fdchacieho syst\u00e9mu<br \/>\n<strong>Reishi<\/strong>\u00a0&#8211; (obsahuje 40% polysacharidov &#8211; betagluk\u00e1nov)<br \/>\n<strong>Agaricus<\/strong>\u00a0&#8211;\u00a0<strong>\u0161ampi\u0148\u00f3n mand\u013eov\u00fd<\/strong>\u00a0&#8211; (obsahuje 40% polysacharidov &#8211; betagluk\u00e1nov)<br \/>\n<strong>Echinacea<\/strong>\u00a0&#8211; podporuje pr\u00edrodzen\u00e9 funkcie imunitn\u00e9ho a d\u00fdchacieho syst\u00e9mu<br \/>\n<strong>Camu Camu<\/strong>\u00a0&#8211; exotick\u00e9 ovocie s vysok\u00fdm obsahom prirodzen\u00e9ho vitam\u00ednu C<br \/>\n<strong>Jabl\u010dn\u00fd koncentr\u00e1t, \u010dakankov\u00fd sirup, Xylitol<\/strong><\/p>\n<p><strong>Bez chemickej konzerv\u00e1cie, pr\u00eddavn\u00fdch l\u00e1tok a dochucovadiel.\u00a0Iba pasterizoan\u00e9<\/strong>!<\/p>\n<p><strong>Lahodn\u00e1 chu\u0165 pridan\u00e9ho jabl\u010dn\u00e9ho koncentr\u00e1tu rob\u00ed zo Seraf\u00ednkovho sirupu pr\u00edpravok, ktor\u00fd de\u0165om chut\u00ed<\/strong><\/p>\n<p><strong>N\u00e1vod k pou\u017eitiu:<\/strong><br \/>\nPr\u00edpravok je mo\u017en\u00e9 u\u017e\u00edvat priamo na ly\u017ei\u010dku alebo\u00a0ho zalia\u0165 100 ml hor\u00facej vody a pop\u00edja\u0165 ako lahodn\u00fd n\u00e1poj.<br \/>\nDeti 1\u20133\u00a0r. 1 k\u00e1vov\u00e1 ly\u017ei\u010dka 1-2\u00d7 denne<br \/>\nDeti 3-6 r. 1 k\u00e1vov\u00e1 ly\u017ei\u010dka 3-4\u00d7 denne<br \/>\nDeti 6-12\u00a0r. 1 polievkov\u00e1 ly\u017eica 3-4\u00d7 denne.<br \/>\nS\u00fa\u010das\u0165ou balenia je prilo\u017een\u00e9 kvapkadlo, ktor\u00e9 si m\u00f4\u017eete nasadi\u0165 do hrdla f\u013easti\u010dky pre zlep\u0161enie d\u00e1vkovania.<\/p>\n<p><strong>Zlo\u017eenie v 200 ml<\/strong>\u00a0&#8211;\u00a0BIO\u00a0Skorocel + Echinacea extrakt ( voda, BIO\u00a0skorocel echinacea) 85 g, jabl\u010dn\u00fd koncentr\u00e1t 84g, \u010dakankov\u00fd sirup 60g, xylitol 32g, Agaricus 5g, Reishi 4 g pektin 1,2 g, Camu camu 1g<\/p>\n<\/div>\n<\/div>\n<\/article>\n","protected":false},"excerpt":{"rendered":"<p><strong>Obsah balenia : 200 ml<\/strong><\/p>\n<p><strong>Vhodn\u00e9 pre deti od 1 roku<\/strong><\/p>\n","protected":false},"featured_media":2349,"comment_status":"open","ping_status":"closed","template":"","meta":[],"_links":{"self":[{"href":"http:\/\/cajovnajasminka.sk\/index.php?rest_route=\/wp\/v2\/product\/2347"}],"collection":[{"href":"http:\/\/cajovnajasminka.sk\/index.php?rest_route=\/wp\/v2\/product"}],"about":[{"href":"http:\/\/cajovnajasminka.sk\/index.php?rest_route=\/wp\/v2\/types\/product"}],"replies":[{"embeddable":true,"href":"http:\/\/cajovnajasminka.sk\/index.php?rest_route=%2Fwp%2Fv2%2Fcomments&post=2347"}],"wp:featuredmedia":[{"embeddable":true,"href":"http:\/\/cajovnajasminka.sk\/index.php?rest_route=\/wp\/v2\/media\/2349"}],"wp:attachment":[{"href":"http:\/\/cajovnajasminka.sk\/index.php?rest_route=%2Fwp%2Fv2%2Fmedia&parent=2347"}],"curies":[{"name":"wp","href":"https:\/\/api.w.org\/{rel}","templated":true}]}}