{"id":2345,"date":"2020-03-25T18:32:33","date_gmt":"2020-03-25T17:32:33","guid":{"rendered":"http:\/\/cajovnajasminka.sk\/?post_type=product&#038;p=2345"},"modified":"2023-02-19T13:57:28","modified_gmt":"2023-02-19T12:57:28","slug":"bradavicove-mazanie","status":"publish","type":"product","link":"http:\/\/cajovnajasminka.sk\/?product=bradavicove-mazanie","title":{"rendered":"Bradavicov\u00e9 mazanie"},"content":{"rendered":"<p><strong>Unik\u00e1tny,\u00a0\u010disto pr\u00edrodn\u00fd pr\u00edpravok\u00a0ur\u010den\u00fd k\u00a0vonkaj\u0161iemu\u00a0pou\u017eitiu. Ve\u013emi\u00a0\u0161etrne odstra\u0148uje bradavice, molusky\u00a0a kurie oka<\/strong><\/p>\n<p><strong>Zlo\u017eenie:<\/strong>\u00a0la\u0161tovi\u010dn\u00edk v\u00e4\u010d\u0161\u00ed, Tuja,\u00a080% alkohol<\/p>\n<p>Odpor\u00fa\u010dame\u00a0s\u00fa\u010dasne u\u017e\u00edva\u0165 vn\u00fatorne bylinn\u00e9 pr\u00edpravky p\u00f4sobiace proti v\u00edrusom a bakt\u00e9riam<\/p>\n<p>&nbsp;<\/p>\n","protected":false},"excerpt":{"rendered":"<p><strong>Obsah balenia : 30 ml<\/strong><\/p>\n<p><strong>Unik\u00e1tny pr\u00edrodn\u00fd pr\u00edpravok ur\u010den\u00fd na bradavice a kurie oka<\/strong><\/p>\n","protected":false},"featured_media":2346,"comment_status":"open","ping_status":"closed","template":"","meta":[],"_links":{"self":[{"href":"http:\/\/cajovnajasminka.sk\/index.php?rest_route=\/wp\/v2\/product\/2345"}],"collection":[{"href":"http:\/\/cajovnajasminka.sk\/index.php?rest_route=\/wp\/v2\/product"}],"about":[{"href":"http:\/\/cajovnajasminka.sk\/index.php?rest_route=\/wp\/v2\/types\/product"}],"replies":[{"embeddable":true,"href":"http:\/\/cajovnajasminka.sk\/index.php?rest_route=%2Fwp%2Fv2%2Fcomments&post=2345"}],"wp:featuredmedia":[{"embeddable":true,"href":"http:\/\/cajovnajasminka.sk\/index.php?rest_route=\/wp\/v2\/media\/2346"}],"wp:attachment":[{"href":"http:\/\/cajovnajasminka.sk\/index.php?rest_route=%2Fwp%2Fv2%2Fmedia&parent=2345"}],"curies":[{"name":"wp","href":"https:\/\/api.w.org\/{rel}","templated":true}]}}