{"id":2338,"date":"2020-03-25T16:55:07","date_gmt":"2020-03-25T15:55:07","guid":{"rendered":"http:\/\/cajovnajasminka.sk\/?post_type=product&#038;p=2338"},"modified":"2022-03-09T09:39:11","modified_gmt":"2022-03-09T08:39:11","slug":"ruska-3-vrstvove-cierne","status":"publish","type":"product","link":"http:\/\/cajovnajasminka.sk\/?product=ruska-3-vrstvove-cierne","title":{"rendered":"R\u00fa\u0161ka 3vrstv. \u010dierne"},"content":{"rendered":"<p>Farebn\u00e9 batikovan\u00e9, alebo jednofarebn\u00e9 3-vrstvov\u00e9 r\u00fa\u0161ka s otvorom pre vlo\u017eenie filtra\u010dnej alebo antibakteri\u00e1lnej vlo\u017eky, v cene 3,90\u20ac za kus, alebo 2- vrstvov\u00e9 skladan\u00e9 r\u00fa\u0161ka v cene 3,50 za kus. Kvalitn\u00e1 pr\u00e1ca, r\u00fa\u0161ka m\u00f4\u017ete pra\u0165 a \u017eehli\u0165 a teda pou\u017ei\u0165 nieko\u013ekokr\u00e1t.<\/p>\n<p>&nbsp;<\/p>\n","protected":false},"excerpt":{"rendered":"<p><b>R\u00fa\u0161ka na tv\u00e1r 100% bavlna, ru\u010dne \u0161it\u00e9\u00a0<\/b><\/p>\n","protected":false},"featured_media":2339,"comment_status":"closed","ping_status":"closed","template":"","meta":[],"_links":{"self":[{"href":"http:\/\/cajovnajasminka.sk\/index.php?rest_route=\/wp\/v2\/product\/2338"}],"collection":[{"href":"http:\/\/cajovnajasminka.sk\/index.php?rest_route=\/wp\/v2\/product"}],"about":[{"href":"http:\/\/cajovnajasminka.sk\/index.php?rest_route=\/wp\/v2\/types\/product"}],"replies":[{"embeddable":true,"href":"http:\/\/cajovnajasminka.sk\/index.php?rest_route=%2Fwp%2Fv2%2Fcomments&post=2338"}],"wp:featuredmedia":[{"embeddable":true,"href":"http:\/\/cajovnajasminka.sk\/index.php?rest_route=\/wp\/v2\/media\/2339"}],"wp:attachment":[{"href":"http:\/\/cajovnajasminka.sk\/index.php?rest_route=%2Fwp%2Fv2%2Fmedia&parent=2338"}],"curies":[{"name":"wp","href":"https:\/\/api.w.org\/{rel}","templated":true}]}}