{"id":231,"date":"2017-05-01T17:27:54","date_gmt":"2017-05-01T15:27:54","guid":{"rendered":"http:\/\/cajovnajasminka.sk\/?product=kapha-dosicky-ajurvedsky-caj"},"modified":"2023-01-19T11:08:12","modified_gmt":"2023-01-19T10:08:12","slug":"kapha-dosicky-ajurvedsky-caj","status":"publish","type":"product","link":"http:\/\/cajovnajasminka.sk\/?product=kapha-dosicky-ajurvedsky-caj","title":{"rendered":"Kapha-D\u00f3\u0161ick\u00fd Ajurv\u00e9dsky \u010daj"},"content":{"rendered":"<p><strong>Storo\u010diami overen\u00e9 zmesi himal\u00e1jskych byl\u00edn priaznivo p\u00f4sobia na celkov\u00fd telesn\u00fd stav a psychick\u00fa kond\u00edciu ka\u017ed\u00e9ho jednotlivca pod\u013ea jeho kon\u0161titu\u010dnej charakteristiky a individu\u00e1lnej kombin\u00e1cie troch biologick\u00fdch energi\u00ed (d\u00f3\u0161) vata, pitta, kapha.<\/strong><\/p>\n<p>Kapha zais\u0165uje odolnos\u0165 organizmu a \u010dinnos\u0165 imunitn\u00e9ho syst\u00e9mu, posil\u0148uje telesn\u00fa vitalitu, k\u013abov\u00fd apar\u00e1t a celkov\u00fd fyzick\u00fd stav. Prin\u00e1\u0161a pocit povzbudenia a osvie\u017eenia. Priaznivo p\u00f4sob\u00ed pri pravidelnom u\u017e\u00edvan\u00ed na celkov\u00fd zdravotn\u00fd stav a psychick\u00fa kond\u00edciu u \u013eud\u00ed s prevahou nasleduj\u00facej charakteristiky:<\/p>\n<ul>\n<li>Ste silnej\u0161ej postavy<\/li>\n<li>\u013dahko priber\u00e1te na v\u00e1he<\/li>\n<li>Nem\u00e1te radi vlhk\u00e9 a da\u017ediv\u00e9 po\u010dasie<\/li>\n<li>M\u00e1te hladk\u00fa a siln\u00fa poko\u017eku<\/li>\n<li>Ste priate\u013esk\u00fd typ s miernou a pokojnou povahou<\/li>\n<li>M\u00e1te dobr\u00fa pam\u00e4\u0165 a sklon k tvrdohlav\u00e9mu rokovaniu<\/li>\n<li>Ste spo\u013eahliv\u00fd, trpezliv\u00fd, vytrval\u00fd a tolerantn\u00fd<\/li>\n<li>Neradi men\u00edte svoje zvyklosti a radi zotrv\u00e1vate na rovnakom mieste<\/li>\n<li>Ste rozv\u00e1\u017enej\u0161\u00ed a pomal\u0161\u00ed vo svojich \u010dinnostiach<\/li>\n<li>M\u00e1te dobr\u00fd zmysel pre spolupr\u00e1cu<\/li>\n<\/ul>\n<p>Obnoveniu rovnov\u00e1hy napom\u00e1ha: \u013eahk\u00e1, korenen\u00e1 a tepl\u00e1 strava, pravideln\u00fd pohyb a fyzick\u00e9 cvi\u010denia, \u010dast\u00e1 zmena a r\u00f4znorodos\u0165 denn\u00fdch aktiv\u00edt. Kapha typ by sa mal vyh\u00fdba\u0165 \u0165a\u017ek\u00fdm, olejnat\u00fdm, dusen\u00fdm a tu\u010dn\u00fdm jedl\u00e1m. Mal by uprednostni\u0165 konzum\u00e1ciu korenenej, horkej a trpkej stravy a obmedzi\u0165 nadbyto\u010dn\u00fd sp\u00e1nok, prejedanie sa a konzum\u00e1ciu mlie\u010dnych v\u00fdrobkov.<\/p>\n<p>\u010caj Kapha prispieva k povzbudeniu a vitalite organizmu<br \/>\nPom\u00e1ha odstra\u0148ova\u0165 \u00fanavu a ospalos\u0165<br \/>\nOptimalizuje du\u0161evn\u00fd stav pri pocitoch psychickej skleslosti<br \/>\nPriaznivo p\u00f4sob\u00ed na fyzick\u00fa svie\u017eos\u0165 a dobr\u00fa telesn\u00fa kond\u00edciu<br \/>\nPodporuje \u010dinnos\u0165 kardiovaskul\u00e1rneho syst\u00e9mu<br \/>\nPrispieva k norm\u00e1lnej hladine cholesterolu<br \/>\nM\u00e1 priazniv\u00fd vplyv na respira\u010dn\u00fd syst\u00e9m<br \/>\nPom\u00e1ha uvo\u013e\u0148ova\u0165 d\u00fdchacie cesty<\/p>\n<p><strong>Zlo\u017eenie :<\/strong><\/p>\n<p>Bazalka sv\u00e4t\u00e1 (Ocimum tenuiflorum), pupo\u010dn\u00edk \u00e1zijsk\u00fd &#8211; GotuKola (Centella asiatica), z\u00e1zvorovn\u00edk lek\u00e1rsky &#8211; z\u00e1zvor (Zingiber origgicinalis), kotvi\u010dn\u00edk zemn\u00fd (Tribulus terrestris), voskovn\u00edk (Myrica rubra) plod, kardamom oby\u010dajn\u00fd (Elettaria cardamomum), Vibhitaka (Terminalia bellirica), \u0161koricovn\u00edk tamala (Cinnamomum tamala), rasca r\u00edmska (Cuminum cuminum L.), klin\u010dekovec vo\u0148av\u00fd (Syzygium aromaticum), \u010dierne korenie (Piper nigrum L.).<\/p>\n<p><strong>Hmotnos\u0165 :<\/strong> 100 g<\/p>\n<p>&nbsp;<\/p>\n","protected":false},"excerpt":{"rendered":"<p>Storo\u010diami overen\u00e9 zmesi himal\u00e1jskych byl\u00edn priaznivo p\u00f4sobia na celkov\u00fd telesn\u00fd stav a psychick\u00fa kond\u00edciu ka\u017ed\u00e9ho jednotlivca pod\u013ea jeho kon\u0161titu\u010dnej charakteristiky a individu\u00e1lnej kombin\u00e1cie troch biologick\u00fdch energi\u00ed (d\u00f3\u0161) vata, pitta, kapha. Kapha zais\u0165uje odolnos\u0165 organizmu a \u010dinnos\u0165 imunitn\u00e9ho syst\u00e9mu, posil\u0148uje telesn\u00fa vitalitu, k\u013abov\u00fd apar\u00e1t a celkov\u00fd fyzick\u00fd stav. Prin\u00e1\u0161a pocit povzbudenia a osvie\u017eenia. Priaznivo p\u00f4sob\u00ed pri<\/p>\n","protected":false},"featured_media":232,"comment_status":"open","ping_status":"closed","template":"","meta":[],"_links":{"self":[{"href":"http:\/\/cajovnajasminka.sk\/index.php?rest_route=\/wp\/v2\/product\/231"}],"collection":[{"href":"http:\/\/cajovnajasminka.sk\/index.php?rest_route=\/wp\/v2\/product"}],"about":[{"href":"http:\/\/cajovnajasminka.sk\/index.php?rest_route=\/wp\/v2\/types\/product"}],"replies":[{"embeddable":true,"href":"http:\/\/cajovnajasminka.sk\/index.php?rest_route=%2Fwp%2Fv2%2Fcomments&post=231"}],"wp:featuredmedia":[{"embeddable":true,"href":"http:\/\/cajovnajasminka.sk\/index.php?rest_route=\/wp\/v2\/media\/232"}],"wp:attachment":[{"href":"http:\/\/cajovnajasminka.sk\/index.php?rest_route=%2Fwp%2Fv2%2Fmedia&parent=231"}],"curies":[{"name":"wp","href":"https:\/\/api.w.org\/{rel}","templated":true}]}}